
{"id":62,"date":"2015-11-19T10:40:52","date_gmt":"2015-11-19T10:40:52","guid":{"rendered":"http:\/\/flatsome.dev\/cart\/"},"modified":"2024-03-28T14:17:33","modified_gmt":"2024-03-28T07:17:33","slug":"cart","status":"publish","type":"page","link":"https:\/\/hfa.vn\/?page_id=62","title":{"rendered":"Cart"},"content":{"rendered":"<div class=\"woocommerce\"><div class=\"text-center pt pb\">\n\t<div class=\"woocommerce-notices-wrapper\"><\/div><div class=\"wc-empty-cart-message\">\n\t<div class=\"woocommerce-info message-wrapper\">\n\t\t<div class=\"message-container container medium-text-center\">\n\t\t\tCh\u01b0a c\u00f3 s\u1ea3n ph\u1ea9m n\u00e0o trong gi\u1ecf h\u00e0ng.\t\t<\/div>\n\t<\/div>\n\t<\/div>\t\t<p class=\"return-to-shop\">\n\t\t\t<a class=\"button primary wc-backward\" href=\"https:\/\/hfa.vn\/?page_id=63\">\n\t\t\t\tQuay tr\u1edf l\u1ea1i c\u1eeda h\u00e0ng\t\t\t<\/a>\n\t\t<\/p>\n\t<\/div>\n<\/div>\n<h3><span style=\"color: #50b848;\"><strong>\u00a0GIAO H\u00c0NG HO\u1ea2 T\u1ed0C 2h<\/strong><\/span><\/h3>\n<p>\u0110\u1ec3 n\u00e2ng cao ch\u1ea5t l\u01b0\u1ee3ng d\u1ecbch v\u1ee5 c\u0169ng nh\u01b0 mang nh\u1eefng th\u1ef1c ph\u1ea9m t\u01b0\u01a1i ngon nh\u1ea5t t\u1edbi v\u1edbi kh\u00e1ch h\u00e0ng. Than Uy\u00ean Food h\u1ed7 tr\u1ee3 giao h\u00e0ng ho\u1ea3 t\u1ed1c 2h t\u1ea1i khu v\u1ef1c th\u00e0nh ph\u1ed1 H\u00e0 N\u1ed9i.<\/p>\n<p>Hotline\/ Zalo: <span style=\"color: #3366ff;\">0982127548<\/span> \/ <span style=\"color: #3366ff;\">0962664438\u00a0<\/span><\/p>\n<p>Fanpage: <a href=\"https:\/\/www.facebook.com\/profile.php?id=61553852361796\">Than Uy\u00ean Food &#8211; H\u00e0 N\u1ed9i\u00a0<\/a><\/p>\n<p>\u00a0<\/p>\n<p>Qu\u00fd kh\u00e1ch h\u00e0ng v\u00e0 \u0111\u1ed1i t\u00e1c c\u00f3 nhu c\u1ea7u l\u1ea5y s\u1ed1 l\u01b0\u1ee3ng l\u1edbn v\u1edbi gi\u00e1 s\u1ec9 t\u1ed1t nh\u1ea5t vui l\u00f2ng li\u00ean h\u1ec7: <span style=\"color: #3366ff;\">0962664438<\/span><\/p>\n<p>\u00a0<\/p>\n","protected":false},"excerpt":{"rendered":"<p>\u00a0GIAO H\u00c0NG HO\u1ea2 T\u1ed0C 2h \u0110\u1ec3 n\u00e2ng cao ch\u1ea5t l\u01b0\u1ee3ng d\u1ecbch v\u1ee5 c\u0169ng nh\u01b0 mang nh\u1eefng th\u1ef1c ph\u1ea9m t\u01b0\u01a1i ngon nh\u1ea5t t\u1edbi v\u1edbi kh\u00e1ch h\u00e0ng. Than Uy\u00ean Food h\u1ed7 tr\u1ee3 giao h\u00e0ng ho\u1ea3 t\u1ed1c 2h t\u1ea1i khu v\u1ef1c th\u00e0nh ph\u1ed1 H\u00e0 N\u1ed9i. Hotline\/ Zalo: 0982127548 \/ 0962664438\u00a0 Fanpage: Than Uy\u00ean Food &#8211; H\u00e0 N\u1ed9i\u00a0 \u00a0&#8230;<\/p>\n","protected":false},"author":1,"featured_media":0,"parent":0,"menu_order":0,"comment_status":"closed","ping_status":"closed","template":"","meta":{"footnotes":""},"class_list":["post-62","page","type-page","status-publish","hentry"],"yoast_head":"<!-- This site is optimized with the Yoast SEO plugin v26.5 - https:\/\/yoast.com\/wordpress\/plugins\/seo\/ -->\n<title>Cart - Healthy food AA<\/title>\n<meta name=\"robots\" content=\"index, follow, max-snippet:-1, max-image-preview:large, max-video-preview:-1\" \/>\n<link rel=\"canonical\" href=\"https:\/\/hfa.vn\/?page_id=62\" \/>\n<meta property=\"og:locale\" content=\"vi_VN\" \/>\n<meta property=\"og:type\" content=\"article\" \/>\n<meta property=\"og:title\" content=\"Cart - Healthy food AA\" \/>\n<meta property=\"og:description\" content=\"\u00a0GIAO H\u00c0NG HO\u1ea2 T\u1ed0C 2h \u0110\u1ec3 n\u00e2ng cao ch\u1ea5t l\u01b0\u1ee3ng d\u1ecbch v\u1ee5 c\u0169ng nh\u01b0 mang nh\u1eefng th\u1ef1c ph\u1ea9m t\u01b0\u01a1i ngon nh\u1ea5t t\u1edbi v\u1edbi kh\u00e1ch h\u00e0ng. Than Uy\u00ean Food h\u1ed7 tr\u1ee3 giao h\u00e0ng ho\u1ea3 t\u1ed1c 2h t\u1ea1i khu v\u1ef1c th\u00e0nh ph\u1ed1 H\u00e0 N\u1ed9i. Hotline\/ Zalo: 0982127548 \/ 0962664438\u00a0 Fanpage: Than Uy\u00ean Food &#8211; H\u00e0 N\u1ed9i\u00a0 \u00a0...\" \/>\n<meta property=\"og:url\" content=\"https:\/\/hfa.vn\/?page_id=62\" \/>\n<meta property=\"og:site_name\" content=\"Healthy food AA\" \/>\n<meta property=\"article:modified_time\" content=\"2024-03-28T07:17:33+00:00\" \/>\n<meta name=\"twitter:card\" content=\"summary_large_image\" \/>\n<meta name=\"twitter:label1\" content=\"\u01af\u1edbc t\u00ednh th\u1eddi gian \u0111\u1ecdc\" \/>\n\t<meta name=\"twitter:data1\" content=\"1 ph\u00fat\" \/>\n<script type=\"application\/ld+json\" class=\"yoast-schema-graph\">{\"@context\":\"https:\/\/schema.org\",\"@graph\":[{\"@type\":\"WebPage\",\"@id\":\"https:\/\/hfa.vn\/?page_id=62\",\"url\":\"https:\/\/hfa.vn\/?page_id=62\",\"name\":\"Cart - Healthy food AA\",\"isPartOf\":{\"@id\":\"https:\/\/hfa.vn\/#website\"},\"datePublished\":\"2015-11-19T10:40:52+00:00\",\"dateModified\":\"2024-03-28T07:17:33+00:00\",\"breadcrumb\":{\"@id\":\"https:\/\/hfa.vn\/?page_id=62#breadcrumb\"},\"inLanguage\":\"vi\",\"potentialAction\":[{\"@type\":\"ReadAction\",\"target\":[\"https:\/\/hfa.vn\/?page_id=62\"]}]},{\"@type\":\"BreadcrumbList\",\"@id\":\"https:\/\/hfa.vn\/?page_id=62#breadcrumb\",\"itemListElement\":[{\"@type\":\"ListItem\",\"position\":1,\"name\":\"Trang ch\u1ee7\",\"item\":\"https:\/\/hfa.vn\/\"},{\"@type\":\"ListItem\",\"position\":2,\"name\":\"Cart\"}]},{\"@type\":\"WebSite\",\"@id\":\"https:\/\/hfa.vn\/#website\",\"url\":\"https:\/\/hfa.vn\/\",\"name\":\"Healthy food AA\",\"description\":\"S\u1ee9c kh\u1ecfe kh\u00e1ch h\u00e0ng, S\u1ee9 m\u1ec7nh doanh nghi\u1ec7p; Healthy food AA n\u00e2ng t\u1ea7m s\u1ee9c kh\u1ecfe Vi\u1ec7t\",\"potentialAction\":[{\"@type\":\"SearchAction\",\"target\":{\"@type\":\"EntryPoint\",\"urlTemplate\":\"https:\/\/hfa.vn\/?s={search_term_string}\"},\"query-input\":{\"@type\":\"PropertyValueSpecification\",\"valueRequired\":true,\"valueName\":\"search_term_string\"}}],\"inLanguage\":\"vi\"}]}<\/script>\n<!-- \/ Yoast SEO plugin. -->","yoast_head_json":{"title":"Cart - Healthy food AA","robots":{"index":"index","follow":"follow","max-snippet":"max-snippet:-1","max-image-preview":"max-image-preview:large","max-video-preview":"max-video-preview:-1"},"canonical":"https:\/\/hfa.vn\/?page_id=62","og_locale":"vi_VN","og_type":"article","og_title":"Cart - Healthy food AA","og_description":"\u00a0GIAO H\u00c0NG HO\u1ea2 T\u1ed0C 2h \u0110\u1ec3 n\u00e2ng cao ch\u1ea5t l\u01b0\u1ee3ng d\u1ecbch v\u1ee5 c\u0169ng nh\u01b0 mang nh\u1eefng th\u1ef1c ph\u1ea9m t\u01b0\u01a1i ngon nh\u1ea5t t\u1edbi v\u1edbi kh\u00e1ch h\u00e0ng. Than Uy\u00ean Food h\u1ed7 tr\u1ee3 giao h\u00e0ng ho\u1ea3 t\u1ed1c 2h t\u1ea1i khu v\u1ef1c th\u00e0nh ph\u1ed1 H\u00e0 N\u1ed9i. Hotline\/ Zalo: 0982127548 \/ 0962664438\u00a0 Fanpage: Than Uy\u00ean Food &#8211; H\u00e0 N\u1ed9i\u00a0 \u00a0...","og_url":"https:\/\/hfa.vn\/?page_id=62","og_site_name":"Healthy food AA","article_modified_time":"2024-03-28T07:17:33+00:00","twitter_card":"summary_large_image","twitter_misc":{"\u01af\u1edbc t\u00ednh th\u1eddi gian \u0111\u1ecdc":"1 ph\u00fat"},"schema":{"@context":"https:\/\/schema.org","@graph":[{"@type":"WebPage","@id":"https:\/\/hfa.vn\/?page_id=62","url":"https:\/\/hfa.vn\/?page_id=62","name":"Cart - Healthy food AA","isPartOf":{"@id":"https:\/\/hfa.vn\/#website"},"datePublished":"2015-11-19T10:40:52+00:00","dateModified":"2024-03-28T07:17:33+00:00","breadcrumb":{"@id":"https:\/\/hfa.vn\/?page_id=62#breadcrumb"},"inLanguage":"vi","potentialAction":[{"@type":"ReadAction","target":["https:\/\/hfa.vn\/?page_id=62"]}]},{"@type":"BreadcrumbList","@id":"https:\/\/hfa.vn\/?page_id=62#breadcrumb","itemListElement":[{"@type":"ListItem","position":1,"name":"Trang ch\u1ee7","item":"https:\/\/hfa.vn\/"},{"@type":"ListItem","position":2,"name":"Cart"}]},{"@type":"WebSite","@id":"https:\/\/hfa.vn\/#website","url":"https:\/\/hfa.vn\/","name":"Healthy food AA","description":"S\u1ee9c kh\u1ecfe kh\u00e1ch h\u00e0ng, S\u1ee9 m\u1ec7nh doanh nghi\u1ec7p; Healthy food AA n\u00e2ng t\u1ea7m s\u1ee9c kh\u1ecfe Vi\u1ec7t","potentialAction":[{"@type":"SearchAction","target":{"@type":"EntryPoint","urlTemplate":"https:\/\/hfa.vn\/?s={search_term_string}"},"query-input":{"@type":"PropertyValueSpecification","valueRequired":true,"valueName":"search_term_string"}}],"inLanguage":"vi"}]}},"_links":{"self":[{"href":"https:\/\/hfa.vn\/index.php?rest_route=\/wp\/v2\/pages\/62","targetHints":{"allow":["GET"]}}],"collection":[{"href":"https:\/\/hfa.vn\/index.php?rest_route=\/wp\/v2\/pages"}],"about":[{"href":"https:\/\/hfa.vn\/index.php?rest_route=\/wp\/v2\/types\/page"}],"author":[{"embeddable":true,"href":"https:\/\/hfa.vn\/index.php?rest_route=\/wp\/v2\/users\/1"}],"replies":[{"embeddable":true,"href":"https:\/\/hfa.vn\/index.php?rest_route=%2Fwp%2Fv2%2Fcomments&post=62"}],"version-history":[{"count":2,"href":"https:\/\/hfa.vn\/index.php?rest_route=\/wp\/v2\/pages\/62\/revisions"}],"predecessor-version":[{"id":8607,"href":"https:\/\/hfa.vn\/index.php?rest_route=\/wp\/v2\/pages\/62\/revisions\/8607"}],"wp:attachment":[{"href":"https:\/\/hfa.vn\/index.php?rest_route=%2Fwp%2Fv2%2Fmedia&parent=62"}],"curies":[{"name":"wp","href":"https:\/\/api.w.org\/{rel}","templated":true}]}}