
{"id":8297,"date":"2023-11-22T14:23:48","date_gmt":"2023-11-22T07:23:48","guid":{"rendered":"https:\/\/hfafood.com\/?post_type=product&#038;p=8297"},"modified":"2024-04-11T16:54:46","modified_gmt":"2024-04-11T09:54:46","slug":"vien-tha-lau-vua-ca-aa","status":"publish","type":"product","link":"https:\/\/hfa.vn\/?product=vien-tha-lau-vua-ca-aa","title":{"rendered":"Vi\u00ean Th\u1ea3 L\u1ea9u Vua C\u00e1 AA &#8211; G\u00f3i 500gr"},"content":{"rendered":"<h3><strong>Gi\u1edbi Thi\u1ec7u Chung V\u1ec1 S\u1ea3n Ph\u1ea9m<\/strong><\/h3>\n<ul>\n<li>T\u00ean S\u1ea3n Ph\u1ea9m: VI\u00caN TH\u1ea2 L\u1ea8U VUA C\u00c1 AA<\/li>\n<li>Th\u01b0\u01a1ng Hi\u1ec7u: Healthy Food AA<\/li>\n<li>Ngu\u1ed3n G\u1ed1c: Khu nu\u00f4i tr\u1ed3ng c\u00e1 s\u1ea1ch H\u1ee3p T\u00e1c X\u00e3 Than Uy\u00ean<\/li>\n<li>Quy C\u00e1ch \u0110\u00f3ng G\u00f3i: 500gr\/ G\u00f3i<\/li>\n<li>H\u1ea1n S\u1eed D\u1ee5ng: In tr\u00ean bao b\u00ec<\/li>\n<\/ul>\n<h3><strong>Th\u00f4ng Tin Chi Ti\u1ebft<\/strong><\/h3>\n<p>S\u1ea3n ph\u1ea9m \u201cVi\u00ean Th\u1ea3 L\u1ea9u C\u00e1 AA\u201d l\u00e0 s\u1ea3n ph\u1ea9m v\u1edbi m\u1ee5c ti\u00eau h\u00e0ng \u0111\u1ea7u l\u00e0 mang ch\u1ea5t l\u01b0\u1ee3ng t\u1ed1t nh\u1ea5t \u0111\u1ebfn v\u1edbi kh\u00e1ch h\u00e0ng, v\u1edbi ti\u00eau ch\u00ed 3 kh\u00f4ng: Kh\u00f4ng ch\u1ea5t b\u1ea3o qu\u1ea3n, kh\u00f4ng ch\u1ea5t t\u1ea1o m\u00e0u, kh\u00f4ng ch\u1ea5t c\u1ea5m. Vi\u00ean th\u1ea3 l\u1ea9u \u0111\u01b0\u1ee3c l\u00e0m t\u1eeb nguy\u00ean li\u1ec7u ch\u00ednh l\u00e0 c\u00e1 R\u00f4 s\u1ea1ch file Than Uy\u00ean, k\u1ebft h\u1ee3p v\u1edbi th\u1ecbt heo v\u00e0 c\u00e1c lo\u1ea1i h\u01b0\u01a1ng v\u1ecb. M\u1ed7i vi\u00ean th\u1ea3 l\u1ea9u l\u00e0 m\u1ed9t s\u1ef1 ho\u00e0 tr\u1ed9n h\u00e0i ho\u00e0 gi\u1eefa \u0111\u1ed9 th\u01a1m gi\u00f2n c\u1ee7a c\u00e1, b\u00e9o ng\u1eady t\u1eeb th\u1ecbt v\u00e0 \u0111\u1eadm v\u1ecb t\u1eeb c\u00e1c h\u01b0\u01a1ng v\u1ecb kh\u00e1c nhau.<\/p>\n<p>C\u00e1 R\u00f4 l\u00e0 nguy\u00ean li\u1ec7u ch\u00ednh trong t\u1eebng vi\u00ean th\u1ea3 l\u1ea9u, \u0111\u00e2y l\u00e0 lo\u1ea1i c\u00e1 \u0111\u01b0\u1ee3c nu\u00f4i t\u1ea1i h\u1ed3 thu\u1ef7 \u0111i\u1ec7n Hu\u1ed5i Qu\u1ea3ng, Than Uy\u00ean. N\u01a1i \u0111\u00e2y c\u00f3 \u0111i\u1ec1u ki\u1ec7n t\u1ef1 nhi\u00ean r\u1ea5t thu\u1eadn l\u1ee3i cho c\u00e1 ph\u00e1t tri\u1ec3n nh\u01b0 ngu\u1ed3n n\u01b0\u1edbc d\u1ed3i d\u00e0o, xanh m\u00e1t, ngu\u1ed3n th\u1ee9c \u0103n phong ph\u00fa. T\u1eeb \u0111\u00f3 gi\u00fap c\u00e1 sinh tr\u01b0\u1edfng t\u1ed1t, kho\u1ebb m\u1ea1nh v\u00e0 \u0111\u1ea1t ch\u1ea5t l\u01b0\u1ee3ng cao.<\/p>\n<p>Ng\u01b0\u1eddi d\u00f9ng c\u00f3 th\u1ec3 tu\u1ef3 th\u00edch k\u1ebft h\u1ee3p c\u00f9ng v\u1edbi c\u00e1c m\u00f3n l\u1ea9u kh\u00e1c nhau nh\u01b0 l\u1ea9u ri\u00eau cua, l\u1ea9u g\u00e0, l\u1ea9u th\u00e1i, l\u1ea9u th\u1eadp c\u1ea9m \u0111\u1ec1u r\u1ea5t ngon v\u00e0 ti\u1ec7n l\u1ee3i.<\/p>\n<p>\ud83d\ude80Ch\u00fang t\u00f4i h\u1ed7 tr\u1ee3 giao h\u00e0ng ho\u1ea3 t\u1ed1c trong v\u00f2ng 2h t\u1ea1i H\u00e0 N\u1ed9i, nhanh ch\u00f3ng, ti\u1ec7n l\u1ee3i, \u0111\u1ea3m b\u1ea3o gi\u1eef \u0111\u01b0\u1ee3c \u0111\u1ed9 t\u01b0\u01a1i ngon chu\u1ea9n nh\u1ea5t c\u1ee7a s\u1ea3n ph\u1ea9m.<\/p>\n<p>\ud83d\udd16C\u00e1c s\u1ea3n ph\u1ea9m \u0111\u00e3 v\u00e0 \u0111ang \u0111\u01b0\u1ee3c b\u00e0y b\u00e1n t\u1ea1i c\u00e1c gian h\u00e0ng c\u1ee7a c\u00e1c si\u00eau th\u1ecb nh\u01b0 Win mark, Aeon, Fuji, Mega, BigC, BRG\u2026<\/p>\n<h3><strong>Cam K\u1ebft Ch\u1ea5t L\u01b0\u1ee3ng<\/strong><\/h3>\n<p>\u2705 Ngu\u1ed3n g\u1ed1c xu\u1ea5t x\u1ee9 r\u00f5 r\u00e0ng<\/p>\n<p>\u2705 \u0110\u1ea3m b\u1ea3o v\u1ec7 sinh ATTP<\/p>\n<p>\u2705 Kh\u00f4ng s\u1eed d\u1ee5ng ch\u1ea5t b\u1ea3o qu\u1ea3n, ch\u1ea5t c\u1ea5m<\/p>\n<p>\u2705 100% t\u1eeb c\u00e1 t\u01b0\u01a1i s\u1ea1ch t\u1ea1i Than Uy\u00ean<\/p>\n<p>\u2705 H\u1ed7 tr\u1ee3 ho\u00e0n ti\u1ec1n, \u0111\u1ed5i tr\u1ea3 n\u1ebfu s\u1ea3n ph\u1ea9m kh\u00f4ng nh\u01b0 cam k\u1ebft c\u1ee7a shop<\/p>\n<p>&#8212;&#8212;&#8212;&#8212;&#8212;&#8212;&#8212;&#8212;&#8212;&#8212;&#8212;&#8212;&#8212;&#8212;&#8212;&#8212;&#8212;&#8212;&#8212;&#8212;&#8212;&#8212;<\/p>\n<h3><strong>Healthy Food AA \u2013 C\u00e1 Ngon T\u1eeb D\u00f2ng N\u01b0\u1edbc Ng\u1ecdt<\/strong><\/h3>\n","protected":false},"excerpt":{"rendered":"<p>Th\u00e0nh ph\u1ea7n: C\u00e1 R\u00f4 Phi file (56%), Gi\u00f2 s\u1ed1ng (18,5%), Th\u1ecbt xay<br \/>\n(4%) Th\u00ec l\u00e0, H\u00e0nh kh\u00f4, T\u1ecfi b\u0103m,Ti\u00eau xay, ch\u1ea5t \u0110i\u1ec1u V\u1ecb ins 621, B\u1ed9t canh, n\u01b0\u1edbc<br \/>\nM\u1eafm, \u1edat, D\u1ea7u \u0103n. S\u1ea3n ph\u1ea9m s\u1eed d\u1ee5ng bao b\u00ec PA, PE \u0111\u1ea3m b\u1ea3o ch\u1ea5t l\u01b0\u1ee3ng<\/p>\n","protected":false},"featured_media":8644,"comment_status":"open","ping_status":"closed","template":"","meta":[],"product_brand":[],"product_cat":[79,77,83],"product_tag":[237,236],"class_list":{"0":"post-8297","1":"product","2":"type-product","3":"status-publish","4":"has-post-thumbnail","6":"product_cat-combo-lau","7":"product_cat-san-pham","8":"product_cat-san-pham-tu-ca","9":"product_tag-lau","10":"product_tag-vien-tha-lau","12":"first","13":"instock","14":"shipping-taxable","15":"purchasable","16":"product-type-simple"},"yoast_head":"<!-- This site is optimized with the Yoast SEO plugin v26.5 - https:\/\/yoast.com\/wordpress\/plugins\/seo\/ -->\n<title>Vi\u00ean Th\u1ea3 L\u1ea9u Vua C\u00e1 AA - G\u00f3i 500gr - Healthy food AA<\/title>\n<meta name=\"description\" content=\"Th\u00e0nh ph\u1ea7n: C\u00e1 R\u00f4 Phi file (56%), Gi\u00f2 s\u1ed1ng (18,5%), Th\u1ecbt xay(4%) Th\u00ec l\u00e0, H\u00e0nh kh\u00f4, T\u1ecfi b\u0103m,Ti\u00eau xay, ch\u1ea5t \u0110i\u1ec1u V\u1ecb ins 621, B\u1ed9t canh, n\u01b0\u1edbcM\u1eafm, \u1edat, D\u1ea7u \u0103n. S\u1ea3n ph\u1ea9m s\u1eed d\u1ee5ng bao b\u00ec PA, PE \u0111\u1ea3m b\u1ea3o ch\u1ea5t l\u01b0\u1ee3ng\" \/>\n<meta name=\"robots\" content=\"index, follow, max-snippet:-1, max-image-preview:large, max-video-preview:-1\" \/>\n<link rel=\"canonical\" href=\"https:\/\/hfa.vn\/product\/vien-tha-lau-vua-ca-aa\/\" \/>\n<meta property=\"og:locale\" content=\"vi_VN\" \/>\n<meta property=\"og:type\" content=\"article\" \/>\n<meta property=\"og:title\" content=\"Vi\u00ean Th\u1ea3 L\u1ea9u Vua C\u00e1 AA - G\u00f3i 500gr - Healthy food AA\" \/>\n<meta property=\"og:description\" content=\"Th\u00e0nh ph\u1ea7n: C\u00e1 R\u00f4 Phi file (56%), Gi\u00f2 s\u1ed1ng (18,5%), Th\u1ecbt xay(4%) Th\u00ec l\u00e0, H\u00e0nh kh\u00f4, T\u1ecfi b\u0103m,Ti\u00eau xay, ch\u1ea5t \u0110i\u1ec1u V\u1ecb ins 621, B\u1ed9t canh, n\u01b0\u1edbcM\u1eafm, \u1edat, D\u1ea7u \u0103n. S\u1ea3n ph\u1ea9m s\u1eed d\u1ee5ng bao b\u00ec PA, PE \u0111\u1ea3m b\u1ea3o ch\u1ea5t l\u01b0\u1ee3ng\" \/>\n<meta property=\"og:url\" content=\"https:\/\/hfa.vn\/product\/vien-tha-lau-vua-ca-aa\/\" \/>\n<meta property=\"og:site_name\" content=\"Healthy food AA\" \/>\n<meta property=\"article:modified_time\" content=\"2024-04-11T09:54:46+00:00\" \/>\n<meta property=\"og:image\" content=\"https:\/\/hfa.vn\/wp-content\/uploads\/2023\/11\/Vien-tha-lau-vua-ca-1.png\" \/>\n\t<meta property=\"og:image:width\" content=\"900\" \/>\n\t<meta property=\"og:image:height\" content=\"900\" \/>\n\t<meta property=\"og:image:type\" content=\"image\/png\" \/>\n<meta name=\"twitter:card\" content=\"summary_large_image\" \/>\n<meta name=\"twitter:label1\" content=\"\u01af\u1edbc t\u00ednh th\u1eddi gian \u0111\u1ecdc\" \/>\n\t<meta name=\"twitter:data1\" content=\"3 ph\u00fat\" \/>\n<script type=\"application\/ld+json\" class=\"yoast-schema-graph\">{\"@context\":\"https:\/\/schema.org\",\"@graph\":[{\"@type\":\"WebPage\",\"@id\":\"https:\/\/hfa.vn\/product\/vien-tha-lau-vua-ca-aa\/\",\"url\":\"https:\/\/hfa.vn\/product\/vien-tha-lau-vua-ca-aa\/\",\"name\":\"Vi\u00ean Th\u1ea3 L\u1ea9u Vua C\u00e1 AA - G\u00f3i 500gr - Healthy food AA\",\"isPartOf\":{\"@id\":\"https:\/\/hfa.vn\/#website\"},\"primaryImageOfPage\":{\"@id\":\"https:\/\/hfa.vn\/product\/vien-tha-lau-vua-ca-aa\/#primaryimage\"},\"image\":{\"@id\":\"https:\/\/hfa.vn\/product\/vien-tha-lau-vua-ca-aa\/#primaryimage\"},\"thumbnailUrl\":\"https:\/\/hfa.vn\/wp-content\/uploads\/2023\/11\/Vien-tha-lau-vua-ca-1.png\",\"datePublished\":\"2023-11-22T07:23:48+00:00\",\"dateModified\":\"2024-04-11T09:54:46+00:00\",\"description\":\"Th\u00e0nh ph\u1ea7n: C\u00e1 R\u00f4 Phi file (56%), Gi\u00f2 s\u1ed1ng (18,5%), Th\u1ecbt xay(4%) Th\u00ec l\u00e0, H\u00e0nh kh\u00f4, T\u1ecfi b\u0103m,Ti\u00eau xay, ch\u1ea5t \u0110i\u1ec1u V\u1ecb ins 621, B\u1ed9t canh, n\u01b0\u1edbcM\u1eafm, \u1edat, D\u1ea7u \u0103n. S\u1ea3n ph\u1ea9m s\u1eed d\u1ee5ng bao b\u00ec PA, PE \u0111\u1ea3m b\u1ea3o ch\u1ea5t l\u01b0\u1ee3ng\",\"breadcrumb\":{\"@id\":\"https:\/\/hfa.vn\/product\/vien-tha-lau-vua-ca-aa\/#breadcrumb\"},\"inLanguage\":\"vi\",\"potentialAction\":[{\"@type\":\"ReadAction\",\"target\":[\"https:\/\/hfa.vn\/product\/vien-tha-lau-vua-ca-aa\/\"]}]},{\"@type\":\"ImageObject\",\"inLanguage\":\"vi\",\"@id\":\"https:\/\/hfa.vn\/product\/vien-tha-lau-vua-ca-aa\/#primaryimage\",\"url\":\"https:\/\/hfa.vn\/wp-content\/uploads\/2023\/11\/Vien-tha-lau-vua-ca-1.png\",\"contentUrl\":\"https:\/\/hfa.vn\/wp-content\/uploads\/2023\/11\/Vien-tha-lau-vua-ca-1.png\",\"width\":900,\"height\":900},{\"@type\":\"BreadcrumbList\",\"@id\":\"https:\/\/hfa.vn\/product\/vien-tha-lau-vua-ca-aa\/#breadcrumb\",\"itemListElement\":[{\"@type\":\"ListItem\",\"position\":1,\"name\":\"Trang ch\u1ee7\",\"item\":\"https:\/\/hfa.vn\/\"},{\"@type\":\"ListItem\",\"position\":2,\"name\":\"Shop\",\"item\":\"https:\/\/hfa.vn\/?page_id=63\"},{\"@type\":\"ListItem\",\"position\":3,\"name\":\"Vi\u00ean Th\u1ea3 L\u1ea9u Vua C\u00e1 AA &#8211; G\u00f3i 500gr\"}]},{\"@type\":\"WebSite\",\"@id\":\"https:\/\/hfa.vn\/#website\",\"url\":\"https:\/\/hfa.vn\/\",\"name\":\"Healthy food AA\",\"description\":\"S\u1ee9c kh\u1ecfe kh\u00e1ch h\u00e0ng, S\u1ee9 m\u1ec7nh doanh nghi\u1ec7p; Healthy food AA n\u00e2ng t\u1ea7m s\u1ee9c kh\u1ecfe Vi\u1ec7t\",\"potentialAction\":[{\"@type\":\"SearchAction\",\"target\":{\"@type\":\"EntryPoint\",\"urlTemplate\":\"https:\/\/hfa.vn\/?s={search_term_string}\"},\"query-input\":{\"@type\":\"PropertyValueSpecification\",\"valueRequired\":true,\"valueName\":\"search_term_string\"}}],\"inLanguage\":\"vi\"}]}<\/script>\n<!-- \/ Yoast SEO plugin. -->","yoast_head_json":{"title":"Vi\u00ean Th\u1ea3 L\u1ea9u Vua C\u00e1 AA - G\u00f3i 500gr - Healthy food AA","description":"Th\u00e0nh ph\u1ea7n: C\u00e1 R\u00f4 Phi file (56%), Gi\u00f2 s\u1ed1ng (18,5%), Th\u1ecbt xay(4%) Th\u00ec l\u00e0, H\u00e0nh kh\u00f4, T\u1ecfi b\u0103m,Ti\u00eau xay, ch\u1ea5t \u0110i\u1ec1u V\u1ecb ins 621, B\u1ed9t canh, n\u01b0\u1edbcM\u1eafm, \u1edat, D\u1ea7u \u0103n. S\u1ea3n ph\u1ea9m s\u1eed d\u1ee5ng bao b\u00ec PA, PE \u0111\u1ea3m b\u1ea3o ch\u1ea5t l\u01b0\u1ee3ng","robots":{"index":"index","follow":"follow","max-snippet":"max-snippet:-1","max-image-preview":"max-image-preview:large","max-video-preview":"max-video-preview:-1"},"canonical":"https:\/\/hfa.vn\/product\/vien-tha-lau-vua-ca-aa\/","og_locale":"vi_VN","og_type":"article","og_title":"Vi\u00ean Th\u1ea3 L\u1ea9u Vua C\u00e1 AA - G\u00f3i 500gr - Healthy food AA","og_description":"Th\u00e0nh ph\u1ea7n: C\u00e1 R\u00f4 Phi file (56%), Gi\u00f2 s\u1ed1ng (18,5%), Th\u1ecbt xay(4%) Th\u00ec l\u00e0, H\u00e0nh kh\u00f4, T\u1ecfi b\u0103m,Ti\u00eau xay, ch\u1ea5t \u0110i\u1ec1u V\u1ecb ins 621, B\u1ed9t canh, n\u01b0\u1edbcM\u1eafm, \u1edat, D\u1ea7u \u0103n. S\u1ea3n ph\u1ea9m s\u1eed d\u1ee5ng bao b\u00ec PA, PE \u0111\u1ea3m b\u1ea3o ch\u1ea5t l\u01b0\u1ee3ng","og_url":"https:\/\/hfa.vn\/product\/vien-tha-lau-vua-ca-aa\/","og_site_name":"Healthy food AA","article_modified_time":"2024-04-11T09:54:46+00:00","og_image":[{"width":900,"height":900,"url":"https:\/\/hfa.vn\/wp-content\/uploads\/2023\/11\/Vien-tha-lau-vua-ca-1.png","type":"image\/png"}],"twitter_card":"summary_large_image","twitter_misc":{"\u01af\u1edbc t\u00ednh th\u1eddi gian \u0111\u1ecdc":"3 ph\u00fat"},"schema":{"@context":"https:\/\/schema.org","@graph":[{"@type":"WebPage","@id":"https:\/\/hfa.vn\/product\/vien-tha-lau-vua-ca-aa\/","url":"https:\/\/hfa.vn\/product\/vien-tha-lau-vua-ca-aa\/","name":"Vi\u00ean Th\u1ea3 L\u1ea9u Vua C\u00e1 AA - G\u00f3i 500gr - Healthy food AA","isPartOf":{"@id":"https:\/\/hfa.vn\/#website"},"primaryImageOfPage":{"@id":"https:\/\/hfa.vn\/product\/vien-tha-lau-vua-ca-aa\/#primaryimage"},"image":{"@id":"https:\/\/hfa.vn\/product\/vien-tha-lau-vua-ca-aa\/#primaryimage"},"thumbnailUrl":"https:\/\/hfa.vn\/wp-content\/uploads\/2023\/11\/Vien-tha-lau-vua-ca-1.png","datePublished":"2023-11-22T07:23:48+00:00","dateModified":"2024-04-11T09:54:46+00:00","description":"Th\u00e0nh ph\u1ea7n: C\u00e1 R\u00f4 Phi file (56%), Gi\u00f2 s\u1ed1ng (18,5%), Th\u1ecbt xay(4%) Th\u00ec l\u00e0, H\u00e0nh kh\u00f4, T\u1ecfi b\u0103m,Ti\u00eau xay, ch\u1ea5t \u0110i\u1ec1u V\u1ecb ins 621, B\u1ed9t canh, n\u01b0\u1edbcM\u1eafm, \u1edat, D\u1ea7u \u0103n. S\u1ea3n ph\u1ea9m s\u1eed d\u1ee5ng bao b\u00ec PA, PE \u0111\u1ea3m b\u1ea3o ch\u1ea5t l\u01b0\u1ee3ng","breadcrumb":{"@id":"https:\/\/hfa.vn\/product\/vien-tha-lau-vua-ca-aa\/#breadcrumb"},"inLanguage":"vi","potentialAction":[{"@type":"ReadAction","target":["https:\/\/hfa.vn\/product\/vien-tha-lau-vua-ca-aa\/"]}]},{"@type":"ImageObject","inLanguage":"vi","@id":"https:\/\/hfa.vn\/product\/vien-tha-lau-vua-ca-aa\/#primaryimage","url":"https:\/\/hfa.vn\/wp-content\/uploads\/2023\/11\/Vien-tha-lau-vua-ca-1.png","contentUrl":"https:\/\/hfa.vn\/wp-content\/uploads\/2023\/11\/Vien-tha-lau-vua-ca-1.png","width":900,"height":900},{"@type":"BreadcrumbList","@id":"https:\/\/hfa.vn\/product\/vien-tha-lau-vua-ca-aa\/#breadcrumb","itemListElement":[{"@type":"ListItem","position":1,"name":"Trang ch\u1ee7","item":"https:\/\/hfa.vn\/"},{"@type":"ListItem","position":2,"name":"Shop","item":"https:\/\/hfa.vn\/?page_id=63"},{"@type":"ListItem","position":3,"name":"Vi\u00ean Th\u1ea3 L\u1ea9u Vua C\u00e1 AA &#8211; G\u00f3i 500gr"}]},{"@type":"WebSite","@id":"https:\/\/hfa.vn\/#website","url":"https:\/\/hfa.vn\/","name":"Healthy food AA","description":"S\u1ee9c kh\u1ecfe kh\u00e1ch h\u00e0ng, S\u1ee9 m\u1ec7nh doanh nghi\u1ec7p; Healthy food AA n\u00e2ng t\u1ea7m s\u1ee9c kh\u1ecfe Vi\u1ec7t","potentialAction":[{"@type":"SearchAction","target":{"@type":"EntryPoint","urlTemplate":"https:\/\/hfa.vn\/?s={search_term_string}"},"query-input":{"@type":"PropertyValueSpecification","valueRequired":true,"valueName":"search_term_string"}}],"inLanguage":"vi"}]}},"_links":{"self":[{"href":"https:\/\/hfa.vn\/index.php?rest_route=\/wp\/v2\/product\/8297","targetHints":{"allow":["GET"]}}],"collection":[{"href":"https:\/\/hfa.vn\/index.php?rest_route=\/wp\/v2\/product"}],"about":[{"href":"https:\/\/hfa.vn\/index.php?rest_route=\/wp\/v2\/types\/product"}],"replies":[{"embeddable":true,"href":"https:\/\/hfa.vn\/index.php?rest_route=%2Fwp%2Fv2%2Fcomments&post=8297"}],"wp:featuredmedia":[{"embeddable":true,"href":"https:\/\/hfa.vn\/index.php?rest_route=\/wp\/v2\/media\/8644"}],"wp:attachment":[{"href":"https:\/\/hfa.vn\/index.php?rest_route=%2Fwp%2Fv2%2Fmedia&parent=8297"}],"wp:term":[{"taxonomy":"product_brand","embeddable":true,"href":"https:\/\/hfa.vn\/index.php?rest_route=%2Fwp%2Fv2%2Fproduct_brand&post=8297"},{"taxonomy":"product_cat","embeddable":true,"href":"https:\/\/hfa.vn\/index.php?rest_route=%2Fwp%2Fv2%2Fproduct_cat&post=8297"},{"taxonomy":"product_tag","embeddable":true,"href":"https:\/\/hfa.vn\/index.php?rest_route=%2Fwp%2Fv2%2Fproduct_tag&post=8297"}],"curies":[{"name":"wp","href":"https:\/\/api.w.org\/{rel}","templated":true}]}}