
{"id":8299,"date":"2023-11-22T14:15:42","date_gmt":"2023-11-22T07:15:42","guid":{"rendered":"https:\/\/hfafood.com\/?post_type=product&#038;p=8299"},"modified":"2024-04-11T16:57:26","modified_gmt":"2024-04-11T09:57:26","slug":"ca-lang-cat-khuc-aa","status":"publish","type":"product","link":"https:\/\/hfa.vn\/?product=ca-lang-cat-khuc-aa","title":{"rendered":"C\u00e1 L\u0103ng C\u1eaft Kh\u00fac AA &#8211; 500gr"},"content":{"rendered":"<h3><strong>Gi\u1edbi Thi\u1ec7u Chung V\u1ec1 S\u1ea3n Ph\u1ea9m<\/strong><\/h3>\n<ul>\n<li>T\u00ean S\u1ea3n Ph\u1ea9m: C\u00e1 L\u0103ng C\u1eaft Kh\u00fac AA<\/li>\n<li>Th\u01b0\u01a1ng Hi\u1ec7u: Healthy Food AA<\/li>\n<li>Ngu\u1ed3n G\u1ed1c: Khu nu\u00f4i tr\u1ed3ng c\u00e1 s\u1ea1ch H\u1ee3p T\u00e1c X\u00e3 Than Uy\u00ean<\/li>\n<li>Quy C\u00e1ch \u0110\u00f3ng G\u00f3i: 500g\/ Khay<\/li>\n<li>H\u1ea1n S\u1eed D\u1ee5ng: In tr\u00ean bao b\u00ec<\/li>\n<\/ul>\n<h3><strong>Th\u00f4ng Tin Chi Ti\u1ebft<\/strong><\/h3>\n<p>S\u1ea3n ph\u1ea9m <strong>\u201cC\u00e1 L\u0103ng C\u1eaft Kh\u00fac AA\u201d <\/strong>\u0111\u01b0\u1ee3c s\u01a1 ch\u1ebf c\u1eaft kh\u00fac t\u1eeb 100% c\u00e1 L\u0103ng s\u1ea1ch Than Uy\u00ean.<\/p>\n<p>C\u00e1 L\u0103ng \u0111\u01b0\u1ee3c H\u1ee3p T\u00e1c X\u00e3 Than Uy\u00ean nu\u00f4i theo m\u00f4 h\u00ecnh b\u00e1n t\u1ef1 nhi\u00ean, c\u00e1c l\u1ed3ng nu\u00f4i \u0111\u1eb7t trong l\u00f2ng h\u1ed3 thu\u1ef7 \u0111i\u1ec7n Hu\u1ed5i Qu\u1ea3ng \u2013 Lai Ch\u00e2u, n\u01a1i \u0111\u00e2y c\u00f3 ngu\u1ed3n n\u01b0\u1edbc s\u1ea1ch ng\u00e0y ng\u00e0y ch\u1ea3y t\u1eeb th\u01b0\u1ee3ng ngu\u1ed3n v\u1ec1, c\u00f9ng v\u1edbi \u0111\u00f3 k\u1ebft h\u1ee3p ngu\u1ed3n th\u1ee9c \u0103n s\u1eb5n c\u00f3 t\u1ea1i \u0111\u1ecba ph\u01b0\u01a1ng \u0111\u00e3 t\u1ea1o m\u1ed9t m\u00f4i tr\u01b0\u1eddng r\u1ea5t th\u00edch h\u1ee3p cho c\u00e1 L\u0103ng ph\u00e1t tri\u1ec3n kho\u1ebb m\u1ea1nh.<\/p>\n<p>Th\u1ecbt c\u00e1 L\u0103ng khi \u0103n c\u00f3 v\u1ecb dai, th\u01a1m v\u00e0 kh\u00f4ng b\u1ecb b\u1edf nh\u01b0 c\u00e1c lo\u1ea1i c\u00e1 nu\u00f4i b\u1eb1ng th\u1ee9c \u0103n t\u0103ng tr\u1ecdng kh\u00e1c.<\/p>\n<p>S\u1ea3n ph\u1ea9m <strong>\u201cC\u00e1 L\u0103ng C\u1eaft Kh\u00fac AA\u201d<\/strong> kh\u00f4ng nh\u1eefng l\u00e0 m\u1ed9t s\u1ea3n ph\u1ea9m th\u01a1m ngon, ch\u1ea5t l\u01b0\u1ee3ng t\u1ed1t m\u00e0 c\u00f2n mang \u0111\u1ebfn s\u1ef1 ti\u1ec7n l\u1ee3i cho ng\u01b0\u1eddi s\u1eed d\u1ee5ng. Tu\u1ef3 v\u00e0o s\u1edf th\u00edch c\u00e1 nh\u00e2n c\u0169ng nh\u01b0 kh\u1ea9u v\u1ecb m\u00e0 c\u00e1c ch\u1ecb em n\u1ed9i ch\u1ee3 c\u00f3 th\u1ec3 d\u1ec5 d\u00e0ng bi\u1ebfn t\u1ea5u th\u00e0nh nh\u1eefng m\u00f3n \u0103n h\u1ea5p d\u1eabn cho c\u1ea3 gia \u0111\u00ecnh nh\u01b0: C\u00e1 L\u0103ng N\u1ea5u Canh Chua, C\u00e1 L\u0103ng N\u01b0\u1edbng Ri\u1ec1ng, L\u1ea9u C\u00e1 L\u0103ng\u2026<\/p>\n<p>\ud83d\ude80Ch\u00fang t\u00f4i h\u1ed7 tr\u1ee3 giao h\u00e0ng ho\u1ea3 t\u1ed1c trong v\u00f2ng 2h t\u1ea1i H\u00e0 N\u1ed9i, nhanh ch\u00f3ng, ti\u1ec7n l\u1ee3i, \u0111\u1ea3m b\u1ea3o gi\u1eef \u0111\u01b0\u1ee3c \u0111\u1ed9 t\u01b0\u01a1i ngon chu\u1ea9n nh\u1ea5t c\u1ee7a s\u1ea3n ph\u1ea9m.<\/p>\n<p>\ud83d\udd16C\u00e1c s\u1ea3n ph\u1ea9m \u0111\u00e3 v\u00e0 \u0111ang \u0111\u01b0\u1ee3c b\u00e0y b\u00e1n t\u1ea1i c\u00e1c gian h\u00e0ng c\u1ee7a c\u00e1c si\u00eau th\u1ecb nh\u01b0 Win mark, Aeon, Fuji\u2026<\/p>\n<h3><strong>Cam K\u1ebft Ch\u1ea5t L\u01b0\u1ee3ng<\/strong><\/h3>\n<p>\u2705 Ngu\u1ed3n g\u1ed1c xu\u1ea5t x\u1ee9 r\u00f5 r\u00e0ng<\/p>\n<p>\u2705 \u0110\u1ea3m b\u1ea3o v\u1ec7 sinh ATTP<\/p>\n<p>\u2705 Kh\u00f4ng s\u1eed d\u1ee5ng ch\u1ea5t b\u1ea3o qu\u1ea3n, ch\u1ea5t c\u1ea5m<\/p>\n<p>\u2705 100% t\u1eeb c\u00e1 t\u01b0\u01a1i s\u1ea1ch t\u1ea1i Than Uy\u00ean<\/p>\n<p>\u2705 H\u1ed7 tr\u1ee3 ho\u00e0n ti\u1ec1n, \u0111\u1ed5i tr\u1ea3 n\u1ebfu s\u1ea3n ph\u1ea9m kh\u00f4ng nh\u01b0 cam k\u1ebft c\u1ee7a shop<\/p>\n<p>&#8212;&#8212;&#8212;&#8212;&#8212;&#8212;&#8212;&#8212;&#8212;&#8212;&#8212;&#8212;&#8212;&#8212;&#8212;&#8212;&#8212;&#8212;&#8212;&#8212;&#8212;&#8212;<\/p>\n<h3><strong>HEALTHY FOOD AA \u2013 C\u00e1 Ngon T\u1eeb D\u00f2ng N\u01b0\u1edbc Ng\u1ecdt<\/strong><\/h3>\n","protected":false},"excerpt":{"rendered":"<p>C\u00e1 L\u0103ng h\u1ed3 thu\u1ef7 \u0111i\u1ec7n Lai Ch\u00e2u, t\u01b0\u01a1i ngon, ch\u1ea5t l\u01b0\u1ee3ng \u0111\u1ea3m b\u1ea3o, \u0111\u01b0\u1ee3c c\u1eaft kh\u00fac l\u00e0m s\u1ea1ch ti\u1ec7n l\u1ee3i cho ng\u01b0\u1eddi s\u1eed d\u1ee5ng<\/p>\n","protected":false},"featured_media":8645,"comment_status":"open","ping_status":"closed","template":"","meta":[],"product_brand":[],"product_cat":[15,77],"product_tag":[227],"class_list":{"0":"post-8299","1":"product","2":"type-product","3":"status-publish","4":"has-post-thumbnail","6":"product_cat-ca-qua-so-che","7":"product_cat-san-pham","8":"product_tag-ca-lang","10":"first","11":"instock","12":"shipping-taxable","13":"purchasable","14":"product-type-simple"},"yoast_head":"<!-- This site is optimized with the Yoast SEO plugin v26.5 - https:\/\/yoast.com\/wordpress\/plugins\/seo\/ -->\n<title>C\u00e1 L\u0103ng C\u1eaft Kh\u00fac AA - 500gr - Healthy food AA<\/title>\n<meta name=\"description\" content=\"C\u00e1 L\u0103ng h\u1ed3 thu\u1ef7 \u0111i\u1ec7n Lai Ch\u00e2u, t\u01b0\u01a1i ngon, ch\u1ea5t l\u01b0\u1ee3ng \u0111\u1ea3m b\u1ea3o, \u0111\u01b0\u1ee3c c\u1eaft kh\u00fac l\u00e0m s\u1ea1ch ti\u1ec7n l\u1ee3i cho ng\u01b0\u1eddi s\u1eed d\u1ee5ng\u00a0\" \/>\n<meta name=\"robots\" content=\"index, follow, max-snippet:-1, max-image-preview:large, max-video-preview:-1\" \/>\n<link rel=\"canonical\" href=\"https:\/\/hfa.vn\/product\/ca-lang-cat-khuc-aa\/\" \/>\n<meta property=\"og:locale\" content=\"vi_VN\" \/>\n<meta property=\"og:type\" content=\"article\" \/>\n<meta property=\"og:title\" content=\"C\u00e1 L\u0103ng C\u1eaft Kh\u00fac AA - 500gr - Healthy food AA\" \/>\n<meta property=\"og:description\" content=\"C\u00e1 L\u0103ng h\u1ed3 thu\u1ef7 \u0111i\u1ec7n Lai Ch\u00e2u, t\u01b0\u01a1i ngon, ch\u1ea5t l\u01b0\u1ee3ng \u0111\u1ea3m b\u1ea3o, \u0111\u01b0\u1ee3c c\u1eaft kh\u00fac l\u00e0m s\u1ea1ch ti\u1ec7n l\u1ee3i cho ng\u01b0\u1eddi s\u1eed d\u1ee5ng\u00a0\" \/>\n<meta property=\"og:url\" content=\"https:\/\/hfa.vn\/product\/ca-lang-cat-khuc-aa\/\" \/>\n<meta property=\"og:site_name\" content=\"Healthy food AA\" \/>\n<meta property=\"article:modified_time\" content=\"2024-04-11T09:57:26+00:00\" \/>\n<meta property=\"og:image\" content=\"https:\/\/hfa.vn\/wp-content\/uploads\/2023\/11\/Ca-Lang-Cat-Khuc-AA-1.png\" \/>\n\t<meta property=\"og:image:width\" content=\"900\" \/>\n\t<meta property=\"og:image:height\" content=\"900\" \/>\n\t<meta property=\"og:image:type\" content=\"image\/png\" \/>\n<meta name=\"twitter:card\" content=\"summary_large_image\" \/>\n<meta name=\"twitter:label1\" content=\"\u01af\u1edbc t\u00ednh th\u1eddi gian \u0111\u1ecdc\" \/>\n\t<meta name=\"twitter:data1\" content=\"3 ph\u00fat\" \/>\n<script type=\"application\/ld+json\" class=\"yoast-schema-graph\">{\"@context\":\"https:\/\/schema.org\",\"@graph\":[{\"@type\":\"WebPage\",\"@id\":\"https:\/\/hfa.vn\/product\/ca-lang-cat-khuc-aa\/\",\"url\":\"https:\/\/hfa.vn\/product\/ca-lang-cat-khuc-aa\/\",\"name\":\"C\u00e1 L\u0103ng C\u1eaft Kh\u00fac AA - 500gr - Healthy food AA\",\"isPartOf\":{\"@id\":\"https:\/\/hfa.vn\/#website\"},\"primaryImageOfPage\":{\"@id\":\"https:\/\/hfa.vn\/product\/ca-lang-cat-khuc-aa\/#primaryimage\"},\"image\":{\"@id\":\"https:\/\/hfa.vn\/product\/ca-lang-cat-khuc-aa\/#primaryimage\"},\"thumbnailUrl\":\"https:\/\/hfa.vn\/wp-content\/uploads\/2023\/11\/Ca-Lang-Cat-Khuc-AA-1.png\",\"datePublished\":\"2023-11-22T07:15:42+00:00\",\"dateModified\":\"2024-04-11T09:57:26+00:00\",\"description\":\"C\u00e1 L\u0103ng h\u1ed3 thu\u1ef7 \u0111i\u1ec7n Lai Ch\u00e2u, t\u01b0\u01a1i ngon, ch\u1ea5t l\u01b0\u1ee3ng \u0111\u1ea3m b\u1ea3o, \u0111\u01b0\u1ee3c c\u1eaft kh\u00fac l\u00e0m s\u1ea1ch ti\u1ec7n l\u1ee3i cho ng\u01b0\u1eddi s\u1eed d\u1ee5ng\u00a0\",\"breadcrumb\":{\"@id\":\"https:\/\/hfa.vn\/product\/ca-lang-cat-khuc-aa\/#breadcrumb\"},\"inLanguage\":\"vi\",\"potentialAction\":[{\"@type\":\"ReadAction\",\"target\":[\"https:\/\/hfa.vn\/product\/ca-lang-cat-khuc-aa\/\"]}]},{\"@type\":\"ImageObject\",\"inLanguage\":\"vi\",\"@id\":\"https:\/\/hfa.vn\/product\/ca-lang-cat-khuc-aa\/#primaryimage\",\"url\":\"https:\/\/hfa.vn\/wp-content\/uploads\/2023\/11\/Ca-Lang-Cat-Khuc-AA-1.png\",\"contentUrl\":\"https:\/\/hfa.vn\/wp-content\/uploads\/2023\/11\/Ca-Lang-Cat-Khuc-AA-1.png\",\"width\":900,\"height\":900},{\"@type\":\"BreadcrumbList\",\"@id\":\"https:\/\/hfa.vn\/product\/ca-lang-cat-khuc-aa\/#breadcrumb\",\"itemListElement\":[{\"@type\":\"ListItem\",\"position\":1,\"name\":\"Trang ch\u1ee7\",\"item\":\"https:\/\/hfa.vn\/\"},{\"@type\":\"ListItem\",\"position\":2,\"name\":\"Shop\",\"item\":\"https:\/\/hfa.vn\/?page_id=63\"},{\"@type\":\"ListItem\",\"position\":3,\"name\":\"C\u00e1 L\u0103ng C\u1eaft Kh\u00fac AA &#8211; 500gr\"}]},{\"@type\":\"WebSite\",\"@id\":\"https:\/\/hfa.vn\/#website\",\"url\":\"https:\/\/hfa.vn\/\",\"name\":\"Healthy food AA\",\"description\":\"S\u1ee9c kh\u1ecfe kh\u00e1ch h\u00e0ng, S\u1ee9 m\u1ec7nh doanh nghi\u1ec7p; Healthy food AA n\u00e2ng t\u1ea7m s\u1ee9c kh\u1ecfe Vi\u1ec7t\",\"potentialAction\":[{\"@type\":\"SearchAction\",\"target\":{\"@type\":\"EntryPoint\",\"urlTemplate\":\"https:\/\/hfa.vn\/?s={search_term_string}\"},\"query-input\":{\"@type\":\"PropertyValueSpecification\",\"valueRequired\":true,\"valueName\":\"search_term_string\"}}],\"inLanguage\":\"vi\"}]}<\/script>\n<!-- \/ Yoast SEO plugin. -->","yoast_head_json":{"title":"C\u00e1 L\u0103ng C\u1eaft Kh\u00fac AA - 500gr - Healthy food AA","description":"C\u00e1 L\u0103ng h\u1ed3 thu\u1ef7 \u0111i\u1ec7n Lai Ch\u00e2u, t\u01b0\u01a1i ngon, ch\u1ea5t l\u01b0\u1ee3ng \u0111\u1ea3m b\u1ea3o, \u0111\u01b0\u1ee3c c\u1eaft kh\u00fac l\u00e0m s\u1ea1ch ti\u1ec7n l\u1ee3i cho ng\u01b0\u1eddi s\u1eed d\u1ee5ng\u00a0","robots":{"index":"index","follow":"follow","max-snippet":"max-snippet:-1","max-image-preview":"max-image-preview:large","max-video-preview":"max-video-preview:-1"},"canonical":"https:\/\/hfa.vn\/product\/ca-lang-cat-khuc-aa\/","og_locale":"vi_VN","og_type":"article","og_title":"C\u00e1 L\u0103ng C\u1eaft Kh\u00fac AA - 500gr - Healthy food AA","og_description":"C\u00e1 L\u0103ng h\u1ed3 thu\u1ef7 \u0111i\u1ec7n Lai Ch\u00e2u, t\u01b0\u01a1i ngon, ch\u1ea5t l\u01b0\u1ee3ng \u0111\u1ea3m b\u1ea3o, \u0111\u01b0\u1ee3c c\u1eaft kh\u00fac l\u00e0m s\u1ea1ch ti\u1ec7n l\u1ee3i cho ng\u01b0\u1eddi s\u1eed d\u1ee5ng\u00a0","og_url":"https:\/\/hfa.vn\/product\/ca-lang-cat-khuc-aa\/","og_site_name":"Healthy food AA","article_modified_time":"2024-04-11T09:57:26+00:00","og_image":[{"width":900,"height":900,"url":"https:\/\/hfa.vn\/wp-content\/uploads\/2023\/11\/Ca-Lang-Cat-Khuc-AA-1.png","type":"image\/png"}],"twitter_card":"summary_large_image","twitter_misc":{"\u01af\u1edbc t\u00ednh th\u1eddi gian \u0111\u1ecdc":"3 ph\u00fat"},"schema":{"@context":"https:\/\/schema.org","@graph":[{"@type":"WebPage","@id":"https:\/\/hfa.vn\/product\/ca-lang-cat-khuc-aa\/","url":"https:\/\/hfa.vn\/product\/ca-lang-cat-khuc-aa\/","name":"C\u00e1 L\u0103ng C\u1eaft Kh\u00fac AA - 500gr - Healthy food AA","isPartOf":{"@id":"https:\/\/hfa.vn\/#website"},"primaryImageOfPage":{"@id":"https:\/\/hfa.vn\/product\/ca-lang-cat-khuc-aa\/#primaryimage"},"image":{"@id":"https:\/\/hfa.vn\/product\/ca-lang-cat-khuc-aa\/#primaryimage"},"thumbnailUrl":"https:\/\/hfa.vn\/wp-content\/uploads\/2023\/11\/Ca-Lang-Cat-Khuc-AA-1.png","datePublished":"2023-11-22T07:15:42+00:00","dateModified":"2024-04-11T09:57:26+00:00","description":"C\u00e1 L\u0103ng h\u1ed3 thu\u1ef7 \u0111i\u1ec7n Lai Ch\u00e2u, t\u01b0\u01a1i ngon, ch\u1ea5t l\u01b0\u1ee3ng \u0111\u1ea3m b\u1ea3o, \u0111\u01b0\u1ee3c c\u1eaft kh\u00fac l\u00e0m s\u1ea1ch ti\u1ec7n l\u1ee3i cho ng\u01b0\u1eddi s\u1eed d\u1ee5ng\u00a0","breadcrumb":{"@id":"https:\/\/hfa.vn\/product\/ca-lang-cat-khuc-aa\/#breadcrumb"},"inLanguage":"vi","potentialAction":[{"@type":"ReadAction","target":["https:\/\/hfa.vn\/product\/ca-lang-cat-khuc-aa\/"]}]},{"@type":"ImageObject","inLanguage":"vi","@id":"https:\/\/hfa.vn\/product\/ca-lang-cat-khuc-aa\/#primaryimage","url":"https:\/\/hfa.vn\/wp-content\/uploads\/2023\/11\/Ca-Lang-Cat-Khuc-AA-1.png","contentUrl":"https:\/\/hfa.vn\/wp-content\/uploads\/2023\/11\/Ca-Lang-Cat-Khuc-AA-1.png","width":900,"height":900},{"@type":"BreadcrumbList","@id":"https:\/\/hfa.vn\/product\/ca-lang-cat-khuc-aa\/#breadcrumb","itemListElement":[{"@type":"ListItem","position":1,"name":"Trang ch\u1ee7","item":"https:\/\/hfa.vn\/"},{"@type":"ListItem","position":2,"name":"Shop","item":"https:\/\/hfa.vn\/?page_id=63"},{"@type":"ListItem","position":3,"name":"C\u00e1 L\u0103ng C\u1eaft Kh\u00fac AA &#8211; 500gr"}]},{"@type":"WebSite","@id":"https:\/\/hfa.vn\/#website","url":"https:\/\/hfa.vn\/","name":"Healthy food AA","description":"S\u1ee9c kh\u1ecfe kh\u00e1ch h\u00e0ng, S\u1ee9 m\u1ec7nh doanh nghi\u1ec7p; Healthy food AA n\u00e2ng t\u1ea7m s\u1ee9c kh\u1ecfe Vi\u1ec7t","potentialAction":[{"@type":"SearchAction","target":{"@type":"EntryPoint","urlTemplate":"https:\/\/hfa.vn\/?s={search_term_string}"},"query-input":{"@type":"PropertyValueSpecification","valueRequired":true,"valueName":"search_term_string"}}],"inLanguage":"vi"}]}},"_links":{"self":[{"href":"https:\/\/hfa.vn\/index.php?rest_route=\/wp\/v2\/product\/8299","targetHints":{"allow":["GET"]}}],"collection":[{"href":"https:\/\/hfa.vn\/index.php?rest_route=\/wp\/v2\/product"}],"about":[{"href":"https:\/\/hfa.vn\/index.php?rest_route=\/wp\/v2\/types\/product"}],"replies":[{"embeddable":true,"href":"https:\/\/hfa.vn\/index.php?rest_route=%2Fwp%2Fv2%2Fcomments&post=8299"}],"wp:featuredmedia":[{"embeddable":true,"href":"https:\/\/hfa.vn\/index.php?rest_route=\/wp\/v2\/media\/8645"}],"wp:attachment":[{"href":"https:\/\/hfa.vn\/index.php?rest_route=%2Fwp%2Fv2%2Fmedia&parent=8299"}],"wp:term":[{"taxonomy":"product_brand","embeddable":true,"href":"https:\/\/hfa.vn\/index.php?rest_route=%2Fwp%2Fv2%2Fproduct_brand&post=8299"},{"taxonomy":"product_cat","embeddable":true,"href":"https:\/\/hfa.vn\/index.php?rest_route=%2Fwp%2Fv2%2Fproduct_cat&post=8299"},{"taxonomy":"product_tag","embeddable":true,"href":"https:\/\/hfa.vn\/index.php?rest_route=%2Fwp%2Fv2%2Fproduct_tag&post=8299"}],"curies":[{"name":"wp","href":"https:\/\/api.w.org\/{rel}","templated":true}]}}