
{"id":8316,"date":"2023-11-22T14:35:54","date_gmt":"2023-11-22T07:35:54","guid":{"rendered":"https:\/\/hfafood.com\/?post_type=product&#038;p=8316"},"modified":"2024-04-11T16:52:22","modified_gmt":"2024-04-11T09:52:22","slug":"ca-tram-cat-khuc-aa","status":"publish","type":"product","link":"https:\/\/hfa.vn\/?product=ca-tram-cat-khuc-aa","title":{"rendered":"C\u00e1 Tr\u1eafm C\u1eaft Kh\u00fac AA &#8211; 500gr"},"content":{"rendered":"<h3><strong>Gi\u1edbi Thi\u1ec7u Chung V\u1ec1 S\u1ea3n Ph\u1ea9m<\/strong><\/h3>\n<ul>\n<li>T\u00ean S\u1ea3n Ph\u1ea9m: C\u00e1 Tr\u1eafm C\u1eaft Kh\u00fac AA<\/li>\n<li>Th\u01b0\u01a1ng Hi\u1ec7u: Healthy Food AA<\/li>\n<li>Ngu\u1ed3n G\u1ed1c: Khu nu\u00f4i tr\u1ed3ng c\u00e1 s\u1ea1ch H\u1ee3p T\u00e1c X\u00e3 Than Uy\u00ean<\/li>\n<li>Quy C\u00e1ch \u0110\u00f3ng G\u00f3i: 500g\/ Khay<\/li>\n<li>H\u1ea1n S\u1eed D\u1ee5ng: In tr\u00ean bao b\u00ec<\/li>\n<\/ul>\n<h3><strong>Th\u00f4ng Tin Chi Ti\u1ebft<\/strong><\/h3>\n<p>C\u00e1 Tr\u1eafm C\u1ecf hay c\u00f2n g\u1ecdi l\u00e0 C\u00e1 Tr\u1eafm Tr\u1eafng, \u0111\u00e2y l\u00e0 m\u1ed9t lo\u00e0i c\u00e1 r\u1ea5t ph\u1ed5 bi\u1ebfn t\u1ea1i Vi\u1ec7t Nam, \u0111\u01b0\u1ee3c r\u1ea5t nhi\u1ec1u gia \u0111\u00ecnh s\u1eed d\u1ee5ng trong c\u00e1c b\u1eefa \u0103n h\u00e0ng ng\u00e0y, ch\u00fang \u0111\u01b0\u1ee3c nu\u00f4i ho\u1eb7c s\u1ed1ng t\u1ef1 nhi\u00ean t\u1ea1i c\u00e1c ao h\u1ed3, s\u00f4ng su\u1ed1i.<\/p>\n<p>C\u00e1 Tr\u1eafm \u0111\u01b0\u1ee3c nu\u00f4i t\u1ea1i Than Uy\u00ean theo m\u00f4 h\u00ecnh b\u00e1n t\u1ef1 nhi\u00ean, c\u00e1c l\u1ed3ng nu\u00f4i \u0111\u1eb7t trong l\u00f2ng h\u1ed3 th\u1ee7y \u0111i\u1ec7n Hu\u1ed5i Qu\u1ea3ng, n\u01a1i c\u00f3 d\u00f2ng n\u01b0\u1edbc m\u00e1t quanh n\u0103m t\u1eeb th\u01b0\u1ee3ng ngu\u1ed3n \u0111\u1ed5 v\u1ec1, \u0111em l\u1ea1i ngu\u1ed3n sinh v\u1eadt ph\u00f9 du phong ph\u00fa gi\u00fap c\u00e1 ph\u00e1t tri\u1ec3n t\u1ed1t v\u00e0 kh\u1ecfe m\u1ea1nh.<\/p>\n<p>Tr\u1eafm C\u1ecf \u0111\u01b0\u1ee3c \u01b0u ti\u00ean s\u1eed d\u1ee5ng c\u00e1c lo\u00e0i th\u1ef1c v\u1eadt t\u1ef1 nhi\u00ean t\u1ea1i \u0111\u1ecba ph\u01b0\u01a1ng nh\u01b0 c\u00e2y c\u1ecf, l\u00e1 chu\u1ed1i, l\u00e1 s\u1eafn, c\u1ee7 s\u1eafn n\u1ea5u th\u00e0nh c\u00e1m\u2026. T\u1eeb \u0111\u00f3 kh\u00f4ng ch\u1ec9 h\u1ea1n ch\u1ebf \u0111\u01b0\u1ee3c vi\u1ec7c s\u1eed d\u1ee5ng qu\u00e1 nhi\u1ec1u c\u00e1c lo\u1ea1i th\u1ee9c \u0103n c\u00f4ng nghi\u1ec7p m\u00e0 c\u00f2n gi\u00fap c\u00e1 ph\u00e1t tri\u1ec3n t\u1ed1t, cho ra ch\u1ea5t l\u01b0\u1ee3ng tuy\u1ec7t v\u1eddi nh\u01b0 khi c\u00e1 s\u1ed1ng trong m\u00f4i tr\u01b0\u1eddng t\u1ef1 nhi\u00ean.<\/p>\n<p>C\u00e1 Tr\u1eafm C\u1ecf Than Uy\u00ean gi\u1eef \u0111\u01b0\u1ee3c \u0111\u1ed9 t\u01b0\u01a1i ngon, th\u1ecbt c\u00e1 ch\u1eafc v\u00e0 th\u01a1m, c\u00f3 th\u1ec3 d\u1ec5 d\u00e0ng ch\u1ebf bi\u1ebfn th\u00e0nh r\u1ea5t nhi\u1ec1u m\u00f3n \u0103n h\u1ea5p d\u1eabn nh\u01b0 n\u01b0\u1edbng, r\u00e1n, h\u1ea5p, l\u1ea9u\u2026 T\u1ea5t c\u1ea3 \u0111\u1ec1u ngon.<\/p>\n<h3><strong>Cam K\u1ebft Ch\u1ea5t L\u01b0\u1ee3ng<\/strong><\/h3>\n<p>\u2705 Ngu\u1ed3n g\u1ed1c xu\u1ea5t x\u1ee9 r\u00f5 r\u00e0ng<\/p>\n<p>\u2705 \u0110\u1ea3m b\u1ea3o v\u1ec7 sinh ATTP<\/p>\n<p>\u2705 Kh\u00f4ng s\u1eed d\u1ee5ng ch\u1ea5t b\u1ea3o qu\u1ea3n, ch\u1ea5t c\u1ea5m<\/p>\n<p>\u2705 100% t\u1eeb c\u00e1 t\u01b0\u01a1i s\u1ea1ch t\u1ea1i Than Uy\u00ean<\/p>\n<p>\u2705 H\u1ed7 tr\u1ee3 ho\u00e0n ti\u1ec1n, \u0111\u1ed5i tr\u1ea3 n\u1ebfu s\u1ea3n ph\u1ea9m kh\u00f4ng nh\u01b0 cam k\u1ebft c\u1ee7a shop<\/p>\n<p><strong>\u00a0<\/strong><\/p>\n<p>&#8212;&#8212;&#8212;&#8212;&#8212;&#8212;&#8212;&#8212;&#8212;&#8212;&#8212;&#8212;&#8212;&#8212;&#8212;&#8212;&#8212;&#8212;&#8212;&#8212;&#8212;&#8212;<\/p>\n<h3><strong>HEALTHY FOOD AA \u2013 C\u00e1 Ngon T\u1eeb D\u00f2ng N\u01b0\u1edbc Ng\u1ecdt<\/strong><\/h3>\n","protected":false},"excerpt":{"rendered":"<p>C\u00e1 Tr\u1eafm h\u1ed3 thu\u1ef7 \u0111i\u1ec7n Lai Ch\u00e2u, \u0111\u00e3 \u0111\u01b0\u1ee3c c\u1eaft kh\u00fac, l\u00e0m s\u1ea1ch ti\u1ec7n l\u1ee3i, d\u1ec5 d\u00e0ng ch\u1ebf bi\u1ebfn th\u00e0nh nhi\u1ec1u m\u00f3n \u0103n kh\u00e1c nhau cho c\u1ea3 gia \u0111\u00ecnh<\/p>\n","protected":false},"featured_media":8643,"comment_status":"open","ping_status":"closed","template":"","meta":[],"product_brand":[],"product_cat":[15,77],"product_tag":[],"class_list":{"0":"post-8316","1":"product","2":"type-product","3":"status-publish","4":"has-post-thumbnail","6":"product_cat-ca-qua-so-che","7":"product_cat-san-pham","9":"first","10":"instock","11":"shipping-taxable","12":"purchasable","13":"product-type-simple"},"yoast_head":"<!-- This site is optimized with the Yoast SEO plugin v26.5 - https:\/\/yoast.com\/wordpress\/plugins\/seo\/ -->\n<title>C\u00e1 Tr\u1eafm C\u1eaft Kh\u00fac AA - 500gr - Healthy food AA<\/title>\n<meta name=\"description\" content=\"C\u00e1 Tr\u1eafm h\u1ed3 thu\u1ef7 \u0111i\u1ec7n Lai Ch\u00e2u, \u0111\u00e3 \u0111\u01b0\u1ee3c c\u1eaft kh\u00fac, l\u00e0m s\u1ea1ch ti\u1ec7n l\u1ee3i, d\u1ec5 d\u00e0ng ch\u1ebf bi\u1ebfn th\u00e0nh nhi\u1ec1u m\u00f3n \u0103n kh\u00e1c nhau cho c\u1ea3 gia \u0111\u00ecnh\" \/>\n<meta name=\"robots\" content=\"index, follow, max-snippet:-1, max-image-preview:large, max-video-preview:-1\" \/>\n<link rel=\"canonical\" href=\"https:\/\/hfa.vn\/product\/ca-tram-cat-khuc-aa\/\" \/>\n<meta property=\"og:locale\" content=\"vi_VN\" \/>\n<meta property=\"og:type\" content=\"article\" \/>\n<meta property=\"og:title\" content=\"C\u00e1 Tr\u1eafm C\u1eaft Kh\u00fac AA - 500gr - Healthy food AA\" \/>\n<meta property=\"og:description\" content=\"C\u00e1 Tr\u1eafm h\u1ed3 thu\u1ef7 \u0111i\u1ec7n Lai Ch\u00e2u, \u0111\u00e3 \u0111\u01b0\u1ee3c c\u1eaft kh\u00fac, l\u00e0m s\u1ea1ch ti\u1ec7n l\u1ee3i, d\u1ec5 d\u00e0ng ch\u1ebf bi\u1ebfn th\u00e0nh nhi\u1ec1u m\u00f3n \u0103n kh\u00e1c nhau cho c\u1ea3 gia \u0111\u00ecnh\" \/>\n<meta property=\"og:url\" content=\"https:\/\/hfa.vn\/product\/ca-tram-cat-khuc-aa\/\" \/>\n<meta property=\"og:site_name\" content=\"Healthy food AA\" \/>\n<meta property=\"article:modified_time\" content=\"2024-04-11T09:52:22+00:00\" \/>\n<meta property=\"og:image\" content=\"https:\/\/hfa.vn\/wp-content\/uploads\/2023\/11\/1-4.png\" \/>\n\t<meta property=\"og:image:width\" content=\"900\" \/>\n\t<meta property=\"og:image:height\" content=\"900\" \/>\n\t<meta property=\"og:image:type\" content=\"image\/png\" \/>\n<meta name=\"twitter:card\" content=\"summary_large_image\" \/>\n<meta name=\"twitter:label1\" content=\"\u01af\u1edbc t\u00ednh th\u1eddi gian \u0111\u1ecdc\" \/>\n\t<meta name=\"twitter:data1\" content=\"2 ph\u00fat\" \/>\n<script type=\"application\/ld+json\" class=\"yoast-schema-graph\">{\"@context\":\"https:\/\/schema.org\",\"@graph\":[{\"@type\":\"WebPage\",\"@id\":\"https:\/\/hfa.vn\/product\/ca-tram-cat-khuc-aa\/\",\"url\":\"https:\/\/hfa.vn\/product\/ca-tram-cat-khuc-aa\/\",\"name\":\"C\u00e1 Tr\u1eafm C\u1eaft Kh\u00fac AA - 500gr - Healthy food AA\",\"isPartOf\":{\"@id\":\"https:\/\/hfa.vn\/#website\"},\"primaryImageOfPage\":{\"@id\":\"https:\/\/hfa.vn\/product\/ca-tram-cat-khuc-aa\/#primaryimage\"},\"image\":{\"@id\":\"https:\/\/hfa.vn\/product\/ca-tram-cat-khuc-aa\/#primaryimage\"},\"thumbnailUrl\":\"https:\/\/hfa.vn\/wp-content\/uploads\/2023\/11\/1-4.png\",\"datePublished\":\"2023-11-22T07:35:54+00:00\",\"dateModified\":\"2024-04-11T09:52:22+00:00\",\"description\":\"C\u00e1 Tr\u1eafm h\u1ed3 thu\u1ef7 \u0111i\u1ec7n Lai Ch\u00e2u, \u0111\u00e3 \u0111\u01b0\u1ee3c c\u1eaft kh\u00fac, l\u00e0m s\u1ea1ch ti\u1ec7n l\u1ee3i, d\u1ec5 d\u00e0ng ch\u1ebf bi\u1ebfn th\u00e0nh nhi\u1ec1u m\u00f3n \u0103n kh\u00e1c nhau cho c\u1ea3 gia \u0111\u00ecnh\",\"breadcrumb\":{\"@id\":\"https:\/\/hfa.vn\/product\/ca-tram-cat-khuc-aa\/#breadcrumb\"},\"inLanguage\":\"vi\",\"potentialAction\":[{\"@type\":\"ReadAction\",\"target\":[\"https:\/\/hfa.vn\/product\/ca-tram-cat-khuc-aa\/\"]}]},{\"@type\":\"ImageObject\",\"inLanguage\":\"vi\",\"@id\":\"https:\/\/hfa.vn\/product\/ca-tram-cat-khuc-aa\/#primaryimage\",\"url\":\"https:\/\/hfa.vn\/wp-content\/uploads\/2023\/11\/1-4.png\",\"contentUrl\":\"https:\/\/hfa.vn\/wp-content\/uploads\/2023\/11\/1-4.png\",\"width\":900,\"height\":900},{\"@type\":\"BreadcrumbList\",\"@id\":\"https:\/\/hfa.vn\/product\/ca-tram-cat-khuc-aa\/#breadcrumb\",\"itemListElement\":[{\"@type\":\"ListItem\",\"position\":1,\"name\":\"Trang ch\u1ee7\",\"item\":\"https:\/\/hfa.vn\/\"},{\"@type\":\"ListItem\",\"position\":2,\"name\":\"Shop\",\"item\":\"https:\/\/hfa.vn\/?page_id=63\"},{\"@type\":\"ListItem\",\"position\":3,\"name\":\"C\u00e1 Tr\u1eafm C\u1eaft Kh\u00fac AA &#8211; 500gr\"}]},{\"@type\":\"WebSite\",\"@id\":\"https:\/\/hfa.vn\/#website\",\"url\":\"https:\/\/hfa.vn\/\",\"name\":\"Healthy food AA\",\"description\":\"S\u1ee9c kh\u1ecfe kh\u00e1ch h\u00e0ng, S\u1ee9 m\u1ec7nh doanh nghi\u1ec7p; Healthy food AA n\u00e2ng t\u1ea7m s\u1ee9c kh\u1ecfe Vi\u1ec7t\",\"potentialAction\":[{\"@type\":\"SearchAction\",\"target\":{\"@type\":\"EntryPoint\",\"urlTemplate\":\"https:\/\/hfa.vn\/?s={search_term_string}\"},\"query-input\":{\"@type\":\"PropertyValueSpecification\",\"valueRequired\":true,\"valueName\":\"search_term_string\"}}],\"inLanguage\":\"vi\"}]}<\/script>\n<!-- \/ Yoast SEO plugin. -->","yoast_head_json":{"title":"C\u00e1 Tr\u1eafm C\u1eaft Kh\u00fac AA - 500gr - Healthy food AA","description":"C\u00e1 Tr\u1eafm h\u1ed3 thu\u1ef7 \u0111i\u1ec7n Lai Ch\u00e2u, \u0111\u00e3 \u0111\u01b0\u1ee3c c\u1eaft kh\u00fac, l\u00e0m s\u1ea1ch ti\u1ec7n l\u1ee3i, d\u1ec5 d\u00e0ng ch\u1ebf bi\u1ebfn th\u00e0nh nhi\u1ec1u m\u00f3n \u0103n kh\u00e1c nhau cho c\u1ea3 gia \u0111\u00ecnh","robots":{"index":"index","follow":"follow","max-snippet":"max-snippet:-1","max-image-preview":"max-image-preview:large","max-video-preview":"max-video-preview:-1"},"canonical":"https:\/\/hfa.vn\/product\/ca-tram-cat-khuc-aa\/","og_locale":"vi_VN","og_type":"article","og_title":"C\u00e1 Tr\u1eafm C\u1eaft Kh\u00fac AA - 500gr - Healthy food AA","og_description":"C\u00e1 Tr\u1eafm h\u1ed3 thu\u1ef7 \u0111i\u1ec7n Lai Ch\u00e2u, \u0111\u00e3 \u0111\u01b0\u1ee3c c\u1eaft kh\u00fac, l\u00e0m s\u1ea1ch ti\u1ec7n l\u1ee3i, d\u1ec5 d\u00e0ng ch\u1ebf bi\u1ebfn th\u00e0nh nhi\u1ec1u m\u00f3n \u0103n kh\u00e1c nhau cho c\u1ea3 gia \u0111\u00ecnh","og_url":"https:\/\/hfa.vn\/product\/ca-tram-cat-khuc-aa\/","og_site_name":"Healthy food AA","article_modified_time":"2024-04-11T09:52:22+00:00","og_image":[{"width":900,"height":900,"url":"https:\/\/hfa.vn\/wp-content\/uploads\/2023\/11\/1-4.png","type":"image\/png"}],"twitter_card":"summary_large_image","twitter_misc":{"\u01af\u1edbc t\u00ednh th\u1eddi gian \u0111\u1ecdc":"2 ph\u00fat"},"schema":{"@context":"https:\/\/schema.org","@graph":[{"@type":"WebPage","@id":"https:\/\/hfa.vn\/product\/ca-tram-cat-khuc-aa\/","url":"https:\/\/hfa.vn\/product\/ca-tram-cat-khuc-aa\/","name":"C\u00e1 Tr\u1eafm C\u1eaft Kh\u00fac AA - 500gr - Healthy food AA","isPartOf":{"@id":"https:\/\/hfa.vn\/#website"},"primaryImageOfPage":{"@id":"https:\/\/hfa.vn\/product\/ca-tram-cat-khuc-aa\/#primaryimage"},"image":{"@id":"https:\/\/hfa.vn\/product\/ca-tram-cat-khuc-aa\/#primaryimage"},"thumbnailUrl":"https:\/\/hfa.vn\/wp-content\/uploads\/2023\/11\/1-4.png","datePublished":"2023-11-22T07:35:54+00:00","dateModified":"2024-04-11T09:52:22+00:00","description":"C\u00e1 Tr\u1eafm h\u1ed3 thu\u1ef7 \u0111i\u1ec7n Lai Ch\u00e2u, \u0111\u00e3 \u0111\u01b0\u1ee3c c\u1eaft kh\u00fac, l\u00e0m s\u1ea1ch ti\u1ec7n l\u1ee3i, d\u1ec5 d\u00e0ng ch\u1ebf bi\u1ebfn th\u00e0nh nhi\u1ec1u m\u00f3n \u0103n kh\u00e1c nhau cho c\u1ea3 gia \u0111\u00ecnh","breadcrumb":{"@id":"https:\/\/hfa.vn\/product\/ca-tram-cat-khuc-aa\/#breadcrumb"},"inLanguage":"vi","potentialAction":[{"@type":"ReadAction","target":["https:\/\/hfa.vn\/product\/ca-tram-cat-khuc-aa\/"]}]},{"@type":"ImageObject","inLanguage":"vi","@id":"https:\/\/hfa.vn\/product\/ca-tram-cat-khuc-aa\/#primaryimage","url":"https:\/\/hfa.vn\/wp-content\/uploads\/2023\/11\/1-4.png","contentUrl":"https:\/\/hfa.vn\/wp-content\/uploads\/2023\/11\/1-4.png","width":900,"height":900},{"@type":"BreadcrumbList","@id":"https:\/\/hfa.vn\/product\/ca-tram-cat-khuc-aa\/#breadcrumb","itemListElement":[{"@type":"ListItem","position":1,"name":"Trang ch\u1ee7","item":"https:\/\/hfa.vn\/"},{"@type":"ListItem","position":2,"name":"Shop","item":"https:\/\/hfa.vn\/?page_id=63"},{"@type":"ListItem","position":3,"name":"C\u00e1 Tr\u1eafm C\u1eaft Kh\u00fac AA &#8211; 500gr"}]},{"@type":"WebSite","@id":"https:\/\/hfa.vn\/#website","url":"https:\/\/hfa.vn\/","name":"Healthy food AA","description":"S\u1ee9c kh\u1ecfe kh\u00e1ch h\u00e0ng, S\u1ee9 m\u1ec7nh doanh nghi\u1ec7p; Healthy food AA n\u00e2ng t\u1ea7m s\u1ee9c kh\u1ecfe Vi\u1ec7t","potentialAction":[{"@type":"SearchAction","target":{"@type":"EntryPoint","urlTemplate":"https:\/\/hfa.vn\/?s={search_term_string}"},"query-input":{"@type":"PropertyValueSpecification","valueRequired":true,"valueName":"search_term_string"}}],"inLanguage":"vi"}]}},"_links":{"self":[{"href":"https:\/\/hfa.vn\/index.php?rest_route=\/wp\/v2\/product\/8316","targetHints":{"allow":["GET"]}}],"collection":[{"href":"https:\/\/hfa.vn\/index.php?rest_route=\/wp\/v2\/product"}],"about":[{"href":"https:\/\/hfa.vn\/index.php?rest_route=\/wp\/v2\/types\/product"}],"replies":[{"embeddable":true,"href":"https:\/\/hfa.vn\/index.php?rest_route=%2Fwp%2Fv2%2Fcomments&post=8316"}],"wp:featuredmedia":[{"embeddable":true,"href":"https:\/\/hfa.vn\/index.php?rest_route=\/wp\/v2\/media\/8643"}],"wp:attachment":[{"href":"https:\/\/hfa.vn\/index.php?rest_route=%2Fwp%2Fv2%2Fmedia&parent=8316"}],"wp:term":[{"taxonomy":"product_brand","embeddable":true,"href":"https:\/\/hfa.vn\/index.php?rest_route=%2Fwp%2Fv2%2Fproduct_brand&post=8316"},{"taxonomy":"product_cat","embeddable":true,"href":"https:\/\/hfa.vn\/index.php?rest_route=%2Fwp%2Fv2%2Fproduct_cat&post=8316"},{"taxonomy":"product_tag","embeddable":true,"href":"https:\/\/hfa.vn\/index.php?rest_route=%2Fwp%2Fv2%2Fproduct_tag&post=8316"}],"curies":[{"name":"wp","href":"https:\/\/api.w.org\/{rel}","templated":true}]}}