
{"id":8340,"date":"2023-11-22T15:39:27","date_gmt":"2023-11-22T08:39:27","guid":{"rendered":"https:\/\/hfafood.com\/?post_type=product&#038;p=8340"},"modified":"2024-04-11T16:39:23","modified_gmt":"2024-04-11T09:39:23","slug":"ca-lang-phi-le-aa","status":"publish","type":"product","link":"https:\/\/hfa.vn\/?product=ca-lang-phi-le-aa","title":{"rendered":"C\u00e1 L\u0103ng File AA &#8211; 500gr"},"content":{"rendered":"<p><strong>\u00a0<\/strong><\/p>\n<h3><strong>Gi\u1edbi Thi\u1ec7u Chung V\u1ec1 S\u1ea3n Ph\u1ea9m<\/strong><\/h3>\n<ul>\n<li>T\u00ean S\u1ea3n Ph\u1ea9m: C\u00e1 L\u0103ng File AA<\/li>\n<li>Th\u01b0\u01a1ng Hi\u1ec7u: Healthy Food AA<\/li>\n<li>Ngu\u1ed3n G\u1ed1c: Khu nu\u00f4i tr\u1ed3ng c\u00e1 s\u1ea1ch H\u1ee3p T\u00e1c X\u00e3 Than Uy\u00ean<\/li>\n<li>Quy C\u00e1ch \u0110\u00f3ng G\u00f3i: 500g\/ Khay<\/li>\n<li>H\u1ea1n S\u1eed D\u1ee5ng: In tr\u00ean bao b\u00ec<\/li>\n<\/ul>\n<p>&nbsp;<\/p>\n<h3><strong>Th\u00f4ng Tin Chi Ti\u1ebft<\/strong><\/h3>\n<p>\u201cNg\u0169 Qu\u00fd H\u00e0 Th\u1ee7y\u201d, c\u00e2u n\u00f3i nh\u1eafc \u0111\u1ebfn 5 lo\u00e0i c\u00e1 r\u1ea5t ngon, qu\u00fd hi\u1ebfm m\u00e0 ng\u00e0y x\u01b0a ch\u1ec9 nh\u1eefng v\u1ecb vua ch\u00faa m\u1edbi \u0111\u01b0\u1ee3c th\u01b0\u1edfng th\u1ee9c, ch\u00fang bao g\u1ed3m c\u00e1 Anh V\u0169, c\u00e1 D\u1ea7m Xanh, c\u00e1 B\u1ed7ng, c\u00e1 Chi\u00ean v\u00e0 c\u00e1 L\u0103ng.<\/p>\n<p>Nh\u1eadn th\u1ea5y nh\u1eefng \u0111i\u1ec1u ki\u1ec7n t\u1ef1 nhi\u00ean thu\u1eadn l\u1ee3i t\u1ea1i \u0111\u1ecba ph\u01b0\u01a1ng, H\u1ee3p T\u00e1c X\u00e3 N\u00f4ng C\u00f4ng Nghi\u1ec7p V\u00e0 Th\u01b0\u01a1ng M\u1ea1i Du L\u1ecbch Than Uy\u00ean \u0111\u00e3 nghi\u00ean c\u1ee9u, t\u00ecm hi\u1ec3u v\u00e0 \u0111\u01b0a gi\u1ed1ng c\u00e1 L\u0103ng v\u1ec1 nu\u00f4i theo quy m\u00f4 l\u1edbn t\u1ea1i khu v\u1ef1c Than Uy\u00ean. N\u01a1i \u0111\u00e2y v\u1ed1n c\u00f3 \u01b0u th\u1ebf v\u1edbi ngu\u1ed3n n\u01b0\u1edbc trong m\u00e1t d\u1ed3i d\u00e0o t\u1eeb th\u01b0\u1ee3ng ngu\u1ed3n h\u00e0ng ng\u00e0y ch\u1ea3y v\u1ec1, c\u00f9ng v\u1edbi vi\u1ec7c \u00e1p d\u1ee5ng c\u00e1c ph\u01b0\u01a1ng ph\u00e1p nu\u00f4i tr\u1ed3ng b\u00e1n t\u1ef1 nhi\u00ean t\u1ea1i c\u00e1c l\u00f2ng h\u1ed3 th\u1ee7y \u0111i\u1ec7n. T\u1ea5t c\u1ea3 \u0111\u00e3 gi\u00fap cho nh\u1eefng ch\u00fa c\u00e1 L\u0103ng ph\u00e1t tri\u1ec3n r\u1ea5t t\u1ed1t v\u00e0 \u0111\u1ea1t ch\u1ea5t l\u01b0\u1ee3ng cao.<\/p>\n<p>S\u1ea3n Ph\u1ea9m \u201cC\u00e1 L\u0103ng File AA\u201d l\u00e0 m\u1ed9t lo\u1ea1i c\u00e1 L\u0103ng \u0111\u00e3 \u0111\u01b0\u1ee3c s\u01a1 ch\u1ebf r\u1ea5t c\u1ea9n th\u1eadn, to\u00e0n b\u1ed9 ph\u1ea7n x\u01b0\u01a1ng d\u1ecdc to s\u1ebd \u0111\u01b0\u1ee3c l\u1ecdc ra v\u00e0 gi\u1eef l\u1ea1i nh\u1eefng ph\u1ea7n th\u1ecbt ngon nh\u1ea5t c\u1ee7a c\u00e1. \u0110i\u1ec1u n\u00e0y gi\u00fap cho ng\u01b0\u1eddi ti\u00eau d\u00f9ng ti\u1ebft ki\u1ec7m \u0111\u01b0\u1ee3c r\u1ea5t nhi\u1ec1u th\u1eddi gian v\u00e0 c\u00f4ng s\u1ee9c khi ch\u1ebf bi\u1ebfn c\u00e1c m\u00f3n \u0103n. S\u1ea3n ph\u1ea9m ra \u0111\u1eddi nh\u1eb1m h\u01b0\u1edbng \u0111\u1ebfn s\u1ef1 ti\u1ec7n l\u1ee3i v\u00e0 an to\u00e0n cho ng\u01b0\u1eddi s\u1eed d\u1ee5ng, \u0111\u1eb7c bi\u1ec7t l\u00e0 trong b\u1eefa \u0103n c\u1ee7a c\u00e1c b\u1ea1n nh\u1ecf.<\/p>\n<p>&nbsp;<\/p>\n<h3><span style=\"font-size: 100%;\"><strong>Cam K\u1ebft Ch\u1ea5t L\u01b0\u1ee3ng<\/strong><\/span><\/h3>\n<p>\u2705 Ngu\u1ed3n g\u1ed1c xu\u1ea5t x\u1ee9 r\u00f5 r\u00e0ng<\/p>\n<p>\u2705 \u0110\u1ea3m b\u1ea3o v\u1ec7 sinh ATTP<\/p>\n<p>\u2705 Kh\u00f4ng s\u1eed d\u1ee5ng ch\u1ea5t b\u1ea3o qu\u1ea3n, ch\u1ea5t c\u1ea5m<\/p>\n<p>\u2705 100% t\u1eeb c\u00e1 t\u01b0\u01a1i s\u1ea1ch t\u1ea1i Than Uy\u00ean<\/p>\n<p>\u2705 H\u1ed7 tr\u1ee3 ho\u00e0n ti\u1ec1n, \u0111\u1ed5i tr\u1ea3 n\u1ebfu s\u1ea3n ph\u1ea9m kh\u00f4ng nh\u01b0 cam k\u1ebft c\u1ee7a shop<\/p>\n<p><strong>\u00a0<\/strong><\/p>\n<h3><span style=\"font-size: 100%;\"><strong>H\u01b0\u1edbng D\u1eabn S\u1eed D\u1ee5ng<\/strong><\/span><\/h3>\n<p>T\u1eeb s\u1ea3n ph\u1ea9m \u201cC\u00e1 L\u0103ng File AA\u201d c\u00f3 th\u1ec3 d\u1ec5 d\u00e0ng ch\u1ebf bi\u1ebfn th\u00e0nh nhi\u1ec1u m\u00f3n \u0103n h\u1ea5p d\u1eabn kh\u00e1c nhau nh\u01b0 C\u00e1 L\u0103ng Chi\u00ean Gi\u00f2n, C\u00e1 L\u0103ng N\u01b0\u1edbng, C\u00e1 L\u0103ng Chi\u00ean S\u1ea3 \u1edat, C\u00e1 L\u0103ng S\u1ed1t Chua Ng\u1ecdt\u2026<\/p>\n<p>&#8212;&#8212;&#8212;&#8212;&#8212;&#8212;&#8212;&#8212;&#8212;&#8212;&#8212;&#8212;&#8212;&#8212;&#8212;&#8212;&#8212;&#8212;&#8212;&#8212;&#8212;&#8212;<\/p>\n<p><span style=\"font-size: 140%;\"><strong>Healthy Food AA \u2013 C\u00e1 Ngon T\u1eeb D\u00f2ng N\u01b0\u1edbc Ng\u1ecdt<\/strong><\/span><\/p>\n","protected":false},"excerpt":{"rendered":"<p>100% t\u1eeb C\u00e1 L\u0103ng H\u1ed3 Thu\u1ef7 \u0110i\u1ec7n ch\u1ea5t l\u01b0\u1ee3ng cao. c\u00f3 th\u1ec3 d\u1ec5 d\u00e0ng ch\u1ebf bi\u1ebfn th\u00e0nh nhi\u1ec1u m\u00f3n \u0103n h\u1ea5p d\u1eabn kh\u00e1c nhau nh\u01b0 C\u00e1 L\u0103ng Chi\u00ean Gi\u00f2n, C\u00e1 L\u0103ng N\u01b0\u1edbng, C\u00e1 L\u0103ng Chi\u00ean S\u1ea3 \u1edat, C\u00e1 L\u0103ng S\u1ed1t Chua Ng\u1ecdt\u2026<\/p>\n","protected":false},"featured_media":8641,"comment_status":"open","ping_status":"closed","template":"","meta":[],"product_brand":[],"product_cat":[15,82,77],"product_tag":[227,93],"class_list":{"0":"post-8340","1":"product","2":"type-product","3":"status-publish","4":"has-post-thumbnail","6":"product_cat-ca-qua-so-che","7":"product_cat-ca-phi-le","8":"product_cat-san-pham","9":"product_tag-ca-lang","10":"product_tag-ca-lang-phile","12":"first","13":"instock","14":"shipping-taxable","15":"purchasable","16":"product-type-simple"},"yoast_head":"<!-- This site is optimized with the Yoast SEO plugin v26.5 - https:\/\/yoast.com\/wordpress\/plugins\/seo\/ -->\n<title>C\u00e1 L\u0103ng File AA - 500gr - Healthy food AA<\/title>\n<meta name=\"description\" content=\"- 100% t\u1eeb C\u00e1 L\u0103ng nguy\u00ean ch\u1ea5t l\u00e0m s\u1ea1ch, c\u1eaft kh\u00fac. L\u00e0m s\u1ea1ch C\u00e1 L\u0103ng, ch\u1ebf bi\u1ebfn m\u00f3n N\u1ed9m C\u00e1 L\u0103ng, C\u00e1 L\u0103ng h\u1ea5p x\u00ec d\u1ea7u, C\u00e1 L\u0103ng Chi\u00ean, cho C\u00e1 \u0111\u00e3 n\u01b0\u1edbng v\u00e0o ch\u1ea3o m\u1ee1 n\u00f3ng, b\u1ecf H\u00e0nh v\u00e0 rau Th\u00eca L\u00e0 v\u00e0o khi rau ch\u00edn t\u00e1i th\u00ec g\u1eafp ra \u0103n k\u00e8m v\u1edbi b\u00fan, rau th\u01a1m, r\u1eafc \u0111\u1eadu ph\u1ed9ng rang v\u00e0 m\u1eafm t\u00f4m r\u1ed3i th\u01b0\u1edfng th\u1ee9c.\" \/>\n<meta name=\"robots\" content=\"index, follow, max-snippet:-1, max-image-preview:large, max-video-preview:-1\" \/>\n<link rel=\"canonical\" href=\"https:\/\/hfa.vn\/product\/ca-lang-phi-le-aa\/\" \/>\n<meta property=\"og:locale\" content=\"vi_VN\" \/>\n<meta property=\"og:type\" content=\"article\" \/>\n<meta property=\"og:title\" content=\"C\u00e1 L\u0103ng File AA - 500gr - Healthy food AA\" \/>\n<meta property=\"og:description\" content=\"- 100% t\u1eeb C\u00e1 L\u0103ng nguy\u00ean ch\u1ea5t l\u00e0m s\u1ea1ch, c\u1eaft kh\u00fac. L\u00e0m s\u1ea1ch C\u00e1 L\u0103ng, ch\u1ebf bi\u1ebfn m\u00f3n N\u1ed9m C\u00e1 L\u0103ng, C\u00e1 L\u0103ng h\u1ea5p x\u00ec d\u1ea7u, C\u00e1 L\u0103ng Chi\u00ean, cho C\u00e1 \u0111\u00e3 n\u01b0\u1edbng v\u00e0o ch\u1ea3o m\u1ee1 n\u00f3ng, b\u1ecf H\u00e0nh v\u00e0 rau Th\u00eca L\u00e0 v\u00e0o khi rau ch\u00edn t\u00e1i th\u00ec g\u1eafp ra \u0103n k\u00e8m v\u1edbi b\u00fan, rau th\u01a1m, r\u1eafc \u0111\u1eadu ph\u1ed9ng rang v\u00e0 m\u1eafm t\u00f4m r\u1ed3i th\u01b0\u1edfng th\u1ee9c.\" \/>\n<meta property=\"og:url\" content=\"https:\/\/hfa.vn\/product\/ca-lang-phi-le-aa\/\" \/>\n<meta property=\"og:site_name\" content=\"Healthy food AA\" \/>\n<meta property=\"article:modified_time\" content=\"2024-04-11T09:39:23+00:00\" \/>\n<meta property=\"og:image\" content=\"https:\/\/hfa.vn\/wp-content\/uploads\/2023\/11\/Ca-Lang-Phi-Le-AA-1.png\" \/>\n\t<meta property=\"og:image:width\" content=\"900\" \/>\n\t<meta property=\"og:image:height\" content=\"900\" \/>\n\t<meta property=\"og:image:type\" content=\"image\/png\" \/>\n<meta name=\"twitter:card\" content=\"summary_large_image\" \/>\n<meta name=\"twitter:label1\" content=\"\u01af\u1edbc t\u00ednh th\u1eddi gian \u0111\u1ecdc\" \/>\n\t<meta name=\"twitter:data1\" content=\"3 ph\u00fat\" \/>\n<script type=\"application\/ld+json\" class=\"yoast-schema-graph\">{\"@context\":\"https:\/\/schema.org\",\"@graph\":[{\"@type\":\"WebPage\",\"@id\":\"https:\/\/hfa.vn\/product\/ca-lang-phi-le-aa\/\",\"url\":\"https:\/\/hfa.vn\/product\/ca-lang-phi-le-aa\/\",\"name\":\"C\u00e1 L\u0103ng File AA - 500gr - Healthy food AA\",\"isPartOf\":{\"@id\":\"https:\/\/hfa.vn\/#website\"},\"primaryImageOfPage\":{\"@id\":\"https:\/\/hfa.vn\/product\/ca-lang-phi-le-aa\/#primaryimage\"},\"image\":{\"@id\":\"https:\/\/hfa.vn\/product\/ca-lang-phi-le-aa\/#primaryimage\"},\"thumbnailUrl\":\"https:\/\/hfa.vn\/wp-content\/uploads\/2023\/11\/Ca-Lang-Phi-Le-AA-1.png\",\"datePublished\":\"2023-11-22T08:39:27+00:00\",\"dateModified\":\"2024-04-11T09:39:23+00:00\",\"description\":\"- 100% t\u1eeb C\u00e1 L\u0103ng nguy\u00ean ch\u1ea5t l\u00e0m s\u1ea1ch, c\u1eaft kh\u00fac. L\u00e0m s\u1ea1ch C\u00e1 L\u0103ng, ch\u1ebf bi\u1ebfn m\u00f3n N\u1ed9m C\u00e1 L\u0103ng, C\u00e1 L\u0103ng h\u1ea5p x\u00ec d\u1ea7u, C\u00e1 L\u0103ng Chi\u00ean, cho C\u00e1 \u0111\u00e3 n\u01b0\u1edbng v\u00e0o ch\u1ea3o m\u1ee1 n\u00f3ng, b\u1ecf H\u00e0nh v\u00e0 rau Th\u00eca L\u00e0 v\u00e0o khi rau ch\u00edn t\u00e1i th\u00ec g\u1eafp ra \u0103n k\u00e8m v\u1edbi b\u00fan, rau th\u01a1m, r\u1eafc \u0111\u1eadu ph\u1ed9ng rang v\u00e0 m\u1eafm t\u00f4m r\u1ed3i th\u01b0\u1edfng th\u1ee9c.\",\"breadcrumb\":{\"@id\":\"https:\/\/hfa.vn\/product\/ca-lang-phi-le-aa\/#breadcrumb\"},\"inLanguage\":\"vi\",\"potentialAction\":[{\"@type\":\"ReadAction\",\"target\":[\"https:\/\/hfa.vn\/product\/ca-lang-phi-le-aa\/\"]}]},{\"@type\":\"ImageObject\",\"inLanguage\":\"vi\",\"@id\":\"https:\/\/hfa.vn\/product\/ca-lang-phi-le-aa\/#primaryimage\",\"url\":\"https:\/\/hfa.vn\/wp-content\/uploads\/2023\/11\/Ca-Lang-Phi-Le-AA-1.png\",\"contentUrl\":\"https:\/\/hfa.vn\/wp-content\/uploads\/2023\/11\/Ca-Lang-Phi-Le-AA-1.png\",\"width\":900,\"height\":900},{\"@type\":\"BreadcrumbList\",\"@id\":\"https:\/\/hfa.vn\/product\/ca-lang-phi-le-aa\/#breadcrumb\",\"itemListElement\":[{\"@type\":\"ListItem\",\"position\":1,\"name\":\"Trang ch\u1ee7\",\"item\":\"https:\/\/hfa.vn\/\"},{\"@type\":\"ListItem\",\"position\":2,\"name\":\"Shop\",\"item\":\"https:\/\/hfa.vn\/?page_id=63\"},{\"@type\":\"ListItem\",\"position\":3,\"name\":\"C\u00e1 L\u0103ng File AA &#8211; 500gr\"}]},{\"@type\":\"WebSite\",\"@id\":\"https:\/\/hfa.vn\/#website\",\"url\":\"https:\/\/hfa.vn\/\",\"name\":\"Healthy food AA\",\"description\":\"S\u1ee9c kh\u1ecfe kh\u00e1ch h\u00e0ng, S\u1ee9 m\u1ec7nh doanh nghi\u1ec7p; Healthy food AA n\u00e2ng t\u1ea7m s\u1ee9c kh\u1ecfe Vi\u1ec7t\",\"potentialAction\":[{\"@type\":\"SearchAction\",\"target\":{\"@type\":\"EntryPoint\",\"urlTemplate\":\"https:\/\/hfa.vn\/?s={search_term_string}\"},\"query-input\":{\"@type\":\"PropertyValueSpecification\",\"valueRequired\":true,\"valueName\":\"search_term_string\"}}],\"inLanguage\":\"vi\"}]}<\/script>\n<!-- \/ Yoast SEO plugin. -->","yoast_head_json":{"title":"C\u00e1 L\u0103ng File AA - 500gr - Healthy food AA","description":"- 100% t\u1eeb C\u00e1 L\u0103ng nguy\u00ean ch\u1ea5t l\u00e0m s\u1ea1ch, c\u1eaft kh\u00fac. L\u00e0m s\u1ea1ch C\u00e1 L\u0103ng, ch\u1ebf bi\u1ebfn m\u00f3n N\u1ed9m C\u00e1 L\u0103ng, C\u00e1 L\u0103ng h\u1ea5p x\u00ec d\u1ea7u, C\u00e1 L\u0103ng Chi\u00ean, cho C\u00e1 \u0111\u00e3 n\u01b0\u1edbng v\u00e0o ch\u1ea3o m\u1ee1 n\u00f3ng, b\u1ecf H\u00e0nh v\u00e0 rau Th\u00eca L\u00e0 v\u00e0o khi rau ch\u00edn t\u00e1i th\u00ec g\u1eafp ra \u0103n k\u00e8m v\u1edbi b\u00fan, rau th\u01a1m, r\u1eafc \u0111\u1eadu ph\u1ed9ng rang v\u00e0 m\u1eafm t\u00f4m r\u1ed3i th\u01b0\u1edfng th\u1ee9c.","robots":{"index":"index","follow":"follow","max-snippet":"max-snippet:-1","max-image-preview":"max-image-preview:large","max-video-preview":"max-video-preview:-1"},"canonical":"https:\/\/hfa.vn\/product\/ca-lang-phi-le-aa\/","og_locale":"vi_VN","og_type":"article","og_title":"C\u00e1 L\u0103ng File AA - 500gr - Healthy food AA","og_description":"- 100% t\u1eeb C\u00e1 L\u0103ng nguy\u00ean ch\u1ea5t l\u00e0m s\u1ea1ch, c\u1eaft kh\u00fac. L\u00e0m s\u1ea1ch C\u00e1 L\u0103ng, ch\u1ebf bi\u1ebfn m\u00f3n N\u1ed9m C\u00e1 L\u0103ng, C\u00e1 L\u0103ng h\u1ea5p x\u00ec d\u1ea7u, C\u00e1 L\u0103ng Chi\u00ean, cho C\u00e1 \u0111\u00e3 n\u01b0\u1edbng v\u00e0o ch\u1ea3o m\u1ee1 n\u00f3ng, b\u1ecf H\u00e0nh v\u00e0 rau Th\u00eca L\u00e0 v\u00e0o khi rau ch\u00edn t\u00e1i th\u00ec g\u1eafp ra \u0103n k\u00e8m v\u1edbi b\u00fan, rau th\u01a1m, r\u1eafc \u0111\u1eadu ph\u1ed9ng rang v\u00e0 m\u1eafm t\u00f4m r\u1ed3i th\u01b0\u1edfng th\u1ee9c.","og_url":"https:\/\/hfa.vn\/product\/ca-lang-phi-le-aa\/","og_site_name":"Healthy food AA","article_modified_time":"2024-04-11T09:39:23+00:00","og_image":[{"width":900,"height":900,"url":"https:\/\/hfa.vn\/wp-content\/uploads\/2023\/11\/Ca-Lang-Phi-Le-AA-1.png","type":"image\/png"}],"twitter_card":"summary_large_image","twitter_misc":{"\u01af\u1edbc t\u00ednh th\u1eddi gian \u0111\u1ecdc":"3 ph\u00fat"},"schema":{"@context":"https:\/\/schema.org","@graph":[{"@type":"WebPage","@id":"https:\/\/hfa.vn\/product\/ca-lang-phi-le-aa\/","url":"https:\/\/hfa.vn\/product\/ca-lang-phi-le-aa\/","name":"C\u00e1 L\u0103ng File AA - 500gr - Healthy food AA","isPartOf":{"@id":"https:\/\/hfa.vn\/#website"},"primaryImageOfPage":{"@id":"https:\/\/hfa.vn\/product\/ca-lang-phi-le-aa\/#primaryimage"},"image":{"@id":"https:\/\/hfa.vn\/product\/ca-lang-phi-le-aa\/#primaryimage"},"thumbnailUrl":"https:\/\/hfa.vn\/wp-content\/uploads\/2023\/11\/Ca-Lang-Phi-Le-AA-1.png","datePublished":"2023-11-22T08:39:27+00:00","dateModified":"2024-04-11T09:39:23+00:00","description":"- 100% t\u1eeb C\u00e1 L\u0103ng nguy\u00ean ch\u1ea5t l\u00e0m s\u1ea1ch, c\u1eaft kh\u00fac. L\u00e0m s\u1ea1ch C\u00e1 L\u0103ng, ch\u1ebf bi\u1ebfn m\u00f3n N\u1ed9m C\u00e1 L\u0103ng, C\u00e1 L\u0103ng h\u1ea5p x\u00ec d\u1ea7u, C\u00e1 L\u0103ng Chi\u00ean, cho C\u00e1 \u0111\u00e3 n\u01b0\u1edbng v\u00e0o ch\u1ea3o m\u1ee1 n\u00f3ng, b\u1ecf H\u00e0nh v\u00e0 rau Th\u00eca L\u00e0 v\u00e0o khi rau ch\u00edn t\u00e1i th\u00ec g\u1eafp ra \u0103n k\u00e8m v\u1edbi b\u00fan, rau th\u01a1m, r\u1eafc \u0111\u1eadu ph\u1ed9ng rang v\u00e0 m\u1eafm t\u00f4m r\u1ed3i th\u01b0\u1edfng th\u1ee9c.","breadcrumb":{"@id":"https:\/\/hfa.vn\/product\/ca-lang-phi-le-aa\/#breadcrumb"},"inLanguage":"vi","potentialAction":[{"@type":"ReadAction","target":["https:\/\/hfa.vn\/product\/ca-lang-phi-le-aa\/"]}]},{"@type":"ImageObject","inLanguage":"vi","@id":"https:\/\/hfa.vn\/product\/ca-lang-phi-le-aa\/#primaryimage","url":"https:\/\/hfa.vn\/wp-content\/uploads\/2023\/11\/Ca-Lang-Phi-Le-AA-1.png","contentUrl":"https:\/\/hfa.vn\/wp-content\/uploads\/2023\/11\/Ca-Lang-Phi-Le-AA-1.png","width":900,"height":900},{"@type":"BreadcrumbList","@id":"https:\/\/hfa.vn\/product\/ca-lang-phi-le-aa\/#breadcrumb","itemListElement":[{"@type":"ListItem","position":1,"name":"Trang ch\u1ee7","item":"https:\/\/hfa.vn\/"},{"@type":"ListItem","position":2,"name":"Shop","item":"https:\/\/hfa.vn\/?page_id=63"},{"@type":"ListItem","position":3,"name":"C\u00e1 L\u0103ng File AA &#8211; 500gr"}]},{"@type":"WebSite","@id":"https:\/\/hfa.vn\/#website","url":"https:\/\/hfa.vn\/","name":"Healthy food AA","description":"S\u1ee9c kh\u1ecfe kh\u00e1ch h\u00e0ng, S\u1ee9 m\u1ec7nh doanh nghi\u1ec7p; Healthy food AA n\u00e2ng t\u1ea7m s\u1ee9c kh\u1ecfe Vi\u1ec7t","potentialAction":[{"@type":"SearchAction","target":{"@type":"EntryPoint","urlTemplate":"https:\/\/hfa.vn\/?s={search_term_string}"},"query-input":{"@type":"PropertyValueSpecification","valueRequired":true,"valueName":"search_term_string"}}],"inLanguage":"vi"}]}},"_links":{"self":[{"href":"https:\/\/hfa.vn\/index.php?rest_route=\/wp\/v2\/product\/8340","targetHints":{"allow":["GET"]}}],"collection":[{"href":"https:\/\/hfa.vn\/index.php?rest_route=\/wp\/v2\/product"}],"about":[{"href":"https:\/\/hfa.vn\/index.php?rest_route=\/wp\/v2\/types\/product"}],"replies":[{"embeddable":true,"href":"https:\/\/hfa.vn\/index.php?rest_route=%2Fwp%2Fv2%2Fcomments&post=8340"}],"wp:featuredmedia":[{"embeddable":true,"href":"https:\/\/hfa.vn\/index.php?rest_route=\/wp\/v2\/media\/8641"}],"wp:attachment":[{"href":"https:\/\/hfa.vn\/index.php?rest_route=%2Fwp%2Fv2%2Fmedia&parent=8340"}],"wp:term":[{"taxonomy":"product_brand","embeddable":true,"href":"https:\/\/hfa.vn\/index.php?rest_route=%2Fwp%2Fv2%2Fproduct_brand&post=8340"},{"taxonomy":"product_cat","embeddable":true,"href":"https:\/\/hfa.vn\/index.php?rest_route=%2Fwp%2Fv2%2Fproduct_cat&post=8340"},{"taxonomy":"product_tag","embeddable":true,"href":"https:\/\/hfa.vn\/index.php?rest_route=%2Fwp%2Fv2%2Fproduct_tag&post=8340"}],"curies":[{"name":"wp","href":"https:\/\/api.w.org\/{rel}","templated":true}]}}