
{"id":8372,"date":"2023-11-22T16:46:48","date_gmt":"2023-11-22T09:46:48","guid":{"rendered":"https:\/\/hfafood.com\/?post_type=product&#038;p=8372"},"modified":"2024-04-11T16:23:20","modified_gmt":"2024-04-11T09:23:20","slug":"cha-ca-la-vong-aa","status":"publish","type":"product","link":"https:\/\/hfa.vn\/?product=cha-ca-la-vong-aa","title":{"rendered":"Ch\u1ea3 C\u00e1 L\u00e3 V\u1ecdng AA"},"content":{"rendered":"<h3><strong>Gi\u1edbi Thi\u1ec7u Chung V\u1ec1 S\u1ea3n Ph\u1ea9m<\/strong><\/h3>\n<ul>\n<li>T\u00ean S\u1ea3n Ph\u1ea9m: Ch\u1ea3 C\u00e1 L\u00e3 V\u1ecdng Than Uy\u00ean<\/li>\n<li>Th\u01b0\u01a1ng Hi\u1ec7u: Healthy Food AA<\/li>\n<li>Ngu\u1ed3n G\u1ed1c: Khu nu\u00f4i tr\u1ed3ng c\u00e1 s\u1ea1ch H\u1ee3p T\u00e1c X\u00e3 Than Uy\u00ean<\/li>\n<li>H\u1ea1n S\u1eed D\u1ee5ng: In tr\u00ean bao b\u00ec<\/li>\n<\/ul>\n<h3><strong>Th\u00f4ng Tin Chi Ti\u1ebft<\/strong><\/h3>\n<p>S\u1ea3n ph\u1ea9m \u0111\u00e3 \u0111\u01b0\u1ee3c t\u1ea9m \u01b0\u1edbc gia v\u1ecb theo c\u00f4ng th\u1ee9c gia truy\u1ec1n, qu\u00fd kh\u00e1ch ch\u1ec9 c\u1ea7n mua v\u1ec1 v\u00e0 chi\u00ean b\u1eb1ng n\u1ed3i chi\u00ean kh\u00f4ng d\u1ea7u ho\u1eb7c ch\u1ea3o n\u00f3ng l\u00e0 cho th\u1ec3 th\u01b0\u01a1ng th\u1ee9c \u0111\u01b0\u1ee3c ngay m\u00f3n Ch\u1ea3 C\u00e1 L\u00e3 V\u1ecdng th\u01a1m ngon n\u1ed5i ti\u1ebfng.<\/p>\n<p>\u201c Ch\u1ea3 C\u00e1 L\u00e3 V\u1ecdng AA\u201d \u0110\u01b0\u1ee3c l\u00e0m ho\u00e0n to\u00e0n t\u1eeb th\u1ecbt c\u00e1 L\u0103ng t\u01b0\u01a1i h\u1ed3 thu\u1ef7 \u0111i\u1ec7n Hu\u1ed5i Qu\u1ea3ng \u2013 Lai Ch\u00e2u, n\u01a1i \u0111\u00e2y n\u1ed5i ti\u1ebfng v\u1edbi ngu\u1ed3n n\u01b0\u1edbc xanh trong v\u00e0 kh\u00ed h\u1eadu th\u00edch h\u1ee3p<\/p>\n<p>Quy tr\u00ecnh \u0111\u00f3ng g\u00f3i v\u00e0 ch\u1ebf bi\u1ec3n theo ti\u00eau chu\u1ea9n v\u1ec7 sinh ATTP, kh\u00f4ng s\u1eed d\u1ee5ng ch\u1ea5t b\u1ea3o qu\u1ea3n, ch\u1ea5t c\u1ea5m\u2026<\/p>\n<p>\ud83d\ude80Ch\u00fang t\u00f4i h\u1ed7 tr\u1ee3 giao h\u00e0ng ho\u1ea3 t\u1ed1c trong v\u00f2ng 2h t\u1ea1i H\u00e0 N\u1ed9i, nhanh ch\u00f3ng, ti\u1ec7n l\u1ee3i, \u0111\u1ea3m b\u1ea3o gi\u1eef \u0111\u01b0\u1ee3c \u0111\u1ed9 t\u01b0\u01a1i ngon chu\u1ea9n nh\u1ea5t c\u1ee7a s\u1ea3n ph\u1ea9m.<\/p>\n<p>\ud83d\udd16C\u00e1c s\u1ea3n ph\u1ea9m \u0111\u00e3 v\u00e0 \u0111ang \u0111\u01b0\u1ee3c b\u00e0y b\u00e1n t\u1ea1i c\u00e1c gian h\u00e0ng c\u1ee7a c\u00e1c si\u00eau th\u1ecb nh\u01b0 Win mark, Aeon, Fuji, Mega, BigC, BRG\u2026<\/p>\n<p><strong>\u00a0<\/strong><\/p>\n<h3><strong>Cam K\u1ebft Ch\u1ea5t L\u01b0\u1ee3ng<\/strong><\/h3>\n<p>\u2705 Ngu\u1ed3n g\u1ed1c xu\u1ea5t x\u1ee9 r\u00f5 r\u00e0ng<\/p>\n<p>\u2705 \u0110\u1ea3m b\u1ea3o v\u1ec7 sinh ATTP<\/p>\n<p>\u2705 Kh\u00f4ng s\u1eed d\u1ee5ng ch\u1ea5t b\u1ea3o qu\u1ea3n, ch\u1ea5t c\u1ea5m<\/p>\n<p>\u2705 100% t\u1eeb c\u00e1 t\u01b0\u01a1i s\u1ea1ch t\u1ea1i Than Uy\u00ean<\/p>\n<p>\u2705 H\u1ed7 tr\u1ee3 ho\u00e0n ti\u1ec1n, \u0111\u1ed5i tr\u1ea3 n\u1ebfu s\u1ea3n ph\u1ea9m kh\u00f4ng nh\u01b0 cam k\u1ebft c\u1ee7a shop<\/p>\n<p><strong>\u00a0<\/strong><\/p>\n<p>&#8212;&#8212;&#8212;&#8212;&#8212;&#8212;&#8212;&#8212;&#8212;&#8212;&#8212;&#8212;&#8212;&#8212;&#8212;&#8212;&#8212;&#8212;&#8212;&#8212;&#8212;&#8212;<\/p>\n<h3><strong>Healthy Food AA \u2013 C\u00e1 Ngon T\u1eeb D\u00f2ng N\u01b0\u1edbc Ng\u1ecdt<\/strong><\/h3>\n","protected":false},"excerpt":{"rendered":"<p>Th\u00e0nh ph\u1ea7n: 98% t\u1eeb c\u00e1 L\u0103ng nguy\u00ean ch\u1ea5t , gia v\u1ecb t\u1ea9m \u01b0\u1edbp bao g\u1ed3m ( H\u00e0nh l\u00e1 , rau th\u01a1m , H\u1ea1t m\u1eafc kh\u00e9n, Ri\u1ec1ng, M\u1ebb, M\u1eafm T\u00f4m , Ch\u1ea5t \u0110i\u1ec1u v\u1ecb ins 621, N\u01b0\u1edbc m\u1eafm. S\u1eed d\u1ee5ng bao b\u00ec PA, PE \u0111\u1ea3m b\u1ea3o ch\u1ea5t l\u01b0\u1ee3ng ch\u1ee9a \u0111\u1ef1ng VSAT th\u1ef1c ph\u1ea9m<\/p>\n","protected":false},"featured_media":8638,"comment_status":"open","ping_status":"closed","template":"","meta":[],"product_brand":[],"product_cat":[77,83],"product_tag":[233],"class_list":{"0":"post-8372","1":"product","2":"type-product","3":"status-publish","4":"has-post-thumbnail","6":"product_cat-san-pham","7":"product_cat-san-pham-tu-ca","8":"product_tag-cha-ca-la-vong","10":"first","11":"instock","12":"shipping-taxable","13":"purchasable","14":"product-type-simple"},"yoast_head":"<!-- This site is optimized with the Yoast SEO plugin v26.5 - https:\/\/yoast.com\/wordpress\/plugins\/seo\/ -->\n<title>Ch\u1ea3 C\u00e1 L\u00e3 V\u1ecdng AA - Healthy food AA<\/title>\n<meta name=\"description\" content=\"Th\u00e0nh ph\u1ea7n: 98% t\u1eeb c\u00e1 L\u0103ng nguy\u00ean ch\u1ea5t , gia v\u1ecb t\u1ea9m \u01b0\u1edbp bao g\u1ed3m ( H\u00e0nh l\u00e1 , rau th\u01a1m , H\u1ea1t m\u1eafc kh\u00e9n, Ri\u1ec1ng, M\u1ebb, M\u1eafm T\u00f4m , Ch\u1ea5t \u0110i\u1ec1u v\u1ecb ins 621, N\u01b0\u1edbc m\u1eafm. S\u1eed d\u1ee5ng bao b\u00ec PA, PE \u0111\u1ea3m b\u1ea3o ch\u1ea5t l\u01b0\u1ee3ng ch\u1ee9a \u0111\u1ef1ng VSAT th\u1ef1c ph\u1ea9m\" \/>\n<meta name=\"robots\" content=\"index, follow, max-snippet:-1, max-image-preview:large, max-video-preview:-1\" \/>\n<link rel=\"canonical\" href=\"https:\/\/hfa.vn\/product\/cha-ca-la-vong-aa\/\" \/>\n<meta property=\"og:locale\" content=\"vi_VN\" \/>\n<meta property=\"og:type\" content=\"article\" \/>\n<meta property=\"og:title\" content=\"Ch\u1ea3 C\u00e1 L\u00e3 V\u1ecdng AA - Healthy food AA\" \/>\n<meta property=\"og:description\" content=\"Th\u00e0nh ph\u1ea7n: 98% t\u1eeb c\u00e1 L\u0103ng nguy\u00ean ch\u1ea5t , gia v\u1ecb t\u1ea9m \u01b0\u1edbp bao g\u1ed3m ( H\u00e0nh l\u00e1 , rau th\u01a1m , H\u1ea1t m\u1eafc kh\u00e9n, Ri\u1ec1ng, M\u1ebb, M\u1eafm T\u00f4m , Ch\u1ea5t \u0110i\u1ec1u v\u1ecb ins 621, N\u01b0\u1edbc m\u1eafm. S\u1eed d\u1ee5ng bao b\u00ec PA, PE \u0111\u1ea3m b\u1ea3o ch\u1ea5t l\u01b0\u1ee3ng ch\u1ee9a \u0111\u1ef1ng VSAT th\u1ef1c ph\u1ea9m\" \/>\n<meta property=\"og:url\" content=\"https:\/\/hfa.vn\/product\/cha-ca-la-vong-aa\/\" \/>\n<meta property=\"og:site_name\" content=\"Healthy food AA\" \/>\n<meta property=\"article:modified_time\" content=\"2024-04-11T09:23:20+00:00\" \/>\n<meta property=\"og:image\" content=\"https:\/\/hfa.vn\/wp-content\/uploads\/2023\/11\/Cha-Ca-La-Vong-1.png\" \/>\n\t<meta property=\"og:image:width\" content=\"900\" \/>\n\t<meta property=\"og:image:height\" content=\"900\" \/>\n\t<meta property=\"og:image:type\" content=\"image\/png\" \/>\n<meta name=\"twitter:card\" content=\"summary_large_image\" \/>\n<meta name=\"twitter:label1\" content=\"\u01af\u1edbc t\u00ednh th\u1eddi gian \u0111\u1ecdc\" \/>\n\t<meta name=\"twitter:data1\" content=\"2 ph\u00fat\" \/>\n<script type=\"application\/ld+json\" class=\"yoast-schema-graph\">{\"@context\":\"https:\/\/schema.org\",\"@graph\":[{\"@type\":\"WebPage\",\"@id\":\"https:\/\/hfa.vn\/product\/cha-ca-la-vong-aa\/\",\"url\":\"https:\/\/hfa.vn\/product\/cha-ca-la-vong-aa\/\",\"name\":\"Ch\u1ea3 C\u00e1 L\u00e3 V\u1ecdng AA - Healthy food AA\",\"isPartOf\":{\"@id\":\"https:\/\/hfa.vn\/#website\"},\"primaryImageOfPage\":{\"@id\":\"https:\/\/hfa.vn\/product\/cha-ca-la-vong-aa\/#primaryimage\"},\"image\":{\"@id\":\"https:\/\/hfa.vn\/product\/cha-ca-la-vong-aa\/#primaryimage\"},\"thumbnailUrl\":\"https:\/\/hfa.vn\/wp-content\/uploads\/2023\/11\/Cha-Ca-La-Vong-1.png\",\"datePublished\":\"2023-11-22T09:46:48+00:00\",\"dateModified\":\"2024-04-11T09:23:20+00:00\",\"description\":\"Th\u00e0nh ph\u1ea7n: 98% t\u1eeb c\u00e1 L\u0103ng nguy\u00ean ch\u1ea5t , gia v\u1ecb t\u1ea9m \u01b0\u1edbp bao g\u1ed3m ( H\u00e0nh l\u00e1 , rau th\u01a1m , H\u1ea1t m\u1eafc kh\u00e9n, Ri\u1ec1ng, M\u1ebb, M\u1eafm T\u00f4m , Ch\u1ea5t \u0110i\u1ec1u v\u1ecb ins 621, N\u01b0\u1edbc m\u1eafm. S\u1eed d\u1ee5ng bao b\u00ec PA, PE \u0111\u1ea3m b\u1ea3o ch\u1ea5t l\u01b0\u1ee3ng ch\u1ee9a \u0111\u1ef1ng VSAT th\u1ef1c ph\u1ea9m\",\"breadcrumb\":{\"@id\":\"https:\/\/hfa.vn\/product\/cha-ca-la-vong-aa\/#breadcrumb\"},\"inLanguage\":\"vi\",\"potentialAction\":[{\"@type\":\"ReadAction\",\"target\":[\"https:\/\/hfa.vn\/product\/cha-ca-la-vong-aa\/\"]}]},{\"@type\":\"ImageObject\",\"inLanguage\":\"vi\",\"@id\":\"https:\/\/hfa.vn\/product\/cha-ca-la-vong-aa\/#primaryimage\",\"url\":\"https:\/\/hfa.vn\/wp-content\/uploads\/2023\/11\/Cha-Ca-La-Vong-1.png\",\"contentUrl\":\"https:\/\/hfa.vn\/wp-content\/uploads\/2023\/11\/Cha-Ca-La-Vong-1.png\",\"width\":900,\"height\":900},{\"@type\":\"BreadcrumbList\",\"@id\":\"https:\/\/hfa.vn\/product\/cha-ca-la-vong-aa\/#breadcrumb\",\"itemListElement\":[{\"@type\":\"ListItem\",\"position\":1,\"name\":\"Trang ch\u1ee7\",\"item\":\"https:\/\/hfa.vn\/\"},{\"@type\":\"ListItem\",\"position\":2,\"name\":\"Shop\",\"item\":\"https:\/\/hfa.vn\/?page_id=63\"},{\"@type\":\"ListItem\",\"position\":3,\"name\":\"Ch\u1ea3 C\u00e1 L\u00e3 V\u1ecdng AA\"}]},{\"@type\":\"WebSite\",\"@id\":\"https:\/\/hfa.vn\/#website\",\"url\":\"https:\/\/hfa.vn\/\",\"name\":\"Healthy food AA\",\"description\":\"S\u1ee9c kh\u1ecfe kh\u00e1ch h\u00e0ng, S\u1ee9 m\u1ec7nh doanh nghi\u1ec7p; Healthy food AA n\u00e2ng t\u1ea7m s\u1ee9c kh\u1ecfe Vi\u1ec7t\",\"potentialAction\":[{\"@type\":\"SearchAction\",\"target\":{\"@type\":\"EntryPoint\",\"urlTemplate\":\"https:\/\/hfa.vn\/?s={search_term_string}\"},\"query-input\":{\"@type\":\"PropertyValueSpecification\",\"valueRequired\":true,\"valueName\":\"search_term_string\"}}],\"inLanguage\":\"vi\"}]}<\/script>\n<!-- \/ Yoast SEO plugin. -->","yoast_head_json":{"title":"Ch\u1ea3 C\u00e1 L\u00e3 V\u1ecdng AA - Healthy food AA","description":"Th\u00e0nh ph\u1ea7n: 98% t\u1eeb c\u00e1 L\u0103ng nguy\u00ean ch\u1ea5t , gia v\u1ecb t\u1ea9m \u01b0\u1edbp bao g\u1ed3m ( H\u00e0nh l\u00e1 , rau th\u01a1m , H\u1ea1t m\u1eafc kh\u00e9n, Ri\u1ec1ng, M\u1ebb, M\u1eafm T\u00f4m , Ch\u1ea5t \u0110i\u1ec1u v\u1ecb ins 621, N\u01b0\u1edbc m\u1eafm. S\u1eed d\u1ee5ng bao b\u00ec PA, PE \u0111\u1ea3m b\u1ea3o ch\u1ea5t l\u01b0\u1ee3ng ch\u1ee9a \u0111\u1ef1ng VSAT th\u1ef1c ph\u1ea9m","robots":{"index":"index","follow":"follow","max-snippet":"max-snippet:-1","max-image-preview":"max-image-preview:large","max-video-preview":"max-video-preview:-1"},"canonical":"https:\/\/hfa.vn\/product\/cha-ca-la-vong-aa\/","og_locale":"vi_VN","og_type":"article","og_title":"Ch\u1ea3 C\u00e1 L\u00e3 V\u1ecdng AA - Healthy food AA","og_description":"Th\u00e0nh ph\u1ea7n: 98% t\u1eeb c\u00e1 L\u0103ng nguy\u00ean ch\u1ea5t , gia v\u1ecb t\u1ea9m \u01b0\u1edbp bao g\u1ed3m ( H\u00e0nh l\u00e1 , rau th\u01a1m , H\u1ea1t m\u1eafc kh\u00e9n, Ri\u1ec1ng, M\u1ebb, M\u1eafm T\u00f4m , Ch\u1ea5t \u0110i\u1ec1u v\u1ecb ins 621, N\u01b0\u1edbc m\u1eafm. S\u1eed d\u1ee5ng bao b\u00ec PA, PE \u0111\u1ea3m b\u1ea3o ch\u1ea5t l\u01b0\u1ee3ng ch\u1ee9a \u0111\u1ef1ng VSAT th\u1ef1c ph\u1ea9m","og_url":"https:\/\/hfa.vn\/product\/cha-ca-la-vong-aa\/","og_site_name":"Healthy food AA","article_modified_time":"2024-04-11T09:23:20+00:00","og_image":[{"width":900,"height":900,"url":"https:\/\/hfa.vn\/wp-content\/uploads\/2023\/11\/Cha-Ca-La-Vong-1.png","type":"image\/png"}],"twitter_card":"summary_large_image","twitter_misc":{"\u01af\u1edbc t\u00ednh th\u1eddi gian \u0111\u1ecdc":"2 ph\u00fat"},"schema":{"@context":"https:\/\/schema.org","@graph":[{"@type":"WebPage","@id":"https:\/\/hfa.vn\/product\/cha-ca-la-vong-aa\/","url":"https:\/\/hfa.vn\/product\/cha-ca-la-vong-aa\/","name":"Ch\u1ea3 C\u00e1 L\u00e3 V\u1ecdng AA - Healthy food AA","isPartOf":{"@id":"https:\/\/hfa.vn\/#website"},"primaryImageOfPage":{"@id":"https:\/\/hfa.vn\/product\/cha-ca-la-vong-aa\/#primaryimage"},"image":{"@id":"https:\/\/hfa.vn\/product\/cha-ca-la-vong-aa\/#primaryimage"},"thumbnailUrl":"https:\/\/hfa.vn\/wp-content\/uploads\/2023\/11\/Cha-Ca-La-Vong-1.png","datePublished":"2023-11-22T09:46:48+00:00","dateModified":"2024-04-11T09:23:20+00:00","description":"Th\u00e0nh ph\u1ea7n: 98% t\u1eeb c\u00e1 L\u0103ng nguy\u00ean ch\u1ea5t , gia v\u1ecb t\u1ea9m \u01b0\u1edbp bao g\u1ed3m ( H\u00e0nh l\u00e1 , rau th\u01a1m , H\u1ea1t m\u1eafc kh\u00e9n, Ri\u1ec1ng, M\u1ebb, M\u1eafm T\u00f4m , Ch\u1ea5t \u0110i\u1ec1u v\u1ecb ins 621, N\u01b0\u1edbc m\u1eafm. S\u1eed d\u1ee5ng bao b\u00ec PA, PE \u0111\u1ea3m b\u1ea3o ch\u1ea5t l\u01b0\u1ee3ng ch\u1ee9a \u0111\u1ef1ng VSAT th\u1ef1c ph\u1ea9m","breadcrumb":{"@id":"https:\/\/hfa.vn\/product\/cha-ca-la-vong-aa\/#breadcrumb"},"inLanguage":"vi","potentialAction":[{"@type":"ReadAction","target":["https:\/\/hfa.vn\/product\/cha-ca-la-vong-aa\/"]}]},{"@type":"ImageObject","inLanguage":"vi","@id":"https:\/\/hfa.vn\/product\/cha-ca-la-vong-aa\/#primaryimage","url":"https:\/\/hfa.vn\/wp-content\/uploads\/2023\/11\/Cha-Ca-La-Vong-1.png","contentUrl":"https:\/\/hfa.vn\/wp-content\/uploads\/2023\/11\/Cha-Ca-La-Vong-1.png","width":900,"height":900},{"@type":"BreadcrumbList","@id":"https:\/\/hfa.vn\/product\/cha-ca-la-vong-aa\/#breadcrumb","itemListElement":[{"@type":"ListItem","position":1,"name":"Trang ch\u1ee7","item":"https:\/\/hfa.vn\/"},{"@type":"ListItem","position":2,"name":"Shop","item":"https:\/\/hfa.vn\/?page_id=63"},{"@type":"ListItem","position":3,"name":"Ch\u1ea3 C\u00e1 L\u00e3 V\u1ecdng AA"}]},{"@type":"WebSite","@id":"https:\/\/hfa.vn\/#website","url":"https:\/\/hfa.vn\/","name":"Healthy food AA","description":"S\u1ee9c kh\u1ecfe kh\u00e1ch h\u00e0ng, S\u1ee9 m\u1ec7nh doanh nghi\u1ec7p; Healthy food AA n\u00e2ng t\u1ea7m s\u1ee9c kh\u1ecfe Vi\u1ec7t","potentialAction":[{"@type":"SearchAction","target":{"@type":"EntryPoint","urlTemplate":"https:\/\/hfa.vn\/?s={search_term_string}"},"query-input":{"@type":"PropertyValueSpecification","valueRequired":true,"valueName":"search_term_string"}}],"inLanguage":"vi"}]}},"_links":{"self":[{"href":"https:\/\/hfa.vn\/index.php?rest_route=\/wp\/v2\/product\/8372","targetHints":{"allow":["GET"]}}],"collection":[{"href":"https:\/\/hfa.vn\/index.php?rest_route=\/wp\/v2\/product"}],"about":[{"href":"https:\/\/hfa.vn\/index.php?rest_route=\/wp\/v2\/types\/product"}],"replies":[{"embeddable":true,"href":"https:\/\/hfa.vn\/index.php?rest_route=%2Fwp%2Fv2%2Fcomments&post=8372"}],"wp:featuredmedia":[{"embeddable":true,"href":"https:\/\/hfa.vn\/index.php?rest_route=\/wp\/v2\/media\/8638"}],"wp:attachment":[{"href":"https:\/\/hfa.vn\/index.php?rest_route=%2Fwp%2Fv2%2Fmedia&parent=8372"}],"wp:term":[{"taxonomy":"product_brand","embeddable":true,"href":"https:\/\/hfa.vn\/index.php?rest_route=%2Fwp%2Fv2%2Fproduct_brand&post=8372"},{"taxonomy":"product_cat","embeddable":true,"href":"https:\/\/hfa.vn\/index.php?rest_route=%2Fwp%2Fv2%2Fproduct_cat&post=8372"},{"taxonomy":"product_tag","embeddable":true,"href":"https:\/\/hfa.vn\/index.php?rest_route=%2Fwp%2Fv2%2Fproduct_tag&post=8372"}],"curies":[{"name":"wp","href":"https:\/\/api.w.org\/{rel}","templated":true}]}}