
{"id":8377,"date":"2023-11-22T17:03:38","date_gmt":"2023-11-22T10:03:38","guid":{"rendered":"https:\/\/hfafood.com\/?post_type=product&#038;p=8377"},"modified":"2024-04-11T16:19:02","modified_gmt":"2024-04-11T09:19:02","slug":"cha-ca-lang-aa","status":"publish","type":"product","link":"https:\/\/hfa.vn\/?product=cha-ca-lang-aa","title":{"rendered":"Ch\u1ea3 C\u00e1 L\u0103ng &#8211; 500gr"},"content":{"rendered":"<h3><strong>Gi\u1edbi Thi\u1ec7u Chung V\u1ec1 S\u1ea3n Ph\u1ea9m<\/strong><\/h3>\n<ul>\n<li>T\u00ean S\u1ea3n Ph\u1ea9m: Ch\u1ea3 C\u00e1 L\u0103ng AA<\/li>\n<li>Th\u01b0\u01a1ng Hi\u1ec7u: Healthy Food AA<\/li>\n<li>Ngu\u1ed3n G\u1ed1c: Khu nu\u00f4i tr\u1ed3ng c\u00e1 s\u1ea1ch H\u1ee3p T\u00e1c X\u00e3 Than Uy\u00ean<\/li>\n<li>Quy C\u00e1ch \u0110\u00f3ng G\u00f3i: 500g\/ G\u00f3i<\/li>\n<li>H\u1ea1n S\u1eed D\u1ee5ng: 7 ng\u00e0y k\u1ec3 t\u1eeb ng\u00e0y s\u1ea3n xu\u1ea5t n\u1ebfu b\u1ea3o qu\u1ea3n \u1edf nhi\u1ec7t \u0111\u1ed9 0 &#8211; 4\u00b0C, 12 th\u00e1ng k\u1ec3 t\u1eeb ng\u00e0y s\u1ea3n xu\u1ea5t n\u1ebfu b\u1ea3o qu\u1ea3n \u1edf nhi\u1ec7t \u0111\u1ed9 \u226418\u00b0C ho\u1eb7c \u0111\u1ec3 trong ng\u0103n \u0111\u00f4ng t\u1ee7 l\u1ea1nh.<\/li>\n<li>B\u1ea3o Qu\u1ea3n: \u226418\u00b0C ho\u1eb7c trong ng\u0103n \u0111\u00e1 t\u1ee7 l\u1ea1nh<\/li>\n<\/ul>\n<p>&nbsp;<\/p>\n<h3><strong>Th\u00f4ng Tin Chi Ti\u1ebft<\/strong><\/h3>\n<p>C\u00e1 L\u0103ng l\u00e0 m\u1ed9t lo\u00e0i c\u00e1 kh\u00e1 ph\u1ed5 bi\u1ebfn t\u1ea1i Vi\u1ec7t Nam, \u0111\u01b0\u1ee3c nhi\u1ec1u ng\u01b0\u1eddi y\u00eau th\u00edch v\u00e0 ch\u1ecdn l\u1ef1a. Th\u1ecbt c\u00e1 L\u0103ng \u0103n r\u1ea5t ngon v\u00e0 mang nhi\u1ec1u gi\u00e1 tr\u1ecb dinh d\u01b0\u1ee1ng cao, \u0111\u1eb7c bi\u1ec7t lo\u1ea1i c\u00e1 L\u0103ng \u0110en kh\u00f4ng c\u00f3 ph\u1ea7n x\u01b0\u01a1ng d\u0103m b\u1edfi v\u1eady th\u01b0\u1eddng xuy\u00ean \u0111\u01b0\u1ee3c s\u1eed d\u1ee5ng \u0111\u1ec3 ch\u1ebf bi\u1ebfn c\u00e1c m\u00f3n \u0103n kh\u00e1c nhau.<\/p>\n<p>C\u00e1 L\u0103ng sau qu\u00e1 tr\u00ecnh nu\u00f4i \u00edt nh\u1ea5t t\u1eeb 2 n\u0103m r\u01b0\u1ee1i \u0111\u1ebfn 3 n\u0103m m\u1edbi \u0111\u1ea1t y\u00eau c\u1ea7u c\u00f3 th\u1ec3 \u0111\u00e1nh b\u1eaft, nh\u1eefng con c\u00e1 to v\u00e0 ngon, th\u1ecbt nhi\u1ec1u s\u1ebd \u0111\u01b0\u1ee3c ch\u1ecdn l\u1ef1a \u0111\u1ec3 s\u1ea3n xu\u1ea5t \u201cCh\u1ea3 C\u00e1 L\u0103ng Vi\u00ean AA\u201d. Th\u1ecbt c\u00e1 \u0111\u01b0\u1ee3c l\u00e0m s\u1ea1ch, kh\u1eed tanh v\u00e0 l\u1ecdc to\u00e0n b\u1ed9 x\u01b0\u01a1ng tr\u01b0\u1edbc khi ch\u1ebf bi\u1ebfn. Th\u00e0nh ph\u1ea7n s\u1ea3n ph\u1ea9m \u0111\u01b0\u1ee3c l\u00e0m t\u1eeb 85% l\u00e0 th\u1ecbt c\u00e1 L\u0103ng Than Uy\u00ean file ch\u1ea5t l\u01b0\u1ee3ng cao, k\u1ebft h\u1ee3p v\u1edbi th\u1ecbt heo v\u00e0 c\u00e1c lo\u1ea1i gia v\u1ecb \u0111\u1eb7c tr\u01b0ng c\u1ee7a v\u00f9ng mi\u1ec1n. Khi \u0103n s\u1ebd c\u1ea3m nh\u1eadn \u0111\u01b0\u1ee3c r\u00f5 v\u1ecb th\u01a1m th\u01a1m, b\u00e9o gi\u00f2n c\u1ee7a th\u1ecbt c\u00e1 L\u0103ng.<\/p>\n<p>S\u1ef1 ti\u1ec7n l\u1ee3i c\u1ee7a m\u00f3n \u201cCh\u1ea3 C\u00e1 L\u0103ng Vi\u00ean AA\u201d gi\u00fap c\u00e1c b\u00e0 n\u1ed9i tr\u1ee3 ti\u1ebft ki\u1ec7m \u0111\u01b0\u1ee3c r\u1ea5t nhi\u1ec1u th\u1eddi gian cho vi\u1ec7c chu\u1ea9n b\u1ecb nguy\u00ean li\u1ec7u v\u00e0 n\u1ea5u n\u01b0\u1edbng. S\u1ea3n ph\u1ea9m c\u00f3 th\u1ec3 \u0103n k\u00e8m c\u00f9ng v\u1edbi C\u01a1m, B\u00fan, ch\u1ea5m m\u1eafm t\u00f4m, n\u01b0\u1edbc m\u1eafm pha t\u1ecfi \u1edbt&#8230;&#8230;t\u00f9y theo kh\u1ea9u v\u1ecb v\u00e0 s\u1edf th\u00edch c\u1ee7a c\u00e1 nh\u00e2n.<\/p>\n<p>Th\u00e0nh ph\u1ea7n: C\u00e1 L\u0103ng file v\u1edbi 85%, th\u1ecbt xay 13,5%, th\u00ec l\u00e0, h\u00e0nh kh\u00f4, t\u1ecfi b\u0103m, ti\u00eau xay, b\u1ed9t canh, n\u01b0\u1edbc m\u1eafm, \u1edbt d\u1ea7u \u0103n, ch\u1ea5t \u0111i\u1ec1u v\u1ecb INS 621.<\/p>\n<p>\ud83d\ude80Ch\u00fang t\u00f4i h\u1ed7 tr\u1ee3 giao h\u00e0ng ho\u1ea3 t\u1ed1c trong v\u00f2ng 2h t\u1ea1i H\u00e0 N\u1ed9i, nhanh ch\u00f3ng, ti\u1ec7n l\u1ee3i, \u0111\u1ea3m b\u1ea3o gi\u1eef \u0111\u01b0\u1ee3c \u0111\u1ed9 t\u01b0\u01a1i ngon chu\u1ea9n nh\u1ea5t c\u1ee7a s\u1ea3n ph\u1ea9m.<\/p>\n<p>\ud83d\udd16C\u00e1c s\u1ea3n ph\u1ea9m \u0111\u00e3 v\u00e0 \u0111ang \u0111\u01b0\u1ee3c b\u00e0y b\u00e1n t\u1ea1i c\u00e1c gian h\u00e0ng c\u1ee7a c\u00e1c si\u00eau th\u1ecb nh\u01b0 Win mark, Aeon, Fuji\u2026<\/p>\n<p><strong>\u00a0<\/strong><\/p>\n<h3><strong>Cam K\u1ebft Ch\u1ea5t L\u01b0\u1ee3ng<\/strong><\/h3>\n<p>\u2705 Ngu\u1ed3n g\u1ed1c xu\u1ea5t x\u1ee9 r\u00f5 r\u00e0ng<\/p>\n<p>\u2705 \u0110\u1ea3m b\u1ea3o v\u1ec7 sinh ATTP<\/p>\n<p>\u2705 Kh\u00f4ng s\u1eed d\u1ee5ng ch\u1ea5t b\u1ea3o qu\u1ea3n, ch\u1ea5t c\u1ea5m<\/p>\n<p>\u2705 100% t\u1eeb c\u00e1 t\u01b0\u01a1i s\u1ea1ch t\u1ea1i Than Uy\u00ean<\/p>\n<p>\u2705 H\u1ed7 tr\u1ee3 ho\u00e0n ti\u1ec1n, \u0111\u1ed5i tr\u1ea3 n\u1ebfu s\u1ea3n ph\u1ea9m kh\u00f4ng nh\u01b0 cam k\u1ebft c\u1ee7a shop<\/p>\n<p><strong>\u00a0<\/strong><\/p>\n<h3><strong>H\u01b0\u1edbng D\u1eabn S\u1eed D\u1ee5ng<\/strong><\/h3>\n<p>S\u1eed d\u1ee5ng n\u1ed3i chi\u00ean kh\u00f4ng d\u1ea7u: Cho ch\u1ea3 c\u00e1 L\u0103ng v\u00e0o n\u1ed3i chi\u00ean kh\u00f4ng d\u1ea7u, \u0111\u1eb7t nhi\u1ec7t \u0111\u1ed9 t\u1eeb 165 \u0111\u1ed9 C &#8211; 170 \u0111\u1ed9 C tu\u1ef3 v\u00e0o t\u1eebng model n\u1ed3i, chi\u00ean trong kho\u1ea3ng 7 ph\u00fat.<\/p>\n<p>Chi\u00ean b\u1eb1ng d\u1ea7u: \u0110un d\u1ea7u n\u00f3ng tr\u00ean ch\u1ea3o, khi d\u1ea7u \u0111\u00e3 \u0111\u1ee7 n\u00f3ng th\u00ec cho ch\u1ea3 c\u00e1 v\u00e0o chi\u00ean, khi chi\u00ean l\u01b0u \u00fd \u0111\u1ec3 nh\u1ecf l\u1eeda. Ch\u1ea3 C\u00e1 L\u0103ng v\u00e0ng \u0111\u1ec1u, d\u1eady m\u00f9i l\u00e0 \u0111\u00e3 ho\u00e0n th\u00e0nh v\u00e0 c\u00f3 th\u1ec3 th\u01b0\u1edfng th\u1ee9c ngay.<\/p>\n<p>\u26a0\ufe0fC\u1ea3nh B\u00e1o: Kh\u00f4ng s\u1eed d\u1ee5ng s\u1ea3n ph\u1ea9m khi c\u00f3 d\u1ea5u hi\u1ec7u h\u01b0 h\u1ecfng ho\u1eb7c qu\u00e1 h\u1ea1n s\u1eed d\u1ee5ng.<\/p>\n<p><strong>\u00a0<\/strong><\/p>\n<p><strong>\u00a0<\/strong><\/p>\n<p>&#8212;&#8212;&#8212;&#8212;&#8212;&#8212;&#8212;&#8212;&#8212;&#8212;&#8212;&#8212;&#8212;&#8212;&#8212;&#8212;&#8212;&#8212;&#8212;&#8212;&#8212;&#8212;<\/p>\n<h3><strong>HEALTHY FOOD AA \u2013 C\u00e1 Ngon T\u1eeb D\u00f2ng N\u01b0\u1edbc Ng\u1ecdt<\/strong><\/h3>\n<p>\u0110\u1ecba ch\u1ec9: B\u1ea3n C\u1ee7ng, x\u00e3 Ta Gia, huy\u1ec7n Than Uy\u00ean, t\u1ec9nh Lai Ch\u00e2u<\/p>\n<p>Chi nh\u00e1nh: 89 ph\u1ed1 D\u01b0\u01a1ng L\u00e2m, ph\u01b0\u1eddng V\u0103n Qu\u00e1n, qu\u1eadn H\u00e0 \u0110\u00f4ng, Tp. H\u00e0 N\u1ed9i<\/p>\n<p>Hotline: 088 9090 878<\/p>\n<p>Website: hfa.vn<\/p>\n<p>Fanpage: <a href=\"https:\/\/www.facebook.com\/htxthanuyen\">https:\/\/www.facebook.com\/htxthanuyen<\/a><\/p>\n<p>&nbsp;<\/p>\n","protected":false},"excerpt":{"rendered":"<p>Th\u00e0nh ph\u1ea7n: C\u00e1 L\u0103ng Phile (85%), Th\u1ecbt xay (13,5%), Th\u00ec l\u00e0, H\u00e0nh kh\u00f4, T\u1ecfi b\u0103m, Ti\u00eau xay, B\u1ed9t canh, n\u01b0\u1edbc M\u1eafm, \u1edat, D\u1ea7u \u0103n, ch\u1ea5t \u0111i\u1ec1u v\u1ecb in621. S\u1eed d\u1ee5ng bao b\u00ec PA, PE \u0111\u1ea3m b\u1ea3o v\u1ec7 sinh an to\u00e0n th\u1ef1c ph\u1ea9m<\/p>\n","protected":false},"featured_media":8637,"comment_status":"open","ping_status":"closed","template":"","meta":[],"product_brand":[],"product_cat":[77,83],"product_tag":[232],"class_list":{"0":"post-8377","1":"product","2":"type-product","3":"status-publish","4":"has-post-thumbnail","6":"product_cat-san-pham","7":"product_cat-san-pham-tu-ca","8":"product_tag-cha-ca-lang","10":"first","11":"instock","12":"shipping-taxable","13":"purchasable","14":"product-type-simple"},"yoast_head":"<!-- This site is optimized with the Yoast SEO plugin v26.5 - https:\/\/yoast.com\/wordpress\/plugins\/seo\/ -->\n<title>Ch\u1ea3 C\u00e1 L\u0103ng - 500gr - Healthy food AA<\/title>\n<meta name=\"description\" content=\"Th\u00e0nh ph\u1ea7n: C\u00e1 L\u0103ng Phile (85%), Th\u1ecbt xay (13,5%), Th\u00ec l\u00e0, H\u00e0nh kh\u00f4, T\u1ecfi b\u0103m, Ti\u00eau xay, B\u1ed9t canh, n\u01b0\u1edbc M\u1eafm, \u1edat, D\u1ea7u \u0103n, ch\u1ea5t \u0111i\u1ec1u v\u1ecb in621. S\u1eed d\u1ee5ng bao b\u00ec PA, PE \u0111\u1ea3m b\u1ea3o v\u1ec7 sinh an to\u00e0n th\u1ef1c ph\u1ea9m\" \/>\n<meta name=\"robots\" content=\"index, follow, max-snippet:-1, max-image-preview:large, max-video-preview:-1\" \/>\n<link rel=\"canonical\" href=\"https:\/\/hfa.vn\/product\/cha-ca-lang-aa\/\" \/>\n<meta property=\"og:locale\" content=\"vi_VN\" \/>\n<meta property=\"og:type\" content=\"article\" \/>\n<meta property=\"og:title\" content=\"Ch\u1ea3 C\u00e1 L\u0103ng - 500gr - Healthy food AA\" \/>\n<meta property=\"og:description\" content=\"Th\u00e0nh ph\u1ea7n: C\u00e1 L\u0103ng Phile (85%), Th\u1ecbt xay (13,5%), Th\u00ec l\u00e0, H\u00e0nh kh\u00f4, T\u1ecfi b\u0103m, Ti\u00eau xay, B\u1ed9t canh, n\u01b0\u1edbc M\u1eafm, \u1edat, D\u1ea7u \u0103n, ch\u1ea5t \u0111i\u1ec1u v\u1ecb in621. S\u1eed d\u1ee5ng bao b\u00ec PA, PE \u0111\u1ea3m b\u1ea3o v\u1ec7 sinh an to\u00e0n th\u1ef1c ph\u1ea9m\" \/>\n<meta property=\"og:url\" content=\"https:\/\/hfa.vn\/product\/cha-ca-lang-aa\/\" \/>\n<meta property=\"og:site_name\" content=\"Healthy food AA\" \/>\n<meta property=\"article:modified_time\" content=\"2024-04-11T09:19:02+00:00\" \/>\n<meta property=\"og:image\" content=\"https:\/\/hfa.vn\/wp-content\/uploads\/2023\/11\/Cha-Ca-Lang-AA-1.png\" \/>\n\t<meta property=\"og:image:width\" content=\"900\" \/>\n\t<meta property=\"og:image:height\" content=\"900\" \/>\n\t<meta property=\"og:image:type\" content=\"image\/png\" \/>\n<meta name=\"twitter:card\" content=\"summary_large_image\" \/>\n<meta name=\"twitter:label1\" content=\"\u01af\u1edbc t\u00ednh th\u1eddi gian \u0111\u1ecdc\" \/>\n\t<meta name=\"twitter:data1\" content=\"4 ph\u00fat\" \/>\n<script type=\"application\/ld+json\" class=\"yoast-schema-graph\">{\"@context\":\"https:\/\/schema.org\",\"@graph\":[{\"@type\":\"WebPage\",\"@id\":\"https:\/\/hfa.vn\/product\/cha-ca-lang-aa\/\",\"url\":\"https:\/\/hfa.vn\/product\/cha-ca-lang-aa\/\",\"name\":\"Ch\u1ea3 C\u00e1 L\u0103ng - 500gr - Healthy food AA\",\"isPartOf\":{\"@id\":\"https:\/\/hfa.vn\/#website\"},\"primaryImageOfPage\":{\"@id\":\"https:\/\/hfa.vn\/product\/cha-ca-lang-aa\/#primaryimage\"},\"image\":{\"@id\":\"https:\/\/hfa.vn\/product\/cha-ca-lang-aa\/#primaryimage\"},\"thumbnailUrl\":\"https:\/\/hfa.vn\/wp-content\/uploads\/2023\/11\/Cha-Ca-Lang-AA-1.png\",\"datePublished\":\"2023-11-22T10:03:38+00:00\",\"dateModified\":\"2024-04-11T09:19:02+00:00\",\"description\":\"Th\u00e0nh ph\u1ea7n: C\u00e1 L\u0103ng Phile (85%), Th\u1ecbt xay (13,5%), Th\u00ec l\u00e0, H\u00e0nh kh\u00f4, T\u1ecfi b\u0103m, Ti\u00eau xay, B\u1ed9t canh, n\u01b0\u1edbc M\u1eafm, \u1edat, D\u1ea7u \u0103n, ch\u1ea5t \u0111i\u1ec1u v\u1ecb in621. S\u1eed d\u1ee5ng bao b\u00ec PA, PE \u0111\u1ea3m b\u1ea3o v\u1ec7 sinh an to\u00e0n th\u1ef1c ph\u1ea9m\",\"breadcrumb\":{\"@id\":\"https:\/\/hfa.vn\/product\/cha-ca-lang-aa\/#breadcrumb\"},\"inLanguage\":\"vi\",\"potentialAction\":[{\"@type\":\"ReadAction\",\"target\":[\"https:\/\/hfa.vn\/product\/cha-ca-lang-aa\/\"]}]},{\"@type\":\"ImageObject\",\"inLanguage\":\"vi\",\"@id\":\"https:\/\/hfa.vn\/product\/cha-ca-lang-aa\/#primaryimage\",\"url\":\"https:\/\/hfa.vn\/wp-content\/uploads\/2023\/11\/Cha-Ca-Lang-AA-1.png\",\"contentUrl\":\"https:\/\/hfa.vn\/wp-content\/uploads\/2023\/11\/Cha-Ca-Lang-AA-1.png\",\"width\":900,\"height\":900},{\"@type\":\"BreadcrumbList\",\"@id\":\"https:\/\/hfa.vn\/product\/cha-ca-lang-aa\/#breadcrumb\",\"itemListElement\":[{\"@type\":\"ListItem\",\"position\":1,\"name\":\"Trang ch\u1ee7\",\"item\":\"https:\/\/hfa.vn\/\"},{\"@type\":\"ListItem\",\"position\":2,\"name\":\"Shop\",\"item\":\"https:\/\/hfa.vn\/?page_id=63\"},{\"@type\":\"ListItem\",\"position\":3,\"name\":\"Ch\u1ea3 C\u00e1 L\u0103ng &#8211; 500gr\"}]},{\"@type\":\"WebSite\",\"@id\":\"https:\/\/hfa.vn\/#website\",\"url\":\"https:\/\/hfa.vn\/\",\"name\":\"Healthy food AA\",\"description\":\"S\u1ee9c kh\u1ecfe kh\u00e1ch h\u00e0ng, S\u1ee9 m\u1ec7nh doanh nghi\u1ec7p; Healthy food AA n\u00e2ng t\u1ea7m s\u1ee9c kh\u1ecfe Vi\u1ec7t\",\"potentialAction\":[{\"@type\":\"SearchAction\",\"target\":{\"@type\":\"EntryPoint\",\"urlTemplate\":\"https:\/\/hfa.vn\/?s={search_term_string}\"},\"query-input\":{\"@type\":\"PropertyValueSpecification\",\"valueRequired\":true,\"valueName\":\"search_term_string\"}}],\"inLanguage\":\"vi\"}]}<\/script>\n<!-- \/ Yoast SEO plugin. -->","yoast_head_json":{"title":"Ch\u1ea3 C\u00e1 L\u0103ng - 500gr - Healthy food AA","description":"Th\u00e0nh ph\u1ea7n: C\u00e1 L\u0103ng Phile (85%), Th\u1ecbt xay (13,5%), Th\u00ec l\u00e0, H\u00e0nh kh\u00f4, T\u1ecfi b\u0103m, Ti\u00eau xay, B\u1ed9t canh, n\u01b0\u1edbc M\u1eafm, \u1edat, D\u1ea7u \u0103n, ch\u1ea5t \u0111i\u1ec1u v\u1ecb in621. S\u1eed d\u1ee5ng bao b\u00ec PA, PE \u0111\u1ea3m b\u1ea3o v\u1ec7 sinh an to\u00e0n th\u1ef1c ph\u1ea9m","robots":{"index":"index","follow":"follow","max-snippet":"max-snippet:-1","max-image-preview":"max-image-preview:large","max-video-preview":"max-video-preview:-1"},"canonical":"https:\/\/hfa.vn\/product\/cha-ca-lang-aa\/","og_locale":"vi_VN","og_type":"article","og_title":"Ch\u1ea3 C\u00e1 L\u0103ng - 500gr - Healthy food AA","og_description":"Th\u00e0nh ph\u1ea7n: C\u00e1 L\u0103ng Phile (85%), Th\u1ecbt xay (13,5%), Th\u00ec l\u00e0, H\u00e0nh kh\u00f4, T\u1ecfi b\u0103m, Ti\u00eau xay, B\u1ed9t canh, n\u01b0\u1edbc M\u1eafm, \u1edat, D\u1ea7u \u0103n, ch\u1ea5t \u0111i\u1ec1u v\u1ecb in621. S\u1eed d\u1ee5ng bao b\u00ec PA, PE \u0111\u1ea3m b\u1ea3o v\u1ec7 sinh an to\u00e0n th\u1ef1c ph\u1ea9m","og_url":"https:\/\/hfa.vn\/product\/cha-ca-lang-aa\/","og_site_name":"Healthy food AA","article_modified_time":"2024-04-11T09:19:02+00:00","og_image":[{"width":900,"height":900,"url":"https:\/\/hfa.vn\/wp-content\/uploads\/2023\/11\/Cha-Ca-Lang-AA-1.png","type":"image\/png"}],"twitter_card":"summary_large_image","twitter_misc":{"\u01af\u1edbc t\u00ednh th\u1eddi gian \u0111\u1ecdc":"4 ph\u00fat"},"schema":{"@context":"https:\/\/schema.org","@graph":[{"@type":"WebPage","@id":"https:\/\/hfa.vn\/product\/cha-ca-lang-aa\/","url":"https:\/\/hfa.vn\/product\/cha-ca-lang-aa\/","name":"Ch\u1ea3 C\u00e1 L\u0103ng - 500gr - Healthy food AA","isPartOf":{"@id":"https:\/\/hfa.vn\/#website"},"primaryImageOfPage":{"@id":"https:\/\/hfa.vn\/product\/cha-ca-lang-aa\/#primaryimage"},"image":{"@id":"https:\/\/hfa.vn\/product\/cha-ca-lang-aa\/#primaryimage"},"thumbnailUrl":"https:\/\/hfa.vn\/wp-content\/uploads\/2023\/11\/Cha-Ca-Lang-AA-1.png","datePublished":"2023-11-22T10:03:38+00:00","dateModified":"2024-04-11T09:19:02+00:00","description":"Th\u00e0nh ph\u1ea7n: C\u00e1 L\u0103ng Phile (85%), Th\u1ecbt xay (13,5%), Th\u00ec l\u00e0, H\u00e0nh kh\u00f4, T\u1ecfi b\u0103m, Ti\u00eau xay, B\u1ed9t canh, n\u01b0\u1edbc M\u1eafm, \u1edat, D\u1ea7u \u0103n, ch\u1ea5t \u0111i\u1ec1u v\u1ecb in621. S\u1eed d\u1ee5ng bao b\u00ec PA, PE \u0111\u1ea3m b\u1ea3o v\u1ec7 sinh an to\u00e0n th\u1ef1c ph\u1ea9m","breadcrumb":{"@id":"https:\/\/hfa.vn\/product\/cha-ca-lang-aa\/#breadcrumb"},"inLanguage":"vi","potentialAction":[{"@type":"ReadAction","target":["https:\/\/hfa.vn\/product\/cha-ca-lang-aa\/"]}]},{"@type":"ImageObject","inLanguage":"vi","@id":"https:\/\/hfa.vn\/product\/cha-ca-lang-aa\/#primaryimage","url":"https:\/\/hfa.vn\/wp-content\/uploads\/2023\/11\/Cha-Ca-Lang-AA-1.png","contentUrl":"https:\/\/hfa.vn\/wp-content\/uploads\/2023\/11\/Cha-Ca-Lang-AA-1.png","width":900,"height":900},{"@type":"BreadcrumbList","@id":"https:\/\/hfa.vn\/product\/cha-ca-lang-aa\/#breadcrumb","itemListElement":[{"@type":"ListItem","position":1,"name":"Trang ch\u1ee7","item":"https:\/\/hfa.vn\/"},{"@type":"ListItem","position":2,"name":"Shop","item":"https:\/\/hfa.vn\/?page_id=63"},{"@type":"ListItem","position":3,"name":"Ch\u1ea3 C\u00e1 L\u0103ng &#8211; 500gr"}]},{"@type":"WebSite","@id":"https:\/\/hfa.vn\/#website","url":"https:\/\/hfa.vn\/","name":"Healthy food AA","description":"S\u1ee9c kh\u1ecfe kh\u00e1ch h\u00e0ng, S\u1ee9 m\u1ec7nh doanh nghi\u1ec7p; Healthy food AA n\u00e2ng t\u1ea7m s\u1ee9c kh\u1ecfe Vi\u1ec7t","potentialAction":[{"@type":"SearchAction","target":{"@type":"EntryPoint","urlTemplate":"https:\/\/hfa.vn\/?s={search_term_string}"},"query-input":{"@type":"PropertyValueSpecification","valueRequired":true,"valueName":"search_term_string"}}],"inLanguage":"vi"}]}},"_links":{"self":[{"href":"https:\/\/hfa.vn\/index.php?rest_route=\/wp\/v2\/product\/8377","targetHints":{"allow":["GET"]}}],"collection":[{"href":"https:\/\/hfa.vn\/index.php?rest_route=\/wp\/v2\/product"}],"about":[{"href":"https:\/\/hfa.vn\/index.php?rest_route=\/wp\/v2\/types\/product"}],"replies":[{"embeddable":true,"href":"https:\/\/hfa.vn\/index.php?rest_route=%2Fwp%2Fv2%2Fcomments&post=8377"}],"wp:featuredmedia":[{"embeddable":true,"href":"https:\/\/hfa.vn\/index.php?rest_route=\/wp\/v2\/media\/8637"}],"wp:attachment":[{"href":"https:\/\/hfa.vn\/index.php?rest_route=%2Fwp%2Fv2%2Fmedia&parent=8377"}],"wp:term":[{"taxonomy":"product_brand","embeddable":true,"href":"https:\/\/hfa.vn\/index.php?rest_route=%2Fwp%2Fv2%2Fproduct_brand&post=8377"},{"taxonomy":"product_cat","embeddable":true,"href":"https:\/\/hfa.vn\/index.php?rest_route=%2Fwp%2Fv2%2Fproduct_cat&post=8377"},{"taxonomy":"product_tag","embeddable":true,"href":"https:\/\/hfa.vn\/index.php?rest_route=%2Fwp%2Fv2%2Fproduct_tag&post=8377"}],"curies":[{"name":"wp","href":"https:\/\/api.w.org\/{rel}","templated":true}]}}