
{"id":8562,"date":"2024-03-23T14:40:31","date_gmt":"2024-03-23T07:40:31","guid":{"rendered":"https:\/\/hfa.vn\/?post_type=product&#038;p=8562"},"modified":"2024-04-05T16:51:12","modified_gmt":"2024-04-05T09:51:12","slug":"cha-ca-ngon-aa-500gr-sao-chep","status":"publish","type":"product","link":"https:\/\/hfa.vn\/?product=cha-ca-ngon-aa-500gr-sao-chep","title":{"rendered":"Ch\u1ea3 C\u00e1 Ngon AA &#8211; 200gr"},"content":{"rendered":"<h3><strong>Gi\u1edbi Thi\u1ec7u Chung V\u1ec1 S\u1ea3n Ph\u1ea9m<\/strong><\/h3>\n<ul>\n<li>T\u00ean S\u1ea3n Ph\u1ea9m: Ch\u1ea3 C\u00e1 Ngon<\/li>\n<li>Th\u01b0\u01a1ng Hi\u1ec7u: Healthy Food AA<\/li>\n<li>Ngu\u1ed3n G\u1ed1c: Khu nu\u00f4i tr\u1ed3ng c\u00e1 s\u1ea1ch H\u1ee3p T\u00e1c X\u00e3 Than Uy\u00ean<\/li>\n<li>Quy C\u00e1ch \u0110\u00f3ng G\u00f3i: 200gr\/ G\u00f3i<\/li>\n<li>H\u1ea1n S\u1eed D\u1ee5ng: In tr\u00ean bao b\u00ec<\/li>\n<\/ul>\n<h3><strong>Th\u00f4ng Tin Chi Ti\u1ebft<\/strong><\/h3>\n<p>S\u1ea3n ph\u1ea9m \u201cCh\u1ea3 C\u00e1 Ngon AA\u201d l\u00e0m ho\u00e0n to\u00e0n t\u1eeb th\u1ecbt c\u00e1 file s\u1ea1ch, nh\u1eefng ch\u00fa c\u00e1 \u0111\u01b0\u1ee3c \u0111\u01b0\u1ee3c nu\u00f4i t\u1ea1i l\u00f2ng h\u1ed3 thu\u1ef7 \u0111i\u1ec7n Hu\u1ed5i Qu\u1ea3ng \u2013 Than Uy\u00ean, n\u01a1i \u0111\u00e2y c\u00f3 nh\u1eefng \u0111i\u1ec1u ki\u1ec7n t\u1ef1 nhi\u00ean thu\u1eadn l\u1ee3i \u0111\u1ec3 gi\u00fap c\u00e1 ph\u00e1t tri\u1ec3n t\u1ed1t nh\u01b0 ngu\u1ed3n n\u01b0\u1edbc xanh m\u00e1t c\u00f9ng kh\u00ed h\u1eadu h\u00e0i ho\u00e0. K\u1ebft h\u1ee3p v\u1edbi th\u1ecbt c\u00e1 ngon l\u00e0 c\u00e1c lo\u1ea1i gia v\u1ecb kh\u00f4ng th\u1ec3 thi\u1ebfu l\u00e0 rau Th\u00eca L\u00e0, H\u00e0nh, T\u1ecfi\u2026 T\u1ea5t c\u1ea3 ho\u00e0 quy\u1ec7n t\u1ea1o n\u00ean m\u00f3n ch\u1ea3 c\u00e1 dai gi\u00f2n, th\u01a1m ngon b\u00e9o ng\u1eady<\/p>\n<p>V\u1edbi \u201cCh\u1ea3 C\u00e1 Ngon AA\u201d kh\u00e1ch h\u00e0ng kh\u00f4ng ph\u1ea3i m\u1ea5t qu\u00e1 nhi\u1ec1u th\u1eddi gian cho vi\u1ec7c chu\u1ea9n b\u1ecb, n\u1ea5u n\u01b0\u1edbng, ch\u1ec9 v\u1edbi m\u1ed9t v\u00e0i thao t\u00e1c \u0111\u01a1n gi\u1ea3n v\u00e0 nhanh ch\u00f3ng l\u00e0 \u0111\u00e3 c\u00f3 th\u1ec3 th\u01b0\u1edfng th\u1ee9c ngay m\u00f3n Ch\u1ea3 C\u00e1 th\u01a1m ngon.<\/p>\n<p>\ud83d\ude80Ch\u00fang t\u00f4i h\u1ed7 tr\u1ee3 giao h\u00e0ng ho\u1ea3 t\u1ed1c trong v\u00f2ng 2h t\u1ea1i H\u00e0 N\u1ed9i, nhanh ch\u00f3ng, ti\u1ec7n l\u1ee3i, \u0111\u1ea3m b\u1ea3o gi\u1eef \u0111\u01b0\u1ee3c \u0111\u1ed9 t\u01b0\u01a1i ngon chu\u1ea9n nh\u1ea5t c\u1ee7a s\u1ea3n ph\u1ea9m.<\/p>\n<p>\ud83d\udd16C\u00e1c s\u1ea3n ph\u1ea9m \u0111\u00e3 v\u00e0 \u0111ang \u0111\u01b0\u1ee3c b\u00e0y b\u00e1n t\u1ea1i c\u00e1c gian h\u00e0ng c\u1ee7a c\u00e1c si\u00eau th\u1ecb nh\u01b0 Win mark, Aeon, Fuji\u2026<\/p>\n<h3><strong>Cam K\u1ebft Ch\u1ea5t L\u01b0\u1ee3ng<\/strong><\/h3>\n<p>\u2705 Ngu\u1ed3n g\u1ed1c xu\u1ea5t x\u1ee9 r\u00f5 r\u00e0ng<\/p>\n<p>\u2705 \u0110\u1ea3m b\u1ea3o v\u1ec7 sinh ATTP<\/p>\n<p>\u2705 Kh\u00f4ng s\u1eed d\u1ee5ng ch\u1ea5t b\u1ea3o qu\u1ea3n, ch\u1ea5t c\u1ea5m<\/p>\n<p>\u2705 100% t\u1eeb c\u00e1 t\u01b0\u01a1i s\u1ea1ch t\u1ea1i Than Uy\u00ean<\/p>\n<p>\u2705 H\u1ed7 tr\u1ee3 ho\u00e0n ti\u1ec1n, \u0111\u1ed5i tr\u1ea3 n\u1ebfu s\u1ea3n ph\u1ea9m kh\u00f4ng nh\u01b0 cam k\u1ebft c\u1ee7a shop<\/p>\n<p><strong>\u00a0<\/strong><\/p>\n<p>&#8212;&#8212;&#8212;&#8212;&#8212;&#8212;&#8212;&#8212;&#8212;&#8212;&#8212;&#8212;&#8212;&#8212;&#8212;&#8212;&#8212;&#8212;&#8212;&#8212;&#8212;&#8212;<\/p>\n<h3><strong>HEALTHY FOOD AA \u2013 C\u00e1 Ngon T\u1eeb D\u00f2ng N\u01b0\u1edbc Ng\u1ecdt<\/strong><\/h3>\n","protected":false},"excerpt":{"rendered":"<p>L\u00e0m t\u1eeb th\u1ecbt c\u00e1 phi l\u00ea s\u1ea1ch Than Uy\u00ean k\u1ebft h\u1ee3p v\u1edbi c\u00e1c lo\u1ea1i h\u01b0\u01a1ng v\u1ecb kh\u00e1c nhau mang \u0111\u1ebfn m\u00f3n ch\u1ea3 c\u00e1 th\u01a1m ngon, ti\u1ec7n l\u1ee3i ph\u00f9 h\u1ee3p cho m\u1ecdi gia \u0111\u00ecnh<\/p>\n","protected":false},"featured_media":8628,"comment_status":"open","ping_status":"closed","template":"","meta":[],"product_brand":[],"product_cat":[77,83],"product_tag":[238],"class_list":{"0":"post-8562","1":"product","2":"type-product","3":"status-publish","4":"has-post-thumbnail","6":"product_cat-san-pham","7":"product_cat-san-pham-tu-ca","8":"product_tag-cha-ca","10":"first","11":"instock","12":"shipping-taxable","13":"purchasable","14":"product-type-simple"},"yoast_head":"<!-- This site is optimized with the Yoast SEO plugin v26.5 - https:\/\/yoast.com\/wordpress\/plugins\/seo\/ -->\n<title>Ch\u1ea3 C\u00e1 Ngon AA - 200gr - Healthy food AA<\/title>\n<meta name=\"description\" content=\"L\u00e0m t\u1eeb th\u1ecbt c\u00e1 phi l\u00ea s\u1ea1ch Than Uy\u00ean k\u1ebft h\u1ee3p v\u1edbi c\u00e1c lo\u1ea1i h\u01b0\u01a1ng v\u1ecb kh\u00e1c nhau mang \u0111\u1ebfn m\u00f3n ch\u1ea3 c\u00e1 th\u01a1m ngon, ti\u1ec7n l\u1ee3i ph\u00f9 h\u1ee3p cho m\u1ecdi gia \u0111\u00ecnh\u00a0\" \/>\n<meta name=\"robots\" content=\"index, follow, max-snippet:-1, max-image-preview:large, max-video-preview:-1\" \/>\n<link rel=\"canonical\" href=\"https:\/\/hfa.vn\/product\/cha-ca-ngon-aa-500gr-sao-chep\/\" \/>\n<meta property=\"og:locale\" content=\"vi_VN\" \/>\n<meta property=\"og:type\" content=\"article\" \/>\n<meta property=\"og:title\" content=\"Ch\u1ea3 C\u00e1 Ngon AA - 200gr - Healthy food AA\" \/>\n<meta property=\"og:description\" content=\"L\u00e0m t\u1eeb th\u1ecbt c\u00e1 phi l\u00ea s\u1ea1ch Than Uy\u00ean k\u1ebft h\u1ee3p v\u1edbi c\u00e1c lo\u1ea1i h\u01b0\u01a1ng v\u1ecb kh\u00e1c nhau mang \u0111\u1ebfn m\u00f3n ch\u1ea3 c\u00e1 th\u01a1m ngon, ti\u1ec7n l\u1ee3i ph\u00f9 h\u1ee3p cho m\u1ecdi gia \u0111\u00ecnh\u00a0\" \/>\n<meta property=\"og:url\" content=\"https:\/\/hfa.vn\/product\/cha-ca-ngon-aa-500gr-sao-chep\/\" \/>\n<meta property=\"og:site_name\" content=\"Healthy food AA\" \/>\n<meta property=\"article:modified_time\" content=\"2024-04-05T09:51:12+00:00\" \/>\n<meta property=\"og:image\" content=\"https:\/\/hfa.vn\/wp-content\/uploads\/2024\/03\/Shoppe-Cha-Ca-Ngon-AA.png\" \/>\n\t<meta property=\"og:image:width\" content=\"900\" \/>\n\t<meta property=\"og:image:height\" content=\"900\" \/>\n\t<meta property=\"og:image:type\" content=\"image\/png\" \/>\n<meta name=\"twitter:card\" content=\"summary_large_image\" \/>\n<meta name=\"twitter:label1\" content=\"\u01af\u1edbc t\u00ednh th\u1eddi gian \u0111\u1ecdc\" \/>\n\t<meta name=\"twitter:data1\" content=\"2 ph\u00fat\" \/>\n<script type=\"application\/ld+json\" class=\"yoast-schema-graph\">{\"@context\":\"https:\/\/schema.org\",\"@graph\":[{\"@type\":\"WebPage\",\"@id\":\"https:\/\/hfa.vn\/product\/cha-ca-ngon-aa-500gr-sao-chep\/\",\"url\":\"https:\/\/hfa.vn\/product\/cha-ca-ngon-aa-500gr-sao-chep\/\",\"name\":\"Ch\u1ea3 C\u00e1 Ngon AA - 200gr - Healthy food AA\",\"isPartOf\":{\"@id\":\"https:\/\/hfa.vn\/#website\"},\"primaryImageOfPage\":{\"@id\":\"https:\/\/hfa.vn\/product\/cha-ca-ngon-aa-500gr-sao-chep\/#primaryimage\"},\"image\":{\"@id\":\"https:\/\/hfa.vn\/product\/cha-ca-ngon-aa-500gr-sao-chep\/#primaryimage\"},\"thumbnailUrl\":\"https:\/\/hfa.vn\/wp-content\/uploads\/2024\/03\/Shoppe-Cha-Ca-Ngon-AA.png\",\"datePublished\":\"2024-03-23T07:40:31+00:00\",\"dateModified\":\"2024-04-05T09:51:12+00:00\",\"description\":\"L\u00e0m t\u1eeb th\u1ecbt c\u00e1 phi l\u00ea s\u1ea1ch Than Uy\u00ean k\u1ebft h\u1ee3p v\u1edbi c\u00e1c lo\u1ea1i h\u01b0\u01a1ng v\u1ecb kh\u00e1c nhau mang \u0111\u1ebfn m\u00f3n ch\u1ea3 c\u00e1 th\u01a1m ngon, ti\u1ec7n l\u1ee3i ph\u00f9 h\u1ee3p cho m\u1ecdi gia \u0111\u00ecnh\u00a0\",\"breadcrumb\":{\"@id\":\"https:\/\/hfa.vn\/product\/cha-ca-ngon-aa-500gr-sao-chep\/#breadcrumb\"},\"inLanguage\":\"vi\",\"potentialAction\":[{\"@type\":\"ReadAction\",\"target\":[\"https:\/\/hfa.vn\/product\/cha-ca-ngon-aa-500gr-sao-chep\/\"]}]},{\"@type\":\"ImageObject\",\"inLanguage\":\"vi\",\"@id\":\"https:\/\/hfa.vn\/product\/cha-ca-ngon-aa-500gr-sao-chep\/#primaryimage\",\"url\":\"https:\/\/hfa.vn\/wp-content\/uploads\/2024\/03\/Shoppe-Cha-Ca-Ngon-AA.png\",\"contentUrl\":\"https:\/\/hfa.vn\/wp-content\/uploads\/2024\/03\/Shoppe-Cha-Ca-Ngon-AA.png\",\"width\":900,\"height\":900},{\"@type\":\"BreadcrumbList\",\"@id\":\"https:\/\/hfa.vn\/product\/cha-ca-ngon-aa-500gr-sao-chep\/#breadcrumb\",\"itemListElement\":[{\"@type\":\"ListItem\",\"position\":1,\"name\":\"Trang ch\u1ee7\",\"item\":\"https:\/\/hfa.vn\/\"},{\"@type\":\"ListItem\",\"position\":2,\"name\":\"Shop\",\"item\":\"https:\/\/hfa.vn\/?page_id=63\"},{\"@type\":\"ListItem\",\"position\":3,\"name\":\"Ch\u1ea3 C\u00e1 Ngon AA &#8211; 200gr\"}]},{\"@type\":\"WebSite\",\"@id\":\"https:\/\/hfa.vn\/#website\",\"url\":\"https:\/\/hfa.vn\/\",\"name\":\"Healthy food AA\",\"description\":\"S\u1ee9c kh\u1ecfe kh\u00e1ch h\u00e0ng, S\u1ee9 m\u1ec7nh doanh nghi\u1ec7p; Healthy food AA n\u00e2ng t\u1ea7m s\u1ee9c kh\u1ecfe Vi\u1ec7t\",\"potentialAction\":[{\"@type\":\"SearchAction\",\"target\":{\"@type\":\"EntryPoint\",\"urlTemplate\":\"https:\/\/hfa.vn\/?s={search_term_string}\"},\"query-input\":{\"@type\":\"PropertyValueSpecification\",\"valueRequired\":true,\"valueName\":\"search_term_string\"}}],\"inLanguage\":\"vi\"}]}<\/script>\n<!-- \/ Yoast SEO plugin. -->","yoast_head_json":{"title":"Ch\u1ea3 C\u00e1 Ngon AA - 200gr - Healthy food AA","description":"L\u00e0m t\u1eeb th\u1ecbt c\u00e1 phi l\u00ea s\u1ea1ch Than Uy\u00ean k\u1ebft h\u1ee3p v\u1edbi c\u00e1c lo\u1ea1i h\u01b0\u01a1ng v\u1ecb kh\u00e1c nhau mang \u0111\u1ebfn m\u00f3n ch\u1ea3 c\u00e1 th\u01a1m ngon, ti\u1ec7n l\u1ee3i ph\u00f9 h\u1ee3p cho m\u1ecdi gia \u0111\u00ecnh\u00a0","robots":{"index":"index","follow":"follow","max-snippet":"max-snippet:-1","max-image-preview":"max-image-preview:large","max-video-preview":"max-video-preview:-1"},"canonical":"https:\/\/hfa.vn\/product\/cha-ca-ngon-aa-500gr-sao-chep\/","og_locale":"vi_VN","og_type":"article","og_title":"Ch\u1ea3 C\u00e1 Ngon AA - 200gr - Healthy food AA","og_description":"L\u00e0m t\u1eeb th\u1ecbt c\u00e1 phi l\u00ea s\u1ea1ch Than Uy\u00ean k\u1ebft h\u1ee3p v\u1edbi c\u00e1c lo\u1ea1i h\u01b0\u01a1ng v\u1ecb kh\u00e1c nhau mang \u0111\u1ebfn m\u00f3n ch\u1ea3 c\u00e1 th\u01a1m ngon, ti\u1ec7n l\u1ee3i ph\u00f9 h\u1ee3p cho m\u1ecdi gia \u0111\u00ecnh\u00a0","og_url":"https:\/\/hfa.vn\/product\/cha-ca-ngon-aa-500gr-sao-chep\/","og_site_name":"Healthy food AA","article_modified_time":"2024-04-05T09:51:12+00:00","og_image":[{"width":900,"height":900,"url":"https:\/\/hfa.vn\/wp-content\/uploads\/2024\/03\/Shoppe-Cha-Ca-Ngon-AA.png","type":"image\/png"}],"twitter_card":"summary_large_image","twitter_misc":{"\u01af\u1edbc t\u00ednh th\u1eddi gian \u0111\u1ecdc":"2 ph\u00fat"},"schema":{"@context":"https:\/\/schema.org","@graph":[{"@type":"WebPage","@id":"https:\/\/hfa.vn\/product\/cha-ca-ngon-aa-500gr-sao-chep\/","url":"https:\/\/hfa.vn\/product\/cha-ca-ngon-aa-500gr-sao-chep\/","name":"Ch\u1ea3 C\u00e1 Ngon AA - 200gr - Healthy food AA","isPartOf":{"@id":"https:\/\/hfa.vn\/#website"},"primaryImageOfPage":{"@id":"https:\/\/hfa.vn\/product\/cha-ca-ngon-aa-500gr-sao-chep\/#primaryimage"},"image":{"@id":"https:\/\/hfa.vn\/product\/cha-ca-ngon-aa-500gr-sao-chep\/#primaryimage"},"thumbnailUrl":"https:\/\/hfa.vn\/wp-content\/uploads\/2024\/03\/Shoppe-Cha-Ca-Ngon-AA.png","datePublished":"2024-03-23T07:40:31+00:00","dateModified":"2024-04-05T09:51:12+00:00","description":"L\u00e0m t\u1eeb th\u1ecbt c\u00e1 phi l\u00ea s\u1ea1ch Than Uy\u00ean k\u1ebft h\u1ee3p v\u1edbi c\u00e1c lo\u1ea1i h\u01b0\u01a1ng v\u1ecb kh\u00e1c nhau mang \u0111\u1ebfn m\u00f3n ch\u1ea3 c\u00e1 th\u01a1m ngon, ti\u1ec7n l\u1ee3i ph\u00f9 h\u1ee3p cho m\u1ecdi gia \u0111\u00ecnh\u00a0","breadcrumb":{"@id":"https:\/\/hfa.vn\/product\/cha-ca-ngon-aa-500gr-sao-chep\/#breadcrumb"},"inLanguage":"vi","potentialAction":[{"@type":"ReadAction","target":["https:\/\/hfa.vn\/product\/cha-ca-ngon-aa-500gr-sao-chep\/"]}]},{"@type":"ImageObject","inLanguage":"vi","@id":"https:\/\/hfa.vn\/product\/cha-ca-ngon-aa-500gr-sao-chep\/#primaryimage","url":"https:\/\/hfa.vn\/wp-content\/uploads\/2024\/03\/Shoppe-Cha-Ca-Ngon-AA.png","contentUrl":"https:\/\/hfa.vn\/wp-content\/uploads\/2024\/03\/Shoppe-Cha-Ca-Ngon-AA.png","width":900,"height":900},{"@type":"BreadcrumbList","@id":"https:\/\/hfa.vn\/product\/cha-ca-ngon-aa-500gr-sao-chep\/#breadcrumb","itemListElement":[{"@type":"ListItem","position":1,"name":"Trang ch\u1ee7","item":"https:\/\/hfa.vn\/"},{"@type":"ListItem","position":2,"name":"Shop","item":"https:\/\/hfa.vn\/?page_id=63"},{"@type":"ListItem","position":3,"name":"Ch\u1ea3 C\u00e1 Ngon AA &#8211; 200gr"}]},{"@type":"WebSite","@id":"https:\/\/hfa.vn\/#website","url":"https:\/\/hfa.vn\/","name":"Healthy food AA","description":"S\u1ee9c kh\u1ecfe kh\u00e1ch h\u00e0ng, S\u1ee9 m\u1ec7nh doanh nghi\u1ec7p; Healthy food AA n\u00e2ng t\u1ea7m s\u1ee9c kh\u1ecfe Vi\u1ec7t","potentialAction":[{"@type":"SearchAction","target":{"@type":"EntryPoint","urlTemplate":"https:\/\/hfa.vn\/?s={search_term_string}"},"query-input":{"@type":"PropertyValueSpecification","valueRequired":true,"valueName":"search_term_string"}}],"inLanguage":"vi"}]}},"_links":{"self":[{"href":"https:\/\/hfa.vn\/index.php?rest_route=\/wp\/v2\/product\/8562","targetHints":{"allow":["GET"]}}],"collection":[{"href":"https:\/\/hfa.vn\/index.php?rest_route=\/wp\/v2\/product"}],"about":[{"href":"https:\/\/hfa.vn\/index.php?rest_route=\/wp\/v2\/types\/product"}],"replies":[{"embeddable":true,"href":"https:\/\/hfa.vn\/index.php?rest_route=%2Fwp%2Fv2%2Fcomments&post=8562"}],"wp:featuredmedia":[{"embeddable":true,"href":"https:\/\/hfa.vn\/index.php?rest_route=\/wp\/v2\/media\/8628"}],"wp:attachment":[{"href":"https:\/\/hfa.vn\/index.php?rest_route=%2Fwp%2Fv2%2Fmedia&parent=8562"}],"wp:term":[{"taxonomy":"product_brand","embeddable":true,"href":"https:\/\/hfa.vn\/index.php?rest_route=%2Fwp%2Fv2%2Fproduct_brand&post=8562"},{"taxonomy":"product_cat","embeddable":true,"href":"https:\/\/hfa.vn\/index.php?rest_route=%2Fwp%2Fv2%2Fproduct_cat&post=8562"},{"taxonomy":"product_tag","embeddable":true,"href":"https:\/\/hfa.vn\/index.php?rest_route=%2Fwp%2Fv2%2Fproduct_tag&post=8562"}],"curies":[{"name":"wp","href":"https:\/\/api.w.org\/{rel}","templated":true}]}}