
{"id":8581,"date":"2024-04-05T16:10:55","date_gmt":"2024-04-05T09:10:55","guid":{"rendered":"https:\/\/hfa.vn\/?post_type=product&#038;p=8581"},"modified":"2024-05-10T08:41:07","modified_gmt":"2024-05-10T01:41:07","slug":"tom-the-chan-trang","status":"publish","type":"product","link":"https:\/\/hfa.vn\/?product=tom-the-chan-trang","title":{"rendered":"T\u00f4m Th\u1ebb Ch\u00e2n Tr\u1eafng"},"content":{"rendered":"","protected":false},"excerpt":{"rendered":"<p>T\u00f4m Th\u1ebb Ch\u00e2n Tr\u1eafng \u0111\u01b0\u1ee3c nu\u00f4i b\u00e1n t\u1ef1 nhi\u00ean trong l\u00f2ng h\u1ed3 thu\u1ef7 \u0111i\u1ec7n Hu\u1ed5i Qu\u1ea3ng &#8211; Than Uy\u00ean \u0111em \u0111\u1ebfn m\u1ed9t s\u1ea3n ph\u1ea9m ch\u00e2t l\u01b0\u1ee3ng cao cho ng\u01b0\u1eddi ti\u00eau d\u00f9ng<\/p>\n","protected":false},"featured_media":8622,"comment_status":"open","ping_status":"closed","template":"","meta":[],"product_brand":[],"product_cat":[15],"product_tag":[],"class_list":{"0":"post-8581","1":"product","2":"type-product","3":"status-publish","4":"has-post-thumbnail","6":"product_cat-ca-qua-so-che","8":"first","9":"instock","10":"shipping-taxable","11":"purchasable","12":"product-type-simple"},"yoast_head":"<!-- This site is optimized with the Yoast SEO plugin v26.5 - https:\/\/yoast.com\/wordpress\/plugins\/seo\/ -->\n<title>T\u00f4m Th\u1ebb Ch\u00e2n Tr\u1eafng - Healthy food AA<\/title>\n<meta name=\"description\" content=\"T\u00f4m Th\u1ebb Ch\u00e2n Tr\u1eafng \u0111\u01b0\u1ee3c nu\u00f4i b\u00e1n t\u1ef1 nhi\u00ean trong l\u00f2ng h\u1ed3 thu\u1ef7 \u0111i\u1ec7n Hu\u1ed5i Qu\u1ea3ng - Than Uy\u00ean \u0111em \u0111\u1ebfn m\u1ed9t s\u1ea3n ph\u1ea9m ch\u00e2t l\u01b0\u1ee3ng cao cho ng\u01b0\u1eddi ti\u00eau d\u00f9ng\" \/>\n<meta name=\"robots\" content=\"index, follow, max-snippet:-1, max-image-preview:large, max-video-preview:-1\" \/>\n<link rel=\"canonical\" href=\"https:\/\/hfa.vn\/product\/tom-the-chan-trang\/\" \/>\n<meta property=\"og:locale\" content=\"vi_VN\" \/>\n<meta property=\"og:type\" content=\"article\" \/>\n<meta property=\"og:title\" content=\"T\u00f4m Th\u1ebb Ch\u00e2n Tr\u1eafng - Healthy food AA\" \/>\n<meta property=\"og:description\" content=\"T\u00f4m Th\u1ebb Ch\u00e2n Tr\u1eafng \u0111\u01b0\u1ee3c nu\u00f4i b\u00e1n t\u1ef1 nhi\u00ean trong l\u00f2ng h\u1ed3 thu\u1ef7 \u0111i\u1ec7n Hu\u1ed5i Qu\u1ea3ng - Than Uy\u00ean \u0111em \u0111\u1ebfn m\u1ed9t s\u1ea3n ph\u1ea9m ch\u00e2t l\u01b0\u1ee3ng cao cho ng\u01b0\u1eddi ti\u00eau d\u00f9ng\" \/>\n<meta property=\"og:url\" content=\"https:\/\/hfa.vn\/product\/tom-the-chan-trang\/\" \/>\n<meta property=\"og:site_name\" content=\"Healthy food AA\" \/>\n<meta property=\"article:modified_time\" content=\"2024-05-10T01:41:07+00:00\" \/>\n<meta property=\"og:image\" content=\"https:\/\/hfa.vn\/wp-content\/uploads\/2024\/03\/1-9.png\" \/>\n\t<meta property=\"og:image:width\" content=\"900\" \/>\n\t<meta property=\"og:image:height\" content=\"900\" \/>\n\t<meta property=\"og:image:type\" content=\"image\/png\" \/>\n<meta name=\"twitter:card\" content=\"summary_large_image\" \/>\n<meta name=\"twitter:label1\" content=\"\u01af\u1edbc t\u00ednh th\u1eddi gian \u0111\u1ecdc\" \/>\n\t<meta name=\"twitter:data1\" content=\"1 ph\u00fat\" \/>\n<script type=\"application\/ld+json\" class=\"yoast-schema-graph\">{\"@context\":\"https:\/\/schema.org\",\"@graph\":[{\"@type\":\"WebPage\",\"@id\":\"https:\/\/hfa.vn\/product\/tom-the-chan-trang\/\",\"url\":\"https:\/\/hfa.vn\/product\/tom-the-chan-trang\/\",\"name\":\"T\u00f4m Th\u1ebb Ch\u00e2n Tr\u1eafng - Healthy food AA\",\"isPartOf\":{\"@id\":\"https:\/\/hfa.vn\/#website\"},\"primaryImageOfPage\":{\"@id\":\"https:\/\/hfa.vn\/product\/tom-the-chan-trang\/#primaryimage\"},\"image\":{\"@id\":\"https:\/\/hfa.vn\/product\/tom-the-chan-trang\/#primaryimage\"},\"thumbnailUrl\":\"https:\/\/hfa.vn\/wp-content\/uploads\/2024\/03\/1-9.png\",\"datePublished\":\"2024-04-05T09:10:55+00:00\",\"dateModified\":\"2024-05-10T01:41:07+00:00\",\"description\":\"T\u00f4m Th\u1ebb Ch\u00e2n Tr\u1eafng \u0111\u01b0\u1ee3c nu\u00f4i b\u00e1n t\u1ef1 nhi\u00ean trong l\u00f2ng h\u1ed3 thu\u1ef7 \u0111i\u1ec7n Hu\u1ed5i Qu\u1ea3ng - Than Uy\u00ean \u0111em \u0111\u1ebfn m\u1ed9t s\u1ea3n ph\u1ea9m ch\u00e2t l\u01b0\u1ee3ng cao cho ng\u01b0\u1eddi ti\u00eau d\u00f9ng\",\"breadcrumb\":{\"@id\":\"https:\/\/hfa.vn\/product\/tom-the-chan-trang\/#breadcrumb\"},\"inLanguage\":\"vi\",\"potentialAction\":[{\"@type\":\"ReadAction\",\"target\":[\"https:\/\/hfa.vn\/product\/tom-the-chan-trang\/\"]}]},{\"@type\":\"ImageObject\",\"inLanguage\":\"vi\",\"@id\":\"https:\/\/hfa.vn\/product\/tom-the-chan-trang\/#primaryimage\",\"url\":\"https:\/\/hfa.vn\/wp-content\/uploads\/2024\/03\/1-9.png\",\"contentUrl\":\"https:\/\/hfa.vn\/wp-content\/uploads\/2024\/03\/1-9.png\",\"width\":900,\"height\":900},{\"@type\":\"BreadcrumbList\",\"@id\":\"https:\/\/hfa.vn\/product\/tom-the-chan-trang\/#breadcrumb\",\"itemListElement\":[{\"@type\":\"ListItem\",\"position\":1,\"name\":\"Trang ch\u1ee7\",\"item\":\"https:\/\/hfa.vn\/\"},{\"@type\":\"ListItem\",\"position\":2,\"name\":\"Shop\",\"item\":\"https:\/\/hfa.vn\/?page_id=63\"},{\"@type\":\"ListItem\",\"position\":3,\"name\":\"T\u00f4m Th\u1ebb Ch\u00e2n Tr\u1eafng\"}]},{\"@type\":\"WebSite\",\"@id\":\"https:\/\/hfa.vn\/#website\",\"url\":\"https:\/\/hfa.vn\/\",\"name\":\"Healthy food AA\",\"description\":\"S\u1ee9c kh\u1ecfe kh\u00e1ch h\u00e0ng, S\u1ee9 m\u1ec7nh doanh nghi\u1ec7p; Healthy food AA n\u00e2ng t\u1ea7m s\u1ee9c kh\u1ecfe Vi\u1ec7t\",\"potentialAction\":[{\"@type\":\"SearchAction\",\"target\":{\"@type\":\"EntryPoint\",\"urlTemplate\":\"https:\/\/hfa.vn\/?s={search_term_string}\"},\"query-input\":{\"@type\":\"PropertyValueSpecification\",\"valueRequired\":true,\"valueName\":\"search_term_string\"}}],\"inLanguage\":\"vi\"}]}<\/script>\n<!-- \/ Yoast SEO plugin. -->","yoast_head_json":{"title":"T\u00f4m Th\u1ebb Ch\u00e2n Tr\u1eafng - Healthy food AA","description":"T\u00f4m Th\u1ebb Ch\u00e2n Tr\u1eafng \u0111\u01b0\u1ee3c nu\u00f4i b\u00e1n t\u1ef1 nhi\u00ean trong l\u00f2ng h\u1ed3 thu\u1ef7 \u0111i\u1ec7n Hu\u1ed5i Qu\u1ea3ng - Than Uy\u00ean \u0111em \u0111\u1ebfn m\u1ed9t s\u1ea3n ph\u1ea9m ch\u00e2t l\u01b0\u1ee3ng cao cho ng\u01b0\u1eddi ti\u00eau d\u00f9ng","robots":{"index":"index","follow":"follow","max-snippet":"max-snippet:-1","max-image-preview":"max-image-preview:large","max-video-preview":"max-video-preview:-1"},"canonical":"https:\/\/hfa.vn\/product\/tom-the-chan-trang\/","og_locale":"vi_VN","og_type":"article","og_title":"T\u00f4m Th\u1ebb Ch\u00e2n Tr\u1eafng - Healthy food AA","og_description":"T\u00f4m Th\u1ebb Ch\u00e2n Tr\u1eafng \u0111\u01b0\u1ee3c nu\u00f4i b\u00e1n t\u1ef1 nhi\u00ean trong l\u00f2ng h\u1ed3 thu\u1ef7 \u0111i\u1ec7n Hu\u1ed5i Qu\u1ea3ng - Than Uy\u00ean \u0111em \u0111\u1ebfn m\u1ed9t s\u1ea3n ph\u1ea9m ch\u00e2t l\u01b0\u1ee3ng cao cho ng\u01b0\u1eddi ti\u00eau d\u00f9ng","og_url":"https:\/\/hfa.vn\/product\/tom-the-chan-trang\/","og_site_name":"Healthy food AA","article_modified_time":"2024-05-10T01:41:07+00:00","og_image":[{"width":900,"height":900,"url":"https:\/\/hfa.vn\/wp-content\/uploads\/2024\/03\/1-9.png","type":"image\/png"}],"twitter_card":"summary_large_image","twitter_misc":{"\u01af\u1edbc t\u00ednh th\u1eddi gian \u0111\u1ecdc":"1 ph\u00fat"},"schema":{"@context":"https:\/\/schema.org","@graph":[{"@type":"WebPage","@id":"https:\/\/hfa.vn\/product\/tom-the-chan-trang\/","url":"https:\/\/hfa.vn\/product\/tom-the-chan-trang\/","name":"T\u00f4m Th\u1ebb Ch\u00e2n Tr\u1eafng - Healthy food AA","isPartOf":{"@id":"https:\/\/hfa.vn\/#website"},"primaryImageOfPage":{"@id":"https:\/\/hfa.vn\/product\/tom-the-chan-trang\/#primaryimage"},"image":{"@id":"https:\/\/hfa.vn\/product\/tom-the-chan-trang\/#primaryimage"},"thumbnailUrl":"https:\/\/hfa.vn\/wp-content\/uploads\/2024\/03\/1-9.png","datePublished":"2024-04-05T09:10:55+00:00","dateModified":"2024-05-10T01:41:07+00:00","description":"T\u00f4m Th\u1ebb Ch\u00e2n Tr\u1eafng \u0111\u01b0\u1ee3c nu\u00f4i b\u00e1n t\u1ef1 nhi\u00ean trong l\u00f2ng h\u1ed3 thu\u1ef7 \u0111i\u1ec7n Hu\u1ed5i Qu\u1ea3ng - Than Uy\u00ean \u0111em \u0111\u1ebfn m\u1ed9t s\u1ea3n ph\u1ea9m ch\u00e2t l\u01b0\u1ee3ng cao cho ng\u01b0\u1eddi ti\u00eau d\u00f9ng","breadcrumb":{"@id":"https:\/\/hfa.vn\/product\/tom-the-chan-trang\/#breadcrumb"},"inLanguage":"vi","potentialAction":[{"@type":"ReadAction","target":["https:\/\/hfa.vn\/product\/tom-the-chan-trang\/"]}]},{"@type":"ImageObject","inLanguage":"vi","@id":"https:\/\/hfa.vn\/product\/tom-the-chan-trang\/#primaryimage","url":"https:\/\/hfa.vn\/wp-content\/uploads\/2024\/03\/1-9.png","contentUrl":"https:\/\/hfa.vn\/wp-content\/uploads\/2024\/03\/1-9.png","width":900,"height":900},{"@type":"BreadcrumbList","@id":"https:\/\/hfa.vn\/product\/tom-the-chan-trang\/#breadcrumb","itemListElement":[{"@type":"ListItem","position":1,"name":"Trang ch\u1ee7","item":"https:\/\/hfa.vn\/"},{"@type":"ListItem","position":2,"name":"Shop","item":"https:\/\/hfa.vn\/?page_id=63"},{"@type":"ListItem","position":3,"name":"T\u00f4m Th\u1ebb Ch\u00e2n Tr\u1eafng"}]},{"@type":"WebSite","@id":"https:\/\/hfa.vn\/#website","url":"https:\/\/hfa.vn\/","name":"Healthy food AA","description":"S\u1ee9c kh\u1ecfe kh\u00e1ch h\u00e0ng, S\u1ee9 m\u1ec7nh doanh nghi\u1ec7p; Healthy food AA n\u00e2ng t\u1ea7m s\u1ee9c kh\u1ecfe Vi\u1ec7t","potentialAction":[{"@type":"SearchAction","target":{"@type":"EntryPoint","urlTemplate":"https:\/\/hfa.vn\/?s={search_term_string}"},"query-input":{"@type":"PropertyValueSpecification","valueRequired":true,"valueName":"search_term_string"}}],"inLanguage":"vi"}]}},"_links":{"self":[{"href":"https:\/\/hfa.vn\/index.php?rest_route=\/wp\/v2\/product\/8581","targetHints":{"allow":["GET"]}}],"collection":[{"href":"https:\/\/hfa.vn\/index.php?rest_route=\/wp\/v2\/product"}],"about":[{"href":"https:\/\/hfa.vn\/index.php?rest_route=\/wp\/v2\/types\/product"}],"replies":[{"embeddable":true,"href":"https:\/\/hfa.vn\/index.php?rest_route=%2Fwp%2Fv2%2Fcomments&post=8581"}],"wp:featuredmedia":[{"embeddable":true,"href":"https:\/\/hfa.vn\/index.php?rest_route=\/wp\/v2\/media\/8622"}],"wp:attachment":[{"href":"https:\/\/hfa.vn\/index.php?rest_route=%2Fwp%2Fv2%2Fmedia&parent=8581"}],"wp:term":[{"taxonomy":"product_brand","embeddable":true,"href":"https:\/\/hfa.vn\/index.php?rest_route=%2Fwp%2Fv2%2Fproduct_brand&post=8581"},{"taxonomy":"product_cat","embeddable":true,"href":"https:\/\/hfa.vn\/index.php?rest_route=%2Fwp%2Fv2%2Fproduct_cat&post=8581"},{"taxonomy":"product_tag","embeddable":true,"href":"https:\/\/hfa.vn\/index.php?rest_route=%2Fwp%2Fv2%2Fproduct_tag&post=8581"}],"curies":[{"name":"wp","href":"https:\/\/api.w.org\/{rel}","templated":true}]}}