
{"id":8660,"date":"2024-04-12T16:15:22","date_gmt":"2024-04-12T09:15:22","guid":{"rendered":"https:\/\/hfa.vn\/?post_type=product&#038;p=8660"},"modified":"2024-05-10T08:39:33","modified_gmt":"2024-05-10T01:39:33","slug":"combo-lau-ca-dieu-hong-2-nguoi","status":"publish","type":"product","link":"https:\/\/hfa.vn\/?product=combo-lau-ca-dieu-hong-2-nguoi","title":{"rendered":"Combo L\u1ea9u C\u00e1 Di\u00eau H\u1ed3ng 2 Ng\u01b0\u1eddi"},"content":{"rendered":"<h3><strong>Gi\u1edbi Thi\u1ec7u Chung V\u1ec1 S\u1ea3n Ph\u1ea9m<\/strong><\/h3>\n<ul>\n<li>T\u00ean S\u1ea3n Ph\u1ea9m: Combo L\u1ea9u C\u00e1 Di\u00eau H\u1ed3ng Vi\u00ean Th\u1ea3 L\u1ea9u \u2013 2 Ng\u01b0\u1eddi<\/li>\n<li>Th\u01b0\u01a1ng Hi\u1ec7u: Healthy Food AA<\/li>\n<li>Ngu\u1ed3n G\u1ed1c: Khu nu\u00f4i tr\u1ed3ng c\u00e1 s\u1ea1ch H\u1ee3p T\u00e1c X\u00e3 Than Uy\u00ean<\/li>\n<li>H\u1ea1n S\u1eed D\u1ee5ng: 2 ng\u00e0y k\u1ec3 t\u1eeb ng\u00e0y s\u1ea3n xu\u1ea5t<\/li>\n<li>Th\u00e0nh Ph\u1ea7n: Th\u1ecbt c\u00e1 v\u00e0 \u0111\u1ea7u Di\u00eau H\u1ed3ng c\u00e1 300g, vi\u00ean th\u1ea3 l\u1ea9u 100g, g\u00f3i c\u1ed1t l\u1ea9u 250g, c\u00e1c lo\u1ea1i rau c\u1ea3i th\u1ea3o v\u00e0 c\u1ea3i xanh, c\u00e0 chua, d\u1ee9a \u1edbt&#8230;<\/li>\n<\/ul>\n<p>&nbsp;<\/p>\n<h3><strong>Th\u00f4ng Tin Chi Ti\u1ebft<\/strong><\/h3>\n<p>B\u1ea1n mu\u1ed1n th\u01b0\u1edfng th\u1ee9c m\u00f3n L\u1ea9u C\u00e1 Di\u00eau H\u1ed3ng th\u01a1m ngon h\u1ea5p d\u1eabn nh\u1eefng l\u1ea1i ch\u1ec9 c\u00f3 1 \u2013 2 ng\u01b0\u1eddi, N\u1ebfu mua \u0111\u1ed3 v\u1ec1 n\u1ea5u th\u00ec l\u1ea1i t\u1ed1n k\u00e9m chi ph\u00ed, c\u00f4ng s\u1ee9c v\u00e0 th\u1eddi gian ch\u1ebf bi\u1ebfn.<\/p>\n<p>\u0110\u1eebng lo khi \u0111\u00e3 c\u00f3 s\u1ea3n ph\u1ea9m \u201cCombo L\u1ea9u C\u00e1 Di\u00eau H\u1ed3ng Vi\u00ean Th\u1ea3 L\u1ea9u 2 Ng\u01b0\u1eddi AA\u201d, r\u1ea5t ti\u1ec7n l\u1ee3i v\u00e0 g\u1ea7n g\u0169i v\u1edbi ng\u01b0\u1eddi ti\u00eau d\u00f9ng, ch\u1ec9 v\u1edbi nh\u1eefng thao t\u00e1c c\u01a1 b\u1ea3n l\u00e0 b\u1ea1n \u0111\u00e3 c\u00f3 th\u1ec3 t\u1ea1o ra m\u1ed9t n\u1ed3i l\u1ea9u si\u00eau ngon d\u00e0nh cho c\u1ea3 gia \u0111\u00ecnh.<\/p>\n<p>Th\u00e0nh ph\u1ea7n trong combo \u0111\u1ec1u l\u00e0 nh\u1eefng s\u1ea3n ph\u1ea9m ch\u1ea5t l\u01b0\u1ee3ng cao, c\u00f3 ngu\u1ed3n g\u1ed1c r\u00f5 r\u00e0ng. C\u00e1 Di\u00eau H\u1ed3ng \u0111\u01b0\u1ee3c nu\u00f4i t\u1ea1i h\u1ed3 thu\u1ef7 \u0111i\u1ec7n Hu\u1ed5i Qu\u1ea3ng \u2013 Than Uy\u00ean \u2013 Lai Ch\u00e2u, n\u01a1i \u0111\u00e2y c\u00f3 nhi\u1ec1u \u0111i\u1ec1u ki\u1ec7n thu\u1eadn l\u1ee3i nh\u01b0 ngu\u1ed3n n\u01b0\u1edbc trong xanh, kh\u00ed h\u1eadu m\u00e1t m\u1ebb k\u1ebft h\u1ee3p m\u1edbi k\u0129 thu\u1eadt nu\u00f4i b\u00e1n thu\u1ef7 sinh gi\u00fap c\u00e1 Di\u00eau H\u1ed3ng \u0111\u1ea1t ch\u1ea5t l\u01b0\u1ee3ng cao.<\/p>\n<p>Trong combo \u0111\u00e3 c\u00f3 g\u00f3i n\u01b0\u1edbc c\u1ed1t l\u1ea9u c\u00f4 \u0111\u1eb7c ti\u1ec7n l\u1ee3i, \u0111\u01b0\u1ee3c ch\u1ebf bi\u1ebfn, n\u00eam n\u1ebfm theo c\u00f4ng th\u1ee9c \u0111\u1eb7c bi\u1ec7t gi\u00fap m\u00f3n l\u1ea9u th\u00eam \u0111\u1eadm v\u00ec ngon. Ngo\u00e0i ra b\u1ea1n c\u00f3 th\u1ec3 tho\u1ea3i m\u00e1i k\u1ebft h\u1ee3p c\u00e1c lo\u1ea1i \u0111\u1ed3 nh\u00fang kh\u00e1c nhau nh\u01b0 T\u00f4m, th\u1ecbt b\u00f2, x\u00fac x\u00edch, c\u00e1c lo\u1ea1i rau, n\u1ea5m\u2026<\/p>\n<p>&nbsp;<\/p>\n<h3><strong>H\u01b0\u1edbng D\u1eabn S\u1eed D\u1ee5ng<\/strong><\/h3>\n<p>B\u01b0\u1edbc 1: Phi h\u00e0nh th\u01a1m tr\u00ean b\u1ebfp sau \u0111\u00f3 cho th\u00eam 2 L\u00edt n\u01b0\u1edbc v\u00e0 \u0111un s\u00f4i<\/p>\n<p>B\u01b0\u1edbc 2: Pha 1 g\u00f3i N\u01b0\u1edbc C\u1ed1t L\u1ea9u C\u00e1 AA v\u00e0 khu\u1ea5y \u0111\u1ec1u<\/p>\n<p>B\u01b0\u1edbc 3: Cho th\u00eam c\u00e1c \u0111\u1ed3 nh\u00fang l\u1ea9u v\u00e0 th\u01b0\u1edfng th\u1ee9c<\/p>\n<p>&nbsp;<\/p>\n<h3><strong>Cam K\u1ebft Ch\u1ea5t L\u01b0\u1ee3ng<\/strong><\/h3>\n<p>\u2705 Ngu\u1ed3n g\u1ed1c xu\u1ea5t x\u1ee9 r\u00f5 r\u00e0ng<\/p>\n<p>\u2705 \u0110\u1ea3m b\u1ea3o v\u1ec7 sinh ATTP<\/p>\n<p>\u2705 Kh\u00f4ng s\u1eed d\u1ee5ng ch\u1ea5t b\u1ea3o qu\u1ea3n, ch\u1ea5t c\u1ea5m<\/p>\n<p>\u2705 100% t\u1eeb c\u00e1 t\u01b0\u01a1i s\u1ea1ch t\u1ea1i Than Uy\u00ean<\/p>\n<p>&#8212;&#8212;&#8212;&#8212;&#8212;&#8212;&#8212;&#8212;&#8212;&#8212;&#8212;&#8212;&#8212;&#8212;&#8212;&#8212;&#8212;&#8212;&#8212;&#8212;&#8212;&#8212;&#8212;&#8212;&#8212;&#8212;&#8212;&#8212;&#8212;&#8212;&#8212;&#8212;&#8211;<\/p>\n<h3>HEALTHY FOOD AA &#8211; C\u00e1 Ngon T\u1eeb D\u00f2ng N\u01b0\u1edbc Ng\u1ecdt<\/h3>\n<ul>\n<li>\u0110\u1ecba ch\u1ec9: B\u1ea3n C\u1ee7ng, x\u00e3 Ta Gia, huy\u1ec7n Than Uy\u00ean, t\u1ec9nh Lai Ch\u00e2u<\/li>\n<li>Chi nh\u00e1nh: 89 ph\u1ed1 D\u01b0\u01a1ng L\u00e2m, ph\u01b0\u1eddng V\u0103n Qu\u00e1n, qu\u1eadn H\u00e0 \u0110\u00f4ng, Tp. H\u00e0 N\u1ed9i<\/li>\n<li>Hotline: 088 9090 878<\/li>\n<li>Website: hfa.vn<\/li>\n<li>Fanpage: <a href=\"https:\/\/www.facebook.com\/htxthanuyen\">https:\/\/www.facebook.com\/htxthanuyen<\/a><\/li>\n<\/ul>\n","protected":false},"excerpt":{"rendered":"<p>Th\u00e0nh Ph\u1ea7n: Th\u1ecbt c\u00e1 v\u00e0 \u0111\u1ea7u Di\u00eau H\u1ed3ng c\u00e1 300g, vi\u00ean th\u1ea3 l\u1ea9u 100g, g\u00f3i c\u1ed1t l\u1ea9u 250g, c\u00e1c lo\u1ea1i rau c\u1ea3i th\u1ea3o v\u00e0 c\u1ea3i xanh, c\u00e0 chua, d\u1ee9a \u1edbt&#8230;<\/p>\n","protected":false},"featured_media":8662,"comment_status":"open","ping_status":"closed","template":"","meta":[],"product_brand":[],"product_cat":[79,77],"product_tag":[225],"class_list":{"0":"post-8660","1":"product","2":"type-product","3":"status-publish","4":"has-post-thumbnail","6":"product_cat-combo-lau","7":"product_cat-san-pham","8":"product_tag-combo-lau","10":"first","11":"instock","12":"shipping-taxable","13":"purchasable","14":"product-type-simple"},"yoast_head":"<!-- This site is optimized with the Yoast SEO plugin v26.5 - https:\/\/yoast.com\/wordpress\/plugins\/seo\/ -->\n<title>Combo L\u1ea9u C\u00e1 Di\u00eau H\u1ed3ng 2 Ng\u01b0\u1eddi - Healthy food AA<\/title>\n<meta name=\"robots\" content=\"index, follow, max-snippet:-1, max-image-preview:large, max-video-preview:-1\" \/>\n<link rel=\"canonical\" href=\"https:\/\/hfa.vn\/product\/combo-lau-ca-dieu-hong-2-nguoi\/\" \/>\n<meta property=\"og:locale\" content=\"vi_VN\" \/>\n<meta property=\"og:type\" content=\"article\" \/>\n<meta property=\"og:title\" content=\"Combo L\u1ea9u C\u00e1 Di\u00eau H\u1ed3ng 2 Ng\u01b0\u1eddi - Healthy food AA\" \/>\n<meta property=\"og:description\" content=\"Th\u00e0nh Ph\u1ea7n: Th\u1ecbt c\u00e1 v\u00e0 \u0111\u1ea7u Di\u00eau H\u1ed3ng c\u00e1 300g, vi\u00ean th\u1ea3 l\u1ea9u 100g, g\u00f3i c\u1ed1t l\u1ea9u 250g, c\u00e1c lo\u1ea1i rau c\u1ea3i th\u1ea3o v\u00e0 c\u1ea3i xanh, c\u00e0 chua, d\u1ee9a \u1edbt...\" \/>\n<meta property=\"og:url\" content=\"https:\/\/hfa.vn\/product\/combo-lau-ca-dieu-hong-2-nguoi\/\" \/>\n<meta property=\"og:site_name\" content=\"Healthy food AA\" \/>\n<meta property=\"article:modified_time\" content=\"2024-05-10T01:39:33+00:00\" \/>\n<meta property=\"og:image\" content=\"https:\/\/hfa.vn\/wp-content\/uploads\/2024\/04\/1-2.png\" \/>\n\t<meta property=\"og:image:width\" content=\"900\" \/>\n\t<meta property=\"og:image:height\" content=\"900\" \/>\n\t<meta property=\"og:image:type\" content=\"image\/png\" \/>\n<meta name=\"twitter:card\" content=\"summary_large_image\" \/>\n<meta name=\"twitter:label1\" content=\"\u01af\u1edbc t\u00ednh th\u1eddi gian \u0111\u1ecdc\" \/>\n\t<meta name=\"twitter:data1\" content=\"3 ph\u00fat\" \/>\n<script type=\"application\/ld+json\" class=\"yoast-schema-graph\">{\"@context\":\"https:\/\/schema.org\",\"@graph\":[{\"@type\":\"WebPage\",\"@id\":\"https:\/\/hfa.vn\/product\/combo-lau-ca-dieu-hong-2-nguoi\/\",\"url\":\"https:\/\/hfa.vn\/product\/combo-lau-ca-dieu-hong-2-nguoi\/\",\"name\":\"Combo L\u1ea9u C\u00e1 Di\u00eau H\u1ed3ng 2 Ng\u01b0\u1eddi - Healthy food AA\",\"isPartOf\":{\"@id\":\"https:\/\/hfa.vn\/#website\"},\"primaryImageOfPage\":{\"@id\":\"https:\/\/hfa.vn\/product\/combo-lau-ca-dieu-hong-2-nguoi\/#primaryimage\"},\"image\":{\"@id\":\"https:\/\/hfa.vn\/product\/combo-lau-ca-dieu-hong-2-nguoi\/#primaryimage\"},\"thumbnailUrl\":\"https:\/\/hfa.vn\/wp-content\/uploads\/2024\/04\/1-2.png\",\"datePublished\":\"2024-04-12T09:15:22+00:00\",\"dateModified\":\"2024-05-10T01:39:33+00:00\",\"breadcrumb\":{\"@id\":\"https:\/\/hfa.vn\/product\/combo-lau-ca-dieu-hong-2-nguoi\/#breadcrumb\"},\"inLanguage\":\"vi\",\"potentialAction\":[{\"@type\":\"ReadAction\",\"target\":[\"https:\/\/hfa.vn\/product\/combo-lau-ca-dieu-hong-2-nguoi\/\"]}]},{\"@type\":\"ImageObject\",\"inLanguage\":\"vi\",\"@id\":\"https:\/\/hfa.vn\/product\/combo-lau-ca-dieu-hong-2-nguoi\/#primaryimage\",\"url\":\"https:\/\/hfa.vn\/wp-content\/uploads\/2024\/04\/1-2.png\",\"contentUrl\":\"https:\/\/hfa.vn\/wp-content\/uploads\/2024\/04\/1-2.png\",\"width\":900,\"height\":900},{\"@type\":\"BreadcrumbList\",\"@id\":\"https:\/\/hfa.vn\/product\/combo-lau-ca-dieu-hong-2-nguoi\/#breadcrumb\",\"itemListElement\":[{\"@type\":\"ListItem\",\"position\":1,\"name\":\"Trang ch\u1ee7\",\"item\":\"https:\/\/hfa.vn\/\"},{\"@type\":\"ListItem\",\"position\":2,\"name\":\"Shop\",\"item\":\"https:\/\/hfa.vn\/?page_id=63\"},{\"@type\":\"ListItem\",\"position\":3,\"name\":\"Combo L\u1ea9u C\u00e1 Di\u00eau H\u1ed3ng 2 Ng\u01b0\u1eddi\"}]},{\"@type\":\"WebSite\",\"@id\":\"https:\/\/hfa.vn\/#website\",\"url\":\"https:\/\/hfa.vn\/\",\"name\":\"Healthy food AA\",\"description\":\"S\u1ee9c kh\u1ecfe kh\u00e1ch h\u00e0ng, S\u1ee9 m\u1ec7nh doanh nghi\u1ec7p; Healthy food AA n\u00e2ng t\u1ea7m s\u1ee9c kh\u1ecfe Vi\u1ec7t\",\"potentialAction\":[{\"@type\":\"SearchAction\",\"target\":{\"@type\":\"EntryPoint\",\"urlTemplate\":\"https:\/\/hfa.vn\/?s={search_term_string}\"},\"query-input\":{\"@type\":\"PropertyValueSpecification\",\"valueRequired\":true,\"valueName\":\"search_term_string\"}}],\"inLanguage\":\"vi\"}]}<\/script>\n<!-- \/ Yoast SEO plugin. -->","yoast_head_json":{"title":"Combo L\u1ea9u C\u00e1 Di\u00eau H\u1ed3ng 2 Ng\u01b0\u1eddi - Healthy food AA","robots":{"index":"index","follow":"follow","max-snippet":"max-snippet:-1","max-image-preview":"max-image-preview:large","max-video-preview":"max-video-preview:-1"},"canonical":"https:\/\/hfa.vn\/product\/combo-lau-ca-dieu-hong-2-nguoi\/","og_locale":"vi_VN","og_type":"article","og_title":"Combo L\u1ea9u C\u00e1 Di\u00eau H\u1ed3ng 2 Ng\u01b0\u1eddi - Healthy food AA","og_description":"Th\u00e0nh Ph\u1ea7n: Th\u1ecbt c\u00e1 v\u00e0 \u0111\u1ea7u Di\u00eau H\u1ed3ng c\u00e1 300g, vi\u00ean th\u1ea3 l\u1ea9u 100g, g\u00f3i c\u1ed1t l\u1ea9u 250g, c\u00e1c lo\u1ea1i rau c\u1ea3i th\u1ea3o v\u00e0 c\u1ea3i xanh, c\u00e0 chua, d\u1ee9a \u1edbt...","og_url":"https:\/\/hfa.vn\/product\/combo-lau-ca-dieu-hong-2-nguoi\/","og_site_name":"Healthy food AA","article_modified_time":"2024-05-10T01:39:33+00:00","og_image":[{"width":900,"height":900,"url":"https:\/\/hfa.vn\/wp-content\/uploads\/2024\/04\/1-2.png","type":"image\/png"}],"twitter_card":"summary_large_image","twitter_misc":{"\u01af\u1edbc t\u00ednh th\u1eddi gian \u0111\u1ecdc":"3 ph\u00fat"},"schema":{"@context":"https:\/\/schema.org","@graph":[{"@type":"WebPage","@id":"https:\/\/hfa.vn\/product\/combo-lau-ca-dieu-hong-2-nguoi\/","url":"https:\/\/hfa.vn\/product\/combo-lau-ca-dieu-hong-2-nguoi\/","name":"Combo L\u1ea9u C\u00e1 Di\u00eau H\u1ed3ng 2 Ng\u01b0\u1eddi - Healthy food AA","isPartOf":{"@id":"https:\/\/hfa.vn\/#website"},"primaryImageOfPage":{"@id":"https:\/\/hfa.vn\/product\/combo-lau-ca-dieu-hong-2-nguoi\/#primaryimage"},"image":{"@id":"https:\/\/hfa.vn\/product\/combo-lau-ca-dieu-hong-2-nguoi\/#primaryimage"},"thumbnailUrl":"https:\/\/hfa.vn\/wp-content\/uploads\/2024\/04\/1-2.png","datePublished":"2024-04-12T09:15:22+00:00","dateModified":"2024-05-10T01:39:33+00:00","breadcrumb":{"@id":"https:\/\/hfa.vn\/product\/combo-lau-ca-dieu-hong-2-nguoi\/#breadcrumb"},"inLanguage":"vi","potentialAction":[{"@type":"ReadAction","target":["https:\/\/hfa.vn\/product\/combo-lau-ca-dieu-hong-2-nguoi\/"]}]},{"@type":"ImageObject","inLanguage":"vi","@id":"https:\/\/hfa.vn\/product\/combo-lau-ca-dieu-hong-2-nguoi\/#primaryimage","url":"https:\/\/hfa.vn\/wp-content\/uploads\/2024\/04\/1-2.png","contentUrl":"https:\/\/hfa.vn\/wp-content\/uploads\/2024\/04\/1-2.png","width":900,"height":900},{"@type":"BreadcrumbList","@id":"https:\/\/hfa.vn\/product\/combo-lau-ca-dieu-hong-2-nguoi\/#breadcrumb","itemListElement":[{"@type":"ListItem","position":1,"name":"Trang ch\u1ee7","item":"https:\/\/hfa.vn\/"},{"@type":"ListItem","position":2,"name":"Shop","item":"https:\/\/hfa.vn\/?page_id=63"},{"@type":"ListItem","position":3,"name":"Combo L\u1ea9u C\u00e1 Di\u00eau H\u1ed3ng 2 Ng\u01b0\u1eddi"}]},{"@type":"WebSite","@id":"https:\/\/hfa.vn\/#website","url":"https:\/\/hfa.vn\/","name":"Healthy food AA","description":"S\u1ee9c kh\u1ecfe kh\u00e1ch h\u00e0ng, S\u1ee9 m\u1ec7nh doanh nghi\u1ec7p; Healthy food AA n\u00e2ng t\u1ea7m s\u1ee9c kh\u1ecfe Vi\u1ec7t","potentialAction":[{"@type":"SearchAction","target":{"@type":"EntryPoint","urlTemplate":"https:\/\/hfa.vn\/?s={search_term_string}"},"query-input":{"@type":"PropertyValueSpecification","valueRequired":true,"valueName":"search_term_string"}}],"inLanguage":"vi"}]}},"_links":{"self":[{"href":"https:\/\/hfa.vn\/index.php?rest_route=\/wp\/v2\/product\/8660","targetHints":{"allow":["GET"]}}],"collection":[{"href":"https:\/\/hfa.vn\/index.php?rest_route=\/wp\/v2\/product"}],"about":[{"href":"https:\/\/hfa.vn\/index.php?rest_route=\/wp\/v2\/types\/product"}],"replies":[{"embeddable":true,"href":"https:\/\/hfa.vn\/index.php?rest_route=%2Fwp%2Fv2%2Fcomments&post=8660"}],"wp:featuredmedia":[{"embeddable":true,"href":"https:\/\/hfa.vn\/index.php?rest_route=\/wp\/v2\/media\/8662"}],"wp:attachment":[{"href":"https:\/\/hfa.vn\/index.php?rest_route=%2Fwp%2Fv2%2Fmedia&parent=8660"}],"wp:term":[{"taxonomy":"product_brand","embeddable":true,"href":"https:\/\/hfa.vn\/index.php?rest_route=%2Fwp%2Fv2%2Fproduct_brand&post=8660"},{"taxonomy":"product_cat","embeddable":true,"href":"https:\/\/hfa.vn\/index.php?rest_route=%2Fwp%2Fv2%2Fproduct_cat&post=8660"},{"taxonomy":"product_tag","embeddable":true,"href":"https:\/\/hfa.vn\/index.php?rest_route=%2Fwp%2Fv2%2Fproduct_tag&post=8660"}],"curies":[{"name":"wp","href":"https:\/\/api.w.org\/{rel}","templated":true}]}}